{"id":12100,"date":"2024-04-24T03:02:06","date_gmt":"2024-04-24T03:02:06","guid":{"rendered":"https:\/\/www.nogometnionline.com\/?post_type=product&#038;p=12100"},"modified":"2024-04-24T03:02:10","modified_gmt":"2024-04-24T03:02:10","slug":"moski-nogometni-dresi-ekvador-domaci-copa-america-2024-kratek-rokav","status":"publish","type":"product","link":"https:\/\/www.nogometnizaotroke.com\/it\/product\/moski-nogometni-dresi-ekvador-domaci-copa-america-2024-kratek-rokav\/","title":{"rendered":"Mo\u0161ki Nogometni dresi Ekvador Doma\u010di Copa America 2024 Kratek Rokav"},"content":{"rendered":"<p>Mo\u0161ki Nogometni dresi Ekvador Doma\u010di Copa America 2024 Kratek Rokav<\/p>","protected":false},"excerpt":{"rendered":"<p>Mo\u0161ki Nogometni dresi Ekvador Doma\u010di Copa America 2024 Kratek Rokav<\/p>","protected":false},"featured_media":12102,"comment_status":"open","ping_status":"closed","template":"","meta":[],"product_brand":[],"product_cat":[140,138],"product_tag":[809,150,153,148,147],"class_list":{"0":"post-12100","1":"product","2":"type-product","3":"status-publish","4":"has-post-thumbnail","6":"product_cat-moski","7":"product_cat-dresi-ekvador-reprezentance","8":"product_tag-ekvador-copa-america-2024-dresi","9":"product_tag-moski-nogometni-dresi","10":"product_tag-nogometni-dresi","11":"product_tag-poceni-nogometni-dresi","12":"product_tag-slovenski-nogometni-dresi","14":"first","15":"instock","16":"shipping-taxable","17":"purchasable","18":"product-type-variable"},"_links":{"self":[{"href":"https:\/\/www.nogometnizaotroke.com\/it\/wp-json\/wp\/v2\/product\/12100","targetHints":{"allow":["GET"]}}],"collection":[{"href":"https:\/\/www.nogometnizaotroke.com\/it\/wp-json\/wp\/v2\/product"}],"about":[{"href":"https:\/\/www.nogometnizaotroke.com\/it\/wp-json\/wp\/v2\/types\/product"}],"replies":[{"embeddable":true,"href":"https:\/\/www.nogometnizaotroke.com\/it\/wp-json\/wp\/v2\/comments?post=12100"}],"wp:featuredmedia":[{"embeddable":true,"href":"https:\/\/www.nogometnizaotroke.com\/it\/wp-json\/wp\/v2\/media\/12102"}],"wp:attachment":[{"href":"https:\/\/www.nogometnizaotroke.com\/it\/wp-json\/wp\/v2\/media?parent=12100"}],"wp:term":[{"taxonomy":"product_brand","embeddable":true,"href":"https:\/\/www.nogometnizaotroke.com\/it\/wp-json\/wp\/v2\/product_brand?post=12100"},{"taxonomy":"product_cat","embeddable":true,"href":"https:\/\/www.nogometnizaotroke.com\/it\/wp-json\/wp\/v2\/product_cat?post=12100"},{"taxonomy":"product_tag","embeddable":true,"href":"https:\/\/www.nogometnizaotroke.com\/it\/wp-json\/wp\/v2\/product_tag?post=12100"}],"curies":[{"name":"wp","href":"https:\/\/api.w.org\/{rel}","templated":true}]}}