{"id":11650,"date":"2024-04-17T08:54:19","date_gmt":"2024-04-17T08:54:19","guid":{"rendered":"https:\/\/www.nogometnionline.com\/?post_type=product&#038;p=11650"},"modified":"2024-04-17T08:54:24","modified_gmt":"2024-04-17T08:54:24","slug":"poceni-moski-nogometni-dresi-spanija-gostujoci-euro-2024-rodri-hernandez-16","status":"publish","type":"product","link":"https:\/\/www.nogometnizaotroke.com\/it\/product\/poceni-moski-nogometni-dresi-spanija-gostujoci-euro-2024-rodri-hernandez-16\/","title":{"rendered":"Poceni Mo\u0161ki Nogometni dresi \u0160panija Gostujo\u010di Euro 2024 Rodri Hernandez 16"},"content":{"rendered":"<p>Poceni Mo\u0161ki Nogometni dresi \u0160panija Gostujo\u010di Euro 2024 Rodri Hernandez 16<\/p>","protected":false},"excerpt":{"rendered":"<p>Poceni Mo\u0161ki Nogometni dresi \u0160panija Gostujo\u010di Euro 2024 Rodri Hernandez 16<\/p>","protected":false},"featured_media":11652,"comment_status":"open","ping_status":"closed","template":"","meta":[],"product_brand":[],"product_cat":[778,140,85],"product_tag":[150,153,148,147,784],"class_list":{"0":"post-11650","1":"product","2":"type-product","3":"status-publish","4":"has-post-thumbnail","6":"product_cat-euro-2024","7":"product_cat-moski","8":"product_cat-dresi-spanija-reprezentance","9":"product_tag-moski-nogometni-dresi","10":"product_tag-nogometni-dresi","11":"product_tag-poceni-nogometni-dresi","12":"product_tag-slovenski-nogometni-dresi","13":"product_tag-spanija-euro-2024-dresi","15":"first","16":"instock","17":"shipping-taxable","18":"purchasable","19":"product-type-variable"},"_links":{"self":[{"href":"https:\/\/www.nogometnizaotroke.com\/it\/wp-json\/wp\/v2\/product\/11650","targetHints":{"allow":["GET"]}}],"collection":[{"href":"https:\/\/www.nogometnizaotroke.com\/it\/wp-json\/wp\/v2\/product"}],"about":[{"href":"https:\/\/www.nogometnizaotroke.com\/it\/wp-json\/wp\/v2\/types\/product"}],"replies":[{"embeddable":true,"href":"https:\/\/www.nogometnizaotroke.com\/it\/wp-json\/wp\/v2\/comments?post=11650"}],"wp:featuredmedia":[{"embeddable":true,"href":"https:\/\/www.nogometnizaotroke.com\/it\/wp-json\/wp\/v2\/media\/11652"}],"wp:attachment":[{"href":"https:\/\/www.nogometnizaotroke.com\/it\/wp-json\/wp\/v2\/media?parent=11650"}],"wp:term":[{"taxonomy":"product_brand","embeddable":true,"href":"https:\/\/www.nogometnizaotroke.com\/it\/wp-json\/wp\/v2\/product_brand?post=11650"},{"taxonomy":"product_cat","embeddable":true,"href":"https:\/\/www.nogometnizaotroke.com\/it\/wp-json\/wp\/v2\/product_cat?post=11650"},{"taxonomy":"product_tag","embeddable":true,"href":"https:\/\/www.nogometnizaotroke.com\/it\/wp-json\/wp\/v2\/product_tag?post=11650"}],"curies":[{"name":"wp","href":"https:\/\/api.w.org\/{rel}","templated":true}]}}