{"id":11473,"date":"2024-04-10T08:31:36","date_gmt":"2024-04-10T08:31:36","guid":{"rendered":"https:\/\/www.nogometnionline.com\/?post_type=product&#038;p=11473"},"modified":"2024-04-10T08:31:40","modified_gmt":"2024-04-10T08:31:40","slug":"moski-nogometni-dresi-nemcija-gostujoci-euro-2024-jamal-musiala-14","status":"publish","type":"product","link":"https:\/\/www.nogometnizaotroke.com\/it\/product\/moski-nogometni-dresi-nemcija-gostujoci-euro-2024-jamal-musiala-14\/","title":{"rendered":"Mo\u0161ki Nogometni dresi Nem\u010dija Gostujo\u010di Euro 2024 Jamal Musiala 14"},"content":{"rendered":"<p>Mo\u0161ki Nogometni dresi Nem\u010dija Gostujo\u010di Euro 2024 Jamal Musiala 14<\/p>","protected":false},"excerpt":{"rendered":"<p>Mo\u0161ki Nogometni dresi Nem\u010dija Gostujo\u010di Euro 2024 Jamal Musiala 14<\/p>","protected":false},"featured_media":11475,"comment_status":"open","ping_status":"closed","template":"","meta":[],"product_brand":[],"product_cat":[778,140,80],"product_tag":[150,779,153,148,147],"class_list":{"0":"post-11473","1":"product","2":"type-product","3":"status-publish","4":"has-post-thumbnail","6":"product_cat-euro-2024","7":"product_cat-moski","8":"product_cat-dresi-nemcija-reprezentance","9":"product_tag-moski-nogometni-dresi","10":"product_tag-nemcija-euro-2024-dresi","11":"product_tag-nogometni-dresi","12":"product_tag-poceni-nogometni-dresi","13":"product_tag-slovenski-nogometni-dresi","15":"first","16":"instock","17":"shipping-taxable","18":"purchasable","19":"product-type-variable"},"_links":{"self":[{"href":"https:\/\/www.nogometnizaotroke.com\/it\/wp-json\/wp\/v2\/product\/11473","targetHints":{"allow":["GET"]}}],"collection":[{"href":"https:\/\/www.nogometnizaotroke.com\/it\/wp-json\/wp\/v2\/product"}],"about":[{"href":"https:\/\/www.nogometnizaotroke.com\/it\/wp-json\/wp\/v2\/types\/product"}],"replies":[{"embeddable":true,"href":"https:\/\/www.nogometnizaotroke.com\/it\/wp-json\/wp\/v2\/comments?post=11473"}],"wp:featuredmedia":[{"embeddable":true,"href":"https:\/\/www.nogometnizaotroke.com\/it\/wp-json\/wp\/v2\/media\/11475"}],"wp:attachment":[{"href":"https:\/\/www.nogometnizaotroke.com\/it\/wp-json\/wp\/v2\/media?parent=11473"}],"wp:term":[{"taxonomy":"product_brand","embeddable":true,"href":"https:\/\/www.nogometnizaotroke.com\/it\/wp-json\/wp\/v2\/product_brand?post=11473"},{"taxonomy":"product_cat","embeddable":true,"href":"https:\/\/www.nogometnizaotroke.com\/it\/wp-json\/wp\/v2\/product_cat?post=11473"},{"taxonomy":"product_tag","embeddable":true,"href":"https:\/\/www.nogometnizaotroke.com\/it\/wp-json\/wp\/v2\/product_tag?post=11473"}],"curies":[{"name":"wp","href":"https:\/\/api.w.org\/{rel}","templated":true}]}}