{"id":26676,"date":"2025-09-18T02:34:00","date_gmt":"2025-09-18T02:34:00","guid":{"rendered":"https:\/\/www.nogometnizaotroke.com\/?post_type=product&#038;p=26676"},"modified":"2025-09-18T02:36:58","modified_gmt":"2025-09-18T02:36:58","slug":"manchester-city-domaci-2025-26-nogometni-dresi-nathan-ake-6","status":"publish","type":"product","link":"https:\/\/www.nogometnizaotroke.com\/hr\/product\/manchester-city-domaci-2025-26-nogometni-dresi-nathan-ake-6\/","title":{"rendered":"Manchester City Doma\u010di 2025-26 Nogometni dresi Nathan Ake 6"},"content":{"rendered":"<h3>Manchester City Doma\u010di 2025-26 Nogometni dresi Nathan Ake 6<\/h3>\n<p>Nasveti za nogavice: Majica ne vsebuje nogavic privzeto. \u010ce \u017eelite nogavice, izberite mo\u017enosti nogavic, da jih pla\u010date.<\/p>\n<p>Nasveti za tiskom: \u010ce sta ime in \u0161tevilka na sliki natanko to, kar \u017eelite, vam tega ni treba ve\u010d vna\u0161ati. \u010ce ni, potem vnesite \u017eeleno ime in \u0161tevilko.<\/p>\n<p>Nasveti za pranje: Priporo\u010dljivo je, da nogometni dresi operete ro\u010dno. \u010ce \u017eelite uporabiti pralni stroj, ne pozabite obrniti majice in jo nato oprati. In napolnite stroj s hladno vodo in uporabite ne\u017een cikel pranja, da boste bolj za\u0161\u010ditili barve.<\/p>","protected":false},"excerpt":{"rendered":"<p>Manchester City Doma\u010di 2025-26 Nogometni dresi Nathan Ake 6 Nasveti za nogavice: Majica ne vsebuje nogavic privzeto. \u010ce \u017eelite nogavice, izberite mo\u017enosti nogavic, da jih pla\u010date. Nasveti za tiskom: \u010ce sta ime in \u0161tevilka na sliki natanko to, kar \u017eelite, vam tega ni treba ve\u010d vna\u0161ati. \u010ce ni, potem vnesite \u017eeleno ime in \u0161tevilko. Nasveti [&hellip;]<\/p>","protected":false},"featured_media":26678,"comment_status":"open","ping_status":"closed","template":"","meta":[],"product_brand":[],"product_cat":[140,44],"product_tag":[483,837,150,1399,490,220,148,1175,147],"class_list":{"0":"post-26676","1":"product","2":"type-product","3":"status-publish","4":"has-post-thumbnail","6":"product_cat-moski","7":"product_cat-nogometni-dresi-manchester-city","8":"product_tag-dresi-manchester-city-za-otroke","9":"product_tag-dresi-za-nogomet","10":"product_tag-moski-nogometni-dresi","11":"product_tag-nathan-ake-dresi","12":"product_tag-nogometni-dresi-manchester-city-prodaja","13":"product_tag-nogometni-dresi-za-otroke","14":"product_tag-poceni-nogometni-dresi","15":"product_tag-poceni-nogometni-dresi-manchester-city","16":"product_tag-slovenski-nogometni-dresi","18":"first","19":"instock","20":"shipping-taxable","21":"purchasable","22":"product-type-variable"},"_links":{"self":[{"href":"https:\/\/www.nogometnizaotroke.com\/hr\/wp-json\/wp\/v2\/product\/26676","targetHints":{"allow":["GET"]}}],"collection":[{"href":"https:\/\/www.nogometnizaotroke.com\/hr\/wp-json\/wp\/v2\/product"}],"about":[{"href":"https:\/\/www.nogometnizaotroke.com\/hr\/wp-json\/wp\/v2\/types\/product"}],"replies":[{"embeddable":true,"href":"https:\/\/www.nogometnizaotroke.com\/hr\/wp-json\/wp\/v2\/comments?post=26676"}],"wp:featuredmedia":[{"embeddable":true,"href":"https:\/\/www.nogometnizaotroke.com\/hr\/wp-json\/wp\/v2\/media\/26678"}],"wp:attachment":[{"href":"https:\/\/www.nogometnizaotroke.com\/hr\/wp-json\/wp\/v2\/media?parent=26676"}],"wp:term":[{"taxonomy":"product_brand","embeddable":true,"href":"https:\/\/www.nogometnizaotroke.com\/hr\/wp-json\/wp\/v2\/product_brand?post=26676"},{"taxonomy":"product_cat","embeddable":true,"href":"https:\/\/www.nogometnizaotroke.com\/hr\/wp-json\/wp\/v2\/product_cat?post=26676"},{"taxonomy":"product_tag","embeddable":true,"href":"https:\/\/www.nogometnizaotroke.com\/hr\/wp-json\/wp\/v2\/product_tag?post=26676"}],"curies":[{"name":"wp","href":"https:\/\/api.w.org\/{rel}","templated":true}]}}