{"id":26200,"date":"2025-07-19T09:04:32","date_gmt":"2025-07-19T09:04:32","guid":{"rendered":"https:\/\/www.nogometnizaotroke.com\/?post_type=product&#038;p=26200"},"modified":"2025-07-19T09:19:40","modified_gmt":"2025-07-19T09:19:40","slug":"moski-dresi-real-madrid-domaci-2025-26-bela-luka-modric-10","status":"publish","type":"product","link":"https:\/\/www.nogometnizaotroke.com\/hr\/product\/moski-dresi-real-madrid-domaci-2025-26-bela-luka-modric-10\/","title":{"rendered":"Mo\u0161ki dresi Real Madrid Doma\u010di 2025-26 bela Luka Modric 10"},"content":{"rendered":"<h3>Mo\u0161ki dresi Real Madrid Doma\u010di 2025-26 bela<\/h3>\n<p>Kolekcija dresi Real Madrid 25\/26 je poklon enemu najbolj znanih stadionov v zgodovini nogometa, Santiago Bernab\u00e9uu. Doma\u010di dres je standardno bel s klasi\u010dnimi \u010drno-rumenimi poudarki, na prsih pa ga krasi subtilen ponavljajo\u010d se kro\u017eni vzorec. Vzorec spominja na videz Bernab\u00e9ua pred nedavno prenovo \u2013 vzorec na dresu naj bi navija\u010de spomnil na kro\u017eno stopni\u0161\u010de pred stadionom in stebre, ki obdajajo rob stadiona. Navsezadnje ni kraja, kot je dom.<\/p>\n<p>Nasveti za nogavice: Majica ne vsebuje nogavic privzeto. \u010ce \u017eelite nogavice, izberite mo\u017enosti nogavic, da jih pla\u010date.<\/p>\n<p>Nasveti za tiskom: \u010ce sta ime in \u0161tevilka na sliki natanko to, kar \u017eelite, vam tega ni treba ve\u010d vna\u0161ati. \u010ce ni, potem vnesite \u017eeleno ime in \u0161tevilko.<\/p>\n<p>Nasveti za pranje: Priporo\u010dljivo je, da nogometni dresi operete ro\u010dno. \u010ce \u017eelite uporabiti pralni stroj, ne pozabite obrniti majice in jo nato oprati. In napolnite stroj s hladno vodo in uporabite ne\u017een cikel pranja, da boste bolj za\u0161\u010ditili barve.<\/p>","protected":false},"excerpt":{"rendered":"<p>Mo\u0161ki dresi Real Madrid Doma\u010di 2025-26 bela Kolekcija dresi Real Madrid 25\/26 je poklon enemu najbolj znanih stadionov v zgodovini nogometa, Santiago Bernab\u00e9uu. Doma\u010di dres je standardno bel s klasi\u010dnimi \u010drno-rumenimi poudarki, na prsih pa ga krasi subtilen ponavljajo\u010d se kro\u017eni vzorec. Vzorec spominja na videz Bernab\u00e9ua pred nedavno prenovo \u2013 vzorec na dresu naj [&hellip;]<\/p>","protected":false},"featured_media":26202,"comment_status":"open","ping_status":"closed","template":"","meta":[],"product_brand":[],"product_cat":[140,33],"product_tag":[1142,150,464,148,1113,147],"class_list":{"0":"post-26200","1":"product","2":"type-product","3":"status-publish","4":"has-post-thumbnail","6":"product_cat-moski","7":"product_cat-nogometni-dresi-real-madrid","8":"product_tag-luka-modric-dresi","9":"product_tag-moski-nogometni-dresi","10":"product_tag-nogometni-dresi-real-madrid-prodaja","11":"product_tag-poceni-nogometni-dresi","12":"product_tag-poceni-nogometni-dresi-real-madrid","13":"product_tag-slovenski-nogometni-dresi","15":"first","16":"instock","17":"shipping-taxable","18":"purchasable","19":"product-type-variable"},"_links":{"self":[{"href":"https:\/\/www.nogometnizaotroke.com\/hr\/wp-json\/wp\/v2\/product\/26200","targetHints":{"allow":["GET"]}}],"collection":[{"href":"https:\/\/www.nogometnizaotroke.com\/hr\/wp-json\/wp\/v2\/product"}],"about":[{"href":"https:\/\/www.nogometnizaotroke.com\/hr\/wp-json\/wp\/v2\/types\/product"}],"replies":[{"embeddable":true,"href":"https:\/\/www.nogometnizaotroke.com\/hr\/wp-json\/wp\/v2\/comments?post=26200"}],"wp:featuredmedia":[{"embeddable":true,"href":"https:\/\/www.nogometnizaotroke.com\/hr\/wp-json\/wp\/v2\/media\/26202"}],"wp:attachment":[{"href":"https:\/\/www.nogometnizaotroke.com\/hr\/wp-json\/wp\/v2\/media?parent=26200"}],"wp:term":[{"taxonomy":"product_brand","embeddable":true,"href":"https:\/\/www.nogometnizaotroke.com\/hr\/wp-json\/wp\/v2\/product_brand?post=26200"},{"taxonomy":"product_cat","embeddable":true,"href":"https:\/\/www.nogometnizaotroke.com\/hr\/wp-json\/wp\/v2\/product_cat?post=26200"},{"taxonomy":"product_tag","embeddable":true,"href":"https:\/\/www.nogometnizaotroke.com\/hr\/wp-json\/wp\/v2\/product_tag?post=26200"}],"curies":[{"name":"wp","href":"https:\/\/api.w.org\/{rel}","templated":true}]}}