{"id":26046,"date":"2025-07-29T08:09:25","date_gmt":"2025-07-29T08:09:25","guid":{"rendered":"https:\/\/www.nogometnizaotroke.com\/?post_type=product&#038;p=26046"},"modified":"2025-07-29T08:13:27","modified_gmt":"2025-07-29T08:13:27","slug":"atletico-madrid-domaci-2025-26-moski-nogometni-dresi-rodrigo-de-paul-5","status":"publish","type":"product","link":"https:\/\/www.nogometnizaotroke.com\/hr\/product\/atletico-madrid-domaci-2025-26-moski-nogometni-dresi-rodrigo-de-paul-5\/","title":{"rendered":"Atletico Madrid Doma\u010di 2025-26 Mo\u0161ki Nogometni Dresi Rodrigo De Paul 5"},"content":{"rendered":"<h3>Atletico Madrid Doma\u010di 2025-26 Mo\u0161ki Nogometni Dresi<\/h3>\n<p>Doma\u010di dres Atletica Madrida 2025\/26 ima klasi\u010den rde\u010de-bel dizajn s \u010drtami in kontrastnim modrim logotipom ekipe. \u010crte se raztezajo do hrbta, kar pu\u0161\u010da prostor za \u0161tevilko igralca. \u017denski Nogometnih dresovi Atletico Madrid 2025\/26 je prvi dres Atletica Madrida od sezone 2019\/20, ki uporablja klasi\u010den dizajn s \u010drtami brez dodatnih oblikovalskih elementov. Ta dres, ki temelji na novem dizajnu za sezono 2025, ima rde\u010de-bel ovratnik z logotipom ekipe T90, kar mu daje sodoben in retro slog.<\/p>\n<p>Nasveti za nogavice: Majica ne vsebuje nogavic privzeto. \u010ce \u017eelite nogavice, izberite mo\u017enosti nogavic, da jih pla\u010date.<\/p>\n<p>Nasveti za tiskom: \u010ce sta ime in \u0161tevilka na sliki natanko to, kar \u017eelite, vam tega ni treba ve\u010d vna\u0161ati. \u010ce ni, potem vnesite \u017eeleno ime in \u0161tevilko.<\/p>\n<p>Nasveti za pranje: Priporo\u010dljivo je, da nogometni dresi operete ro\u010dno. \u010ce \u017eelite uporabiti pralni stroj, ne pozabite obrniti majice in jo nato oprati. In napolnite stroj s hladno vodo in uporabite ne\u017een cikel pranja, da boste bolj za\u0161\u010ditili barve.<\/p>","protected":false},"excerpt":{"rendered":"<p>Atletico Madrid Doma\u010di 2025-26 Mo\u0161ki Nogometni Dresi Doma\u010di dres Atletica Madrida 2025\/26 ima klasi\u010den rde\u010de-bel dizajn s \u010drtami in kontrastnim modrim logotipom ekipe. \u010crte se raztezajo do hrbta, kar pu\u0161\u010da prostor za \u0161tevilko igralca. \u017denski Nogometnih dresovi Atletico Madrid 2025\/26 je prvi dres Atletica Madrida od sezone 2019\/20, ki uporablja klasi\u010den dizajn s \u010drtami brez [&hellip;]<\/p>","protected":false},"featured_media":26048,"comment_status":"open","ping_status":"closed","template":"","meta":[],"product_brand":[],"product_cat":[140,41],"product_tag":[999,150,153,220,148,1386,147],"class_list":{"0":"post-26046","1":"product","2":"type-product","3":"status-publish","4":"has-post-thumbnail","6":"product_cat-moski","7":"product_cat-nogometni-dresi-atletico-madrid","8":"product_tag-dresi-atletico-madrid-za-otroke","9":"product_tag-moski-nogometni-dresi","10":"product_tag-nogometni-dresi","11":"product_tag-nogometni-dresi-za-otroke","12":"product_tag-poceni-nogometni-dresi","13":"product_tag-rodrigo-de-paul-dresi","14":"product_tag-slovenski-nogometni-dresi","16":"first","17":"instock","18":"shipping-taxable","19":"purchasable","20":"product-type-variable"},"_links":{"self":[{"href":"https:\/\/www.nogometnizaotroke.com\/hr\/wp-json\/wp\/v2\/product\/26046","targetHints":{"allow":["GET"]}}],"collection":[{"href":"https:\/\/www.nogometnizaotroke.com\/hr\/wp-json\/wp\/v2\/product"}],"about":[{"href":"https:\/\/www.nogometnizaotroke.com\/hr\/wp-json\/wp\/v2\/types\/product"}],"replies":[{"embeddable":true,"href":"https:\/\/www.nogometnizaotroke.com\/hr\/wp-json\/wp\/v2\/comments?post=26046"}],"wp:featuredmedia":[{"embeddable":true,"href":"https:\/\/www.nogometnizaotroke.com\/hr\/wp-json\/wp\/v2\/media\/26048"}],"wp:attachment":[{"href":"https:\/\/www.nogometnizaotroke.com\/hr\/wp-json\/wp\/v2\/media?parent=26046"}],"wp:term":[{"taxonomy":"product_brand","embeddable":true,"href":"https:\/\/www.nogometnizaotroke.com\/hr\/wp-json\/wp\/v2\/product_brand?post=26046"},{"taxonomy":"product_cat","embeddable":true,"href":"https:\/\/www.nogometnizaotroke.com\/hr\/wp-json\/wp\/v2\/product_cat?post=26046"},{"taxonomy":"product_tag","embeddable":true,"href":"https:\/\/www.nogometnizaotroke.com\/hr\/wp-json\/wp\/v2\/product_tag?post=26046"}],"curies":[{"name":"wp","href":"https:\/\/api.w.org\/{rel}","templated":true}]}}