{"id":26022,"date":"2025-08-23T13:16:27","date_gmt":"2025-08-23T13:16:27","guid":{"rendered":"https:\/\/www.nogometnizaotroke.com\/?post_type=product&#038;p=26022"},"modified":"2025-08-23T13:19:23","modified_gmt":"2025-08-23T13:19:23","slug":"juventus-vratar-dres-2025-26-rdeca-otroski-nogometni-kompleti","status":"publish","type":"product","link":"https:\/\/www.nogometnizaotroke.com\/hr\/product\/juventus-vratar-dres-2025-26-rdeca-otroski-nogometni-kompleti\/","title":{"rendered":"Juventus Vratar Dres 2025-26 Rde\u010da Otro\u0161ki Nogometni kompleti"},"content":{"rendered":"<h3>Juventus Vratar Dres 2025-26 Rde\u010da Otro\u0161ki Nogometni kompleti<\/h3>\n<p>Nasveti za nogavice: Majica ne vsebuje nogavic privzeto. \u010ce \u017eelite nogavice, izberite mo\u017enosti nogavic, da jih pla\u010date.<\/p>\n<p>Nasveti za tiskom: \u010ce sta ime in \u0161tevilka na sliki natanko to, kar \u017eelite, vam tega ni treba ve\u010d vna\u0161ati. \u010ce ni, potem vnesite \u017eeleno ime in \u0161tevilko.<\/p>\n<p>Nasveti za pranje: Priporo\u010dljivo je, da nogometni dresi operete ro\u010dno. \u010ce \u017eelite uporabiti pralni stroj, ne pozabite obrniti majice in jo nato oprati. In napolnite stroj s hladno vodo in uporabite ne\u017een cikel pranja, da boste bolj za\u0161\u010ditili barve.<\/p>","protected":false},"excerpt":{"rendered":"<p>Juventus Vratar Dres 2025-26 Rde\u010da Otro\u0161ki Nogometni kompleti Nasveti za nogavice: Majica ne vsebuje nogavic privzeto. \u010ce \u017eelite nogavice, izberite mo\u017enosti nogavic, da jih pla\u010date. Nasveti za tiskom: \u010ce sta ime in \u0161tevilka na sliki natanko to, kar \u017eelite, vam tega ni treba ve\u010d vna\u0161ati. \u010ce ni, potem vnesite \u017eeleno ime in \u0161tevilko. Nasveti za [&hellip;]<\/p>","protected":false},"featured_media":26024,"comment_status":"open","ping_status":"closed","template":"","meta":[],"product_brand":[],"product_cat":[73,36],"product_tag":[153,1095,159,148,1094,147],"class_list":{"0":"post-26022","1":"product","2":"type-product","3":"status-publish","4":"has-post-thumbnail","6":"product_cat-otroski","7":"product_cat-nogometni-dresi-juventus","8":"product_tag-nogometni-dresi","9":"product_tag-nogometni-dresi-juventus-z-lastnim-imenom","10":"product_tag-otroski-nogometni-dresi","11":"product_tag-poceni-nogometni-dresi","12":"product_tag-poceni-nogometni-dresi-juventus","13":"product_tag-slovenski-nogometni-dresi","15":"first","16":"instock","17":"shipping-taxable","18":"purchasable","19":"product-type-variable"},"_links":{"self":[{"href":"https:\/\/www.nogometnizaotroke.com\/hr\/wp-json\/wp\/v2\/product\/26022","targetHints":{"allow":["GET"]}}],"collection":[{"href":"https:\/\/www.nogometnizaotroke.com\/hr\/wp-json\/wp\/v2\/product"}],"about":[{"href":"https:\/\/www.nogometnizaotroke.com\/hr\/wp-json\/wp\/v2\/types\/product"}],"replies":[{"embeddable":true,"href":"https:\/\/www.nogometnizaotroke.com\/hr\/wp-json\/wp\/v2\/comments?post=26022"}],"wp:featuredmedia":[{"embeddable":true,"href":"https:\/\/www.nogometnizaotroke.com\/hr\/wp-json\/wp\/v2\/media\/26024"}],"wp:attachment":[{"href":"https:\/\/www.nogometnizaotroke.com\/hr\/wp-json\/wp\/v2\/media?parent=26022"}],"wp:term":[{"taxonomy":"product_brand","embeddable":true,"href":"https:\/\/www.nogometnizaotroke.com\/hr\/wp-json\/wp\/v2\/product_brand?post=26022"},{"taxonomy":"product_cat","embeddable":true,"href":"https:\/\/www.nogometnizaotroke.com\/hr\/wp-json\/wp\/v2\/product_cat?post=26022"},{"taxonomy":"product_tag","embeddable":true,"href":"https:\/\/www.nogometnizaotroke.com\/hr\/wp-json\/wp\/v2\/product_tag?post=26022"}],"curies":[{"name":"wp","href":"https:\/\/api.w.org\/{rel}","templated":true}]}}