{"id":25799,"date":"2025-08-16T07:49:43","date_gmt":"2025-08-16T07:49:43","guid":{"rendered":"https:\/\/www.nogometnizaotroke.com\/?post_type=product&#038;p=25799"},"modified":"2025-08-16T07:55:00","modified_gmt":"2025-08-16T07:55:00","slug":"nogometni-dresi-za-otroke-kompleti-manchester-united-vratar-2025-26-vijolicna-andre-onana-24","status":"publish","type":"product","link":"https:\/\/www.nogometnizaotroke.com\/hr\/product\/nogometni-dresi-za-otroke-kompleti-manchester-united-vratar-2025-26-vijolicna-andre-onana-24\/","title":{"rendered":"Nogometni dresi za otroke kompleti Manchester United Vratar 2025-26 vijoli\u010dna Andre Onana 24"},"content":{"rendered":"<h3>Nogometni dresi za otroke kompleti Manchester United Vratar 2025-26<\/h3>\n<p>Tips om tryck: Om namnet och numret p\u00e5 bilden \u00e4r exakt vad du vill beh\u00f6ver du inte ange den igen. Om inte, ska du ange \u00f6nskat namn och nummer.<\/p>\n<p>Tips om tv\u00e4tt: Det rekommenderas att tv\u00e4tta fotbollstr\u00f6ja f\u00f6r hand. Om du vill anv\u00e4nda tv\u00e4ttmaskin, kom ih\u00e5g att v\u00e4nda fotbollstr\u00f6ja sedan tv\u00e4tta den. Och fyll maskinen med kallt vatten och anv\u00e4nd en mild tv\u00e4ttcykel s\u00e5 att du kan skydda f\u00e4rgerna mer.<\/p>","protected":false},"excerpt":{"rendered":"<p>Nogometni dresi za otroke kompleti Manchester United Vratar 2025-26 Tips om tryck: Om namnet och numret p\u00e5 bilden \u00e4r exakt vad du vill beh\u00f6ver du inte ange den igen. Om inte, ska du ange \u00f6nskat namn och nummer. Tips om tv\u00e4tt: Det rekommenderas att tv\u00e4tta fotbollstr\u00f6ja f\u00f6r hand. Om du vill anv\u00e4nda tv\u00e4ttmaskin, kom ih\u00e5g [&hellip;]<\/p>","protected":false},"featured_media":25801,"comment_status":"open","ping_status":"closed","template":"","meta":[],"product_brand":[],"product_cat":[73,35],"product_tag":[1169,1838,837,220,457,159,148],"class_list":{"0":"post-25799","1":"product","2":"type-product","3":"status-publish","4":"has-post-thumbnail","6":"product_cat-otroski","7":"product_cat-nogometni-dresi-manchester-united","8":"product_tag-andre-onana-dresi","9":"product_tag-dresi-manchester-united-za-otroski","10":"product_tag-dresi-za-nogomet","11":"product_tag-nogometni-dresi-za-otroke","12":"product_tag-otroski-dresi-manchester-united-z-lastnim-imenom","13":"product_tag-otroski-nogometni-dresi","14":"product_tag-poceni-nogometni-dresi","16":"first","17":"instock","18":"shipping-taxable","19":"purchasable","20":"product-type-variable"},"_links":{"self":[{"href":"https:\/\/www.nogometnizaotroke.com\/hr\/wp-json\/wp\/v2\/product\/25799","targetHints":{"allow":["GET"]}}],"collection":[{"href":"https:\/\/www.nogometnizaotroke.com\/hr\/wp-json\/wp\/v2\/product"}],"about":[{"href":"https:\/\/www.nogometnizaotroke.com\/hr\/wp-json\/wp\/v2\/types\/product"}],"replies":[{"embeddable":true,"href":"https:\/\/www.nogometnizaotroke.com\/hr\/wp-json\/wp\/v2\/comments?post=25799"}],"wp:featuredmedia":[{"embeddable":true,"href":"https:\/\/www.nogometnizaotroke.com\/hr\/wp-json\/wp\/v2\/media\/25801"}],"wp:attachment":[{"href":"https:\/\/www.nogometnizaotroke.com\/hr\/wp-json\/wp\/v2\/media?parent=25799"}],"wp:term":[{"taxonomy":"product_brand","embeddable":true,"href":"https:\/\/www.nogometnizaotroke.com\/hr\/wp-json\/wp\/v2\/product_brand?post=25799"},{"taxonomy":"product_cat","embeddable":true,"href":"https:\/\/www.nogometnizaotroke.com\/hr\/wp-json\/wp\/v2\/product_cat?post=25799"},{"taxonomy":"product_tag","embeddable":true,"href":"https:\/\/www.nogometnizaotroke.com\/hr\/wp-json\/wp\/v2\/product_tag?post=25799"}],"curies":[{"name":"wp","href":"https:\/\/api.w.org\/{rel}","templated":true}]}}