{"id":25662,"date":"2025-07-03T07:40:44","date_gmt":"2025-07-03T07:40:44","guid":{"rendered":"https:\/\/www.nogometnizaotroke.com\/?post_type=product&#038;p=25662"},"modified":"2025-07-03T07:40:45","modified_gmt":"2025-07-03T07:40:45","slug":"kupiti-manchester-city-dresi-domaci-2025-26-moski-kompleti","status":"publish","type":"product","link":"https:\/\/www.nogometnizaotroke.com\/hr\/product\/kupiti-manchester-city-dresi-domaci-2025-26-moski-kompleti\/","title":{"rendered":"Kupiti Manchester City dresi Doma\u010di 2025-26 Mo\u0161ki kompleti"},"content":{"rendered":"<h3>Kupiti Manchester City dresi Doma\u010di 2025-26 Mo\u0161ki Nogometni kompleti<\/h3>\n<p>Manchester City dresi prvi\u010d nosi trak na svojem doma\u010dem dresu. Trak je klasi\u010den dizajn dresa v zgodovini nogometa, ki se obi\u010dajno pojavlja le na gostujo\u010dih dresih, v sodobnem nogometu pa se je vrnil in doda osebnost in slog vsakemu dresu in klubu. Manchester City dresi Sezona 25\/26 bo zagotovo prinesla renesanso za Manchester City, ki bo ta nebesno modri klasi\u010dni videz traku nosil skozi celotno sezono.<\/p>\n<p>Nasveti za nogavice: Majica ne vsebuje nogavic privzeto. \u010ce \u017eelite nogavice, izberite mo\u017enosti nogavic, da jih pla\u010date.<\/p>\n<p>Nasveti za tiskom: \u010ce sta ime in \u0161tevilka na sliki natanko to, kar \u017eelite, vam tega ni treba ve\u010d vna\u0161ati. \u010ce ni, potem vnesite \u017eeleno ime in \u0161tevilko.<\/p>\n<p>Nasveti za pranje: Priporo\u010dljivo je, da nogometni dresi operete ro\u010dno. \u010ce \u017eelite uporabiti pralni stroj, ne pozabite obrniti majice in jo nato oprati. In napolnite stroj s hladno vodo in uporabite ne\u017een cikel pranja, da boste bolj za\u0161\u010ditili barve.<\/p>","protected":false},"excerpt":{"rendered":"<p>Kupiti Manchester City dresi Doma\u010di 2025-26 Mo\u0161ki Nogometni kompleti Manchester City dresi prvi\u010d nosi trak na svojem doma\u010dem dresu. Trak je klasi\u010den dizajn dresa v zgodovini nogometa, ki se obi\u010dajno pojavlja le na gostujo\u010dih dresih, v sodobnem nogometu pa se je vrnil in doda osebnost in slog vsakemu dresu in klubu. Manchester City dresi Sezona [&hellip;]<\/p>","protected":false},"featured_media":25664,"comment_status":"open","ping_status":"closed","template":"","meta":[],"product_brand":[],"product_cat":[140,44],"product_tag":[483,837,150,490,220,148,1175,147],"class_list":{"0":"post-25662","1":"product","2":"type-product","3":"status-publish","4":"has-post-thumbnail","6":"product_cat-moski","7":"product_cat-nogometni-dresi-manchester-city","8":"product_tag-dresi-manchester-city-za-otroke","9":"product_tag-dresi-za-nogomet","10":"product_tag-moski-nogometni-dresi","11":"product_tag-nogometni-dresi-manchester-city-prodaja","12":"product_tag-nogometni-dresi-za-otroke","13":"product_tag-poceni-nogometni-dresi","14":"product_tag-poceni-nogometni-dresi-manchester-city","15":"product_tag-slovenski-nogometni-dresi","17":"first","18":"instock","19":"shipping-taxable","20":"purchasable","21":"product-type-variable"},"_links":{"self":[{"href":"https:\/\/www.nogometnizaotroke.com\/hr\/wp-json\/wp\/v2\/product\/25662","targetHints":{"allow":["GET"]}}],"collection":[{"href":"https:\/\/www.nogometnizaotroke.com\/hr\/wp-json\/wp\/v2\/product"}],"about":[{"href":"https:\/\/www.nogometnizaotroke.com\/hr\/wp-json\/wp\/v2\/types\/product"}],"replies":[{"embeddable":true,"href":"https:\/\/www.nogometnizaotroke.com\/hr\/wp-json\/wp\/v2\/comments?post=25662"}],"wp:featuredmedia":[{"embeddable":true,"href":"https:\/\/www.nogometnizaotroke.com\/hr\/wp-json\/wp\/v2\/media\/25664"}],"wp:attachment":[{"href":"https:\/\/www.nogometnizaotroke.com\/hr\/wp-json\/wp\/v2\/media?parent=25662"}],"wp:term":[{"taxonomy":"product_brand","embeddable":true,"href":"https:\/\/www.nogometnizaotroke.com\/hr\/wp-json\/wp\/v2\/product_brand?post=25662"},{"taxonomy":"product_cat","embeddable":true,"href":"https:\/\/www.nogometnizaotroke.com\/hr\/wp-json\/wp\/v2\/product_cat?post=25662"},{"taxonomy":"product_tag","embeddable":true,"href":"https:\/\/www.nogometnizaotroke.com\/hr\/wp-json\/wp\/v2\/product_tag?post=25662"}],"curies":[{"name":"wp","href":"https:\/\/api.w.org\/{rel}","templated":true}]}}