{"id":25638,"date":"2025-07-03T07:51:21","date_gmt":"2025-07-03T07:51:21","guid":{"rendered":"https:\/\/www.nogometnizaotroke.com\/?post_type=product&#038;p=25638"},"modified":"2025-07-19T03:57:49","modified_gmt":"2025-07-19T03:57:49","slug":"kupiti-portugalska-dresi-domaci-2025-26-otroski-nogometni-kompleti","status":"publish","type":"product","link":"https:\/\/www.nogometnizaotroke.com\/hr\/product\/kupiti-portugalska-dresi-domaci-2025-26-otroski-nogometni-kompleti\/","title":{"rendered":"Kupiti Portugalska dresi Doma\u010di 2025-26 Otro\u0161ki Nogometni kompleti"},"content":{"rendered":"<h3>Portugalska dresi Doma\u010di 2025-26 Otro\u0161ki Nogometni kompleti<\/h3>\n<p>Portugalski gostujo\u010di dres osvetljuje prihodnost. Drzna grafika in dinami\u010dna me\u0161anica rde\u010de in zelene barve slavita sti\u010di\u0161\u010de umetnosti, tehnologije in nogometa na Portugalskem danes. Dres \u00bbA Sele\u00e7\u00e3o das Quinas\u00ab, prva razli\u010dica nove dobe, je \u010drno-bel z rde\u010do in zeleno grafiko ter se tr\u017ei kot razli\u010dica portugalskega \u0161\u010dita \u00bbQuinas\u00ab. \u0160\u010dit se pojavlja tako na grbu ekipe (tukaj v polni barvi) kot na dr\u017eavnem emblemu iberske dr\u017eave.<\/p>\n<p>Avtenti\u010dni Portugalska dresi, ki jih igralci nosijo na igri\u0161\u010du, so izdelani s tehnologijo ULTRAWEAVE, ultralahke tkanine, zasnovane za zmogljivost, in imajo atletski kroj, ki ustreza zahtevam elitnega tekmovanja.<\/p>\n<p>Nasveti za nogavice: Majica ne vsebuje nogavic privzeto. \u010ce \u017eelite nogavice, izberite mo\u017enosti nogavic, da jih pla\u010date.<\/p>\n<p>Nasveti za tiskom: \u010ce sta ime in \u0161tevilka na sliki natanko to, kar \u017eelite, vam tega ni treba ve\u010d vna\u0161ati. \u010ce ni, potem vnesite \u017eeleno ime in \u0161tevilko.<\/p>\n<p>Nasveti za pranje: Priporo\u010dljivo je, da nogometni dresi operete ro\u010dno. \u010ce \u017eelite uporabiti pralni stroj, ne pozabite obrniti majice in jo nato oprati. In napolnite stroj s hladno vodo in uporabite ne\u017een cikel pranja, da boste bolj za\u0161\u010ditili barve.<\/p>","protected":false},"excerpt":{"rendered":"<p>Portugalska dresi Doma\u010di 2025-26 Otro\u0161ki Nogometni kompleti Portugalski gostujo\u010di dres osvetljuje prihodnost. Drzna grafika in dinami\u010dna me\u0161anica rde\u010de in zelene barve slavita sti\u010di\u0161\u010de umetnosti, tehnologije in nogometa na Portugalskem danes. Dres \u00bbA Sele\u00e7\u00e3o das Quinas\u00ab, prva razli\u010dica nove dobe, je \u010drno-bel z rde\u010do in zeleno grafiko ter se tr\u017ei kot razli\u010dica portugalskega \u0161\u010dita \u00bbQuinas\u00ab. \u0160\u010dit [&hellip;]<\/p>","protected":false},"featured_media":25640,"comment_status":"open","ping_status":"closed","template":"","meta":[],"product_brand":[],"product_cat":[73,84],"product_tag":[894,153,159,148,147],"class_list":{"0":"post-25638","1":"product","2":"type-product","3":"status-publish","4":"has-post-thumbnail","6":"product_cat-otroski","7":"product_cat-dresi-portugalska-reprezentance","8":"product_tag-cristiano-ronaldo-dresi","9":"product_tag-nogometni-dresi","10":"product_tag-otroski-nogometni-dresi","11":"product_tag-poceni-nogometni-dresi","12":"product_tag-slovenski-nogometni-dresi","14":"first","15":"instock","16":"shipping-taxable","17":"purchasable","18":"product-type-variable"},"_links":{"self":[{"href":"https:\/\/www.nogometnizaotroke.com\/hr\/wp-json\/wp\/v2\/product\/25638","targetHints":{"allow":["GET"]}}],"collection":[{"href":"https:\/\/www.nogometnizaotroke.com\/hr\/wp-json\/wp\/v2\/product"}],"about":[{"href":"https:\/\/www.nogometnizaotroke.com\/hr\/wp-json\/wp\/v2\/types\/product"}],"replies":[{"embeddable":true,"href":"https:\/\/www.nogometnizaotroke.com\/hr\/wp-json\/wp\/v2\/comments?post=25638"}],"wp:featuredmedia":[{"embeddable":true,"href":"https:\/\/www.nogometnizaotroke.com\/hr\/wp-json\/wp\/v2\/media\/25640"}],"wp:attachment":[{"href":"https:\/\/www.nogometnizaotroke.com\/hr\/wp-json\/wp\/v2\/media?parent=25638"}],"wp:term":[{"taxonomy":"product_brand","embeddable":true,"href":"https:\/\/www.nogometnizaotroke.com\/hr\/wp-json\/wp\/v2\/product_brand?post=25638"},{"taxonomy":"product_cat","embeddable":true,"href":"https:\/\/www.nogometnizaotroke.com\/hr\/wp-json\/wp\/v2\/product_cat?post=25638"},{"taxonomy":"product_tag","embeddable":true,"href":"https:\/\/www.nogometnizaotroke.com\/hr\/wp-json\/wp\/v2\/product_tag?post=25638"}],"curies":[{"name":"wp","href":"https:\/\/api.w.org\/{rel}","templated":true}]}}