{"id":25265,"date":"2025-06-16T09:47:05","date_gmt":"2025-06-16T09:47:05","guid":{"rendered":"https:\/\/www.nogometnizaotroke.com\/?post_type=product&#038;p=25265"},"modified":"2025-06-16T09:47:05","modified_gmt":"2025-06-16T09:47:05","slug":"benfica-gostujoci-2025-26-otroski-nogometni-dres-kompleti","status":"publish","type":"product","link":"https:\/\/www.nogometnizaotroke.com\/hr\/product\/benfica-gostujoci-2025-26-otroski-nogometni-dres-kompleti\/","title":{"rendered":"Benfica Gostujo\u010di 2025-26 Otro\u0161ki Nogometni dres kompleti"},"content":{"rendered":"<h3>Benfica Gostujo\u010di 2025-26 Otro\u0161ki Nogometni dres kompleti<\/h3>\n<p>Nasveti za nogavice: Majica ne vsebuje nogavic privzeto. \u010ce \u017eelite nogavice, izberite mo\u017enosti nogavic, da jih pla\u010date.<\/p>\n<p>Nasveti za tiskom: \u010ce sta ime in \u0161tevilka na sliki natanko to, kar \u017eelite, vam tega ni treba ve\u010d vna\u0161ati. \u010ce ni, potem vnesite \u017eeleno ime in \u0161tevilko.<\/p>\n<p>Nasveti za pranje: Priporo\u010dljivo je, da nogometni dresi operete ro\u010dno. \u010ce \u017eelite uporabiti pralni stroj, ne pozabite obrniti majice in jo nato oprati. In napolnite stroj s hladno vodo in uporabite ne\u017een cikel pranja, da boste bolj za\u0161\u010ditili barve.<\/p>","protected":false},"excerpt":{"rendered":"<p>Benfica Gostujo\u010di 2025-26 Otro\u0161ki Nogometni dres kompleti Nasveti za nogavice: Majica ne vsebuje nogavic privzeto. \u010ce \u017eelite nogavice, izberite mo\u017enosti nogavic, da jih pla\u010date. Nasveti za tiskom: \u010ce sta ime in \u0161tevilka na sliki natanko to, kar \u017eelite, vam tega ni treba ve\u010d vna\u0161ati. \u010ce ni, potem vnesite \u017eeleno ime in \u0161tevilko. Nasveti za pranje: [&hellip;]<\/p>","protected":false},"featured_media":25267,"comment_status":"open","ping_status":"closed","template":"","meta":[],"product_brand":[],"product_cat":[73,70],"product_tag":[524,1089,159,1088,525,148,147],"class_list":{"0":"post-25265","1":"product","2":"type-product","3":"status-publish","4":"has-post-thumbnail","6":"product_cat-otroski","7":"product_cat-nogometni-dresi-benfica","8":"product_tag-dresi-benfica-za-otroke","9":"product_tag-otroski-dresi-benfica-z-lastnim-imenom","10":"product_tag-otroski-nogometni-dresi","11":"product_tag-otroski-nogometni-dresi-benfica","12":"product_tag-otroski-nogometni-dresi-benfica-z-lastnim-imenom","13":"product_tag-poceni-nogometni-dresi","14":"product_tag-slovenski-nogometni-dresi","16":"first","17":"instock","18":"shipping-taxable","19":"purchasable","20":"product-type-variable"},"_links":{"self":[{"href":"https:\/\/www.nogometnizaotroke.com\/hr\/wp-json\/wp\/v2\/product\/25265","targetHints":{"allow":["GET"]}}],"collection":[{"href":"https:\/\/www.nogometnizaotroke.com\/hr\/wp-json\/wp\/v2\/product"}],"about":[{"href":"https:\/\/www.nogometnizaotroke.com\/hr\/wp-json\/wp\/v2\/types\/product"}],"replies":[{"embeddable":true,"href":"https:\/\/www.nogometnizaotroke.com\/hr\/wp-json\/wp\/v2\/comments?post=25265"}],"wp:featuredmedia":[{"embeddable":true,"href":"https:\/\/www.nogometnizaotroke.com\/hr\/wp-json\/wp\/v2\/media\/25267"}],"wp:attachment":[{"href":"https:\/\/www.nogometnizaotroke.com\/hr\/wp-json\/wp\/v2\/media?parent=25265"}],"wp:term":[{"taxonomy":"product_brand","embeddable":true,"href":"https:\/\/www.nogometnizaotroke.com\/hr\/wp-json\/wp\/v2\/product_brand?post=25265"},{"taxonomy":"product_cat","embeddable":true,"href":"https:\/\/www.nogometnizaotroke.com\/hr\/wp-json\/wp\/v2\/product_cat?post=25265"},{"taxonomy":"product_tag","embeddable":true,"href":"https:\/\/www.nogometnizaotroke.com\/hr\/wp-json\/wp\/v2\/product_tag?post=25265"}],"curies":[{"name":"wp","href":"https:\/\/api.w.org\/{rel}","templated":true}]}}