{"id":24302,"date":"2025-05-21T13:08:48","date_gmt":"2025-05-21T13:08:48","guid":{"rendered":"https:\/\/www.nogometnizaotroke.com\/?post_type=product&#038;p=24302"},"modified":"2025-05-24T10:27:39","modified_gmt":"2025-05-24T10:27:39","slug":"najcenejsi-otroske-nogometnih-dresov-ajax-vratar-2024-25-crna-z-lastnim-tiskom","status":"publish","type":"product","link":"https:\/\/www.nogometnizaotroke.com\/hr\/product\/najcenejsi-otroske-nogometnih-dresov-ajax-vratar-2024-25-crna-z-lastnim-tiskom\/","title":{"rendered":"Najcenej\u0161i Otro\u0161ke Nogometnih dresov Ajax Vratar 2024-25 \u010drna z lastnim tiskom"},"content":{"rendered":"<h3>Najcenej\u0161i Otro\u0161ki\u00a0nogometni\u00a0dresi kompleti Ajax Vratar 2024-25 \u010drna z lastnim tiskom<\/h3>\n<p>Nasveti za nogavice: Majica ne vsebuje nogavic privzeto. \u010ce \u017eelite nogavice, izberite mo\u017enosti nogavic, da jih pla\u010date.<\/p>\n<p>Nasveti za tiskom: \u010ce sta ime in \u0161tevilka na sliki natanko to, kar \u017eelite, vam tega ni treba ve\u010d vna\u0161ati. \u010ce ni, potem vnesite \u017eeleno ime in \u0161tevilko.<\/p>\n<p>Nasveti za pranje: Priporo\u010dljivo je, da nogometni dresi operete ro\u010dno. \u010ce \u017eelite uporabiti pralni stroj, ne pozabite obrniti majice in jo nato oprati. In napolnite stroj s hladno vodo in uporabite ne\u017een cikel pranja, da boste bolj za\u0161\u010ditili barve.<\/p>","protected":false},"excerpt":{"rendered":"<p>Najcenej\u0161i Otro\u0161ki\u00a0nogometni\u00a0dresi kompleti Ajax Vratar 2024-25 \u010drna z lastnim tiskom Nasveti za nogavice: Majica ne vsebuje nogavic privzeto. \u010ce \u017eelite nogavice, izberite mo\u017enosti nogavic, da jih pla\u010date. Nasveti za tiskom: \u010ce sta ime in \u0161tevilka na sliki natanko to, kar \u017eelite, vam tega ni treba ve\u010d vna\u0161ati. \u010ce ni, potem vnesite \u017eeleno ime in \u0161tevilko. [&hellip;]<\/p>","protected":false},"featured_media":24303,"comment_status":"open","ping_status":"closed","template":"","meta":[],"product_brand":[],"product_cat":[73,57],"product_tag":[1810,1811,1813,1814,1812,1809,220,1009,159,148],"class_list":{"0":"post-24302","1":"product","2":"type-product","3":"status-publish","4":"has-post-thumbnail","6":"product_cat-otroski","7":"product_cat-nogometni-dresi-ajax","8":"product_tag-ajax-dres-prodaja","9":"product_tag-ajax-dresi-2024","10":"product_tag-ajax-dresi-slovenija","11":"product_tag-ajax-dresi-trgovina","12":"product_tag-ajax-dresi-za-nogomet","13":"product_tag-ajax-dresi-za-otroke","14":"product_tag-nogometni-dresi-za-otroke","15":"product_tag-otroski-dresi-ajax-z-lastnim-imenom","16":"product_tag-otroski-nogometni-dresi","17":"product_tag-poceni-nogometni-dresi","19":"first","20":"instock","21":"shipping-taxable","22":"purchasable","23":"product-type-variable"},"_links":{"self":[{"href":"https:\/\/www.nogometnizaotroke.com\/hr\/wp-json\/wp\/v2\/product\/24302","targetHints":{"allow":["GET"]}}],"collection":[{"href":"https:\/\/www.nogometnizaotroke.com\/hr\/wp-json\/wp\/v2\/product"}],"about":[{"href":"https:\/\/www.nogometnizaotroke.com\/hr\/wp-json\/wp\/v2\/types\/product"}],"replies":[{"embeddable":true,"href":"https:\/\/www.nogometnizaotroke.com\/hr\/wp-json\/wp\/v2\/comments?post=24302"}],"wp:featuredmedia":[{"embeddable":true,"href":"https:\/\/www.nogometnizaotroke.com\/hr\/wp-json\/wp\/v2\/media\/24303"}],"wp:attachment":[{"href":"https:\/\/www.nogometnizaotroke.com\/hr\/wp-json\/wp\/v2\/media?parent=24302"}],"wp:term":[{"taxonomy":"product_brand","embeddable":true,"href":"https:\/\/www.nogometnizaotroke.com\/hr\/wp-json\/wp\/v2\/product_brand?post=24302"},{"taxonomy":"product_cat","embeddable":true,"href":"https:\/\/www.nogometnizaotroke.com\/hr\/wp-json\/wp\/v2\/product_cat?post=24302"},{"taxonomy":"product_tag","embeddable":true,"href":"https:\/\/www.nogometnizaotroke.com\/hr\/wp-json\/wp\/v2\/product_tag?post=24302"}],"curies":[{"name":"wp","href":"https:\/\/api.w.org\/{rel}","templated":true}]}}