{"id":24291,"date":"2025-05-21T12:54:31","date_gmt":"2025-05-21T12:54:31","guid":{"rendered":"https:\/\/www.nogometnizaotroke.com\/?post_type=product&#038;p=24291"},"modified":"2025-05-24T10:29:36","modified_gmt":"2025-05-24T10:29:36","slug":"kupiti-otroske-nogometnih-dresov-atletico-madrid-vratar-2024-25-oranzna-jan-oblak-13","status":"publish","type":"product","link":"https:\/\/www.nogometnizaotroke.com\/hr\/product\/kupiti-otroske-nogometnih-dresov-atletico-madrid-vratar-2024-25-oranzna-jan-oblak-13\/","title":{"rendered":"Kupiti Otro\u0161ke Nogometnih dresov Atletico Madrid Vratar 2024-25 oran\u017ena Jan Oblak 13"},"content":{"rendered":"<h3>Kupiti Otro\u0161ki Nogometni dresi Atletico Madrid Vratar 2024-25 oran\u017ena Jan Oblak 13<\/h3>\n<p>Nasveti za nogavice: Majica ne vsebuje nogavic privzeto. \u010ce \u017eelite nogavice, izberite mo\u017enosti nogavic, da jih pla\u010date.<\/p>\n<p>Nasveti za tiskom: \u010ce sta ime in \u0161tevilka na sliki natanko to, kar \u017eelite, vam tega ni treba ve\u010d vna\u0161ati. \u010ce ni, potem vnesite \u017eeleno ime in \u0161tevilko.<\/p>\n<p>Nasveti za pranje: Priporo\u010dljivo je, da nogometni dresi operete ro\u010dno. \u010ce \u017eelite uporabiti pralni stroj, ne pozabite obrniti majice in jo nato oprati. In napolnite stroj s hladno vodo in uporabite ne\u017een cikel pranja, da boste bolj za\u0161\u010ditili barve.<\/p>","protected":false},"excerpt":{"rendered":"<p>Kupiti Otro\u0161ki Nogometni dresi Atletico Madrid Vratar 2024-25 oran\u017ena Jan Oblak 13 Nasveti za nogavice: Majica ne vsebuje nogavic privzeto. \u010ce \u017eelite nogavice, izberite mo\u017enosti nogavic, da jih pla\u010date. Nasveti za tiskom: \u010ce sta ime in \u0161tevilka na sliki natanko to, kar \u017eelite, vam tega ni treba ve\u010d vna\u0161ati. \u010ce ni, potem vnesite \u017eeleno ime [&hellip;]<\/p>","protected":false},"featured_media":24293,"comment_status":"open","ping_status":"closed","template":"","meta":[],"product_brand":[],"product_cat":[73,41],"product_tag":[1804,1805,1806,1807,1808,1792,220,159,148],"class_list":{"0":"post-24291","1":"product","2":"type-product","3":"status-publish","4":"has-post-thumbnail","6":"product_cat-otroski","7":"product_cat-nogometni-dresi-atletico-madrid","8":"product_tag-atletico-madrid-dresi-prodaja","9":"product_tag-atletico-madrid-dresi-slovenija","10":"product_tag-atletico-madrid-dresi-trgovina","11":"product_tag-atletico-madrid-dresi-za-nogomet","12":"product_tag-atletico-madrid-dresi-za-otroke","13":"product_tag-jan-oblak-dresi","14":"product_tag-nogometni-dresi-za-otroke","15":"product_tag-otroski-nogometni-dresi","16":"product_tag-poceni-nogometni-dresi","18":"first","19":"instock","20":"shipping-taxable","21":"purchasable","22":"product-type-variable"},"_links":{"self":[{"href":"https:\/\/www.nogometnizaotroke.com\/hr\/wp-json\/wp\/v2\/product\/24291","targetHints":{"allow":["GET"]}}],"collection":[{"href":"https:\/\/www.nogometnizaotroke.com\/hr\/wp-json\/wp\/v2\/product"}],"about":[{"href":"https:\/\/www.nogometnizaotroke.com\/hr\/wp-json\/wp\/v2\/types\/product"}],"replies":[{"embeddable":true,"href":"https:\/\/www.nogometnizaotroke.com\/hr\/wp-json\/wp\/v2\/comments?post=24291"}],"wp:featuredmedia":[{"embeddable":true,"href":"https:\/\/www.nogometnizaotroke.com\/hr\/wp-json\/wp\/v2\/media\/24293"}],"wp:attachment":[{"href":"https:\/\/www.nogometnizaotroke.com\/hr\/wp-json\/wp\/v2\/media?parent=24291"}],"wp:term":[{"taxonomy":"product_brand","embeddable":true,"href":"https:\/\/www.nogometnizaotroke.com\/hr\/wp-json\/wp\/v2\/product_brand?post=24291"},{"taxonomy":"product_cat","embeddable":true,"href":"https:\/\/www.nogometnizaotroke.com\/hr\/wp-json\/wp\/v2\/product_cat?post=24291"},{"taxonomy":"product_tag","embeddable":true,"href":"https:\/\/www.nogometnizaotroke.com\/hr\/wp-json\/wp\/v2\/product_tag?post=24291"}],"curies":[{"name":"wp","href":"https:\/\/api.w.org\/{rel}","templated":true}]}}