{"id":23899,"date":"2025-03-17T13:05:41","date_gmt":"2025-03-17T13:05:41","guid":{"rendered":"https:\/\/www.nogometnizaotroke.com\/?post_type=product&#038;p=23899"},"modified":"2025-03-17T13:05:41","modified_gmt":"2025-03-17T13:05:41","slug":"zenske-nogometnih-dresov-paris-saint-germain-psg-gostujoci-2024-25","status":"publish","type":"product","link":"https:\/\/www.nogometnizaotroke.com\/hr\/product\/zenske-nogometnih-dresov-paris-saint-germain-psg-gostujoci-2024-25\/","title":{"rendered":"\u017denske Nogometnih dresov Paris Saint-Germain PSG Gostujo\u010di 2024-25"},"content":{"rendered":"<p>Dizajn \u017denske Nogometnih dresov PSG Gostujo\u010di 2024-25 \u010drpa navdih iz priljubljenega dresa iz devetdesetih let prej\u0161njega stoletja, ki vsebuje dve drzni rde\u010di in modri \u010drti na ostrem belem ozadju.Ta barvna shema spretno spominja na ikoni\u010dno silhueto Eifflovega stolpa in brezhibno zdru\u017euje pari\u0161ke znamenitosti z nogometno modo. \u010cas te izdaje je \u0161e posebej pomemben, saj sovpada s pripravami Pariza na gostiteljstvo olimpijskih iger leta 2024.<br \/>\nDres PSG 24\/25 Away je resni\u010dno poklon bogati zgodovini in dedi\u0161\u010dini Paris Saint-Germaina. Dres PSG \u010drpa navdih iz ikoni\u010dne silhuete Eifflovega stolpa in vsebuje dve izraziti rde\u010di in modri \u010drti na \u010distem belem ozadju. Ta dizajn je poklon slovitemu klubskemu dresu, ki so ga Pari\u017eani nosili v sezonah 1990-91 in 1991-92, kar simbolizira ponosno zapu\u0161\u010dino kluba. S pomikanjem v preteklost in osredoto\u010danjem na inovacije komplet 24\/25 Away pooseblja duh nove generacije kluba. Dres PSG predstavlja me\u0161anico tradicije in modernosti ter prikazuje razvoj in napredek Paris Saint-Germaina. Ta izjemen komplet ne bodo nosile le mo\u0161ke in \u017eenske profesionalne ekipe, temve\u010d tudi akademske ekipe, ki zdru\u017eujejo celotno skupnost Paris Saint-Germaina pod skupnim emblemom in identiteto. Slu\u017ei kot simbol ponosa in enotnosti za igralce in navija\u010de, zajema slavno preteklost kluba in navdihuje njegova prihodnja prizadevanja.<\/p>\n<p>Nasveti za nogavice: Majica ne vsebuje nogavic privzeto. \u010ce \u017eelite nogavice, izberite mo\u017enosti nogavic, da jih pla\u010date.<br \/>\nNasveti za tiskom: \u010ce sta ime in \u0161tevilka na sliki natanko to, kar \u017eelite, vam tega ni treba ve\u010d vna\u0161ati. \u010ce ni, potem vnesite \u017eeleno ime in \u0161tevilko.<\/p>\n<p>Nasveti za pranje: Priporo\u010dljivo je, da nogometni dresi operete ro\u010dno. \u010ce \u017eelite uporabiti pralni stroj, ne pozabite obrniti majice in jo nato oprati. In napolnite stroj s hladno vodo in uporabite ne\u017een cikel pranja, da boste bolj za\u0161\u010ditili barve.<\/p>","protected":false},"excerpt":{"rendered":"<p>Dizajn \u017denske Nogometnih dresov PSG Gostujo\u010di 2024-25 \u010drpa navdih iz priljubljenega dresa iz devetdesetih let prej\u0161njega stoletja, ki vsebuje dve drzni rde\u010di in modri \u010drti na ostrem belem ozadju.Ta barvna shema spretno spominja na ikoni\u010dno silhueto Eifflovega stolpa in brezhibno zdru\u017euje pari\u0161ke znamenitosti z nogometno modo. \u010cas te izdaje je \u0161e posebej pomemben, saj sovpada [&hellip;]<\/p>","protected":false},"featured_media":23901,"comment_status":"open","ping_status":"closed","template":"","meta":[],"product_brand":[],"product_cat":[74,37],"product_tag":[1742,1746,1743,1744,1628],"class_list":{"0":"post-23899","1":"product","2":"type-product","3":"status-publish","4":"has-post-thumbnail","6":"product_cat-zenski","7":"product_cat-nogometni-dresi-psg","8":"product_tag-dresi-psg-za-zenske","9":"product_tag-presnel-kimpembe-dres","10":"product_tag-zenske-dresi-psg-z-lastnim-imenom","11":"product_tag-zenske-nogometni-dresi-psg","12":"product_tag-zenske-nogometnih-dresov","14":"first","15":"instock","16":"shipping-taxable","17":"purchasable","18":"product-type-variable"},"_links":{"self":[{"href":"https:\/\/www.nogometnizaotroke.com\/hr\/wp-json\/wp\/v2\/product\/23899","targetHints":{"allow":["GET"]}}],"collection":[{"href":"https:\/\/www.nogometnizaotroke.com\/hr\/wp-json\/wp\/v2\/product"}],"about":[{"href":"https:\/\/www.nogometnizaotroke.com\/hr\/wp-json\/wp\/v2\/types\/product"}],"replies":[{"embeddable":true,"href":"https:\/\/www.nogometnizaotroke.com\/hr\/wp-json\/wp\/v2\/comments?post=23899"}],"wp:featuredmedia":[{"embeddable":true,"href":"https:\/\/www.nogometnizaotroke.com\/hr\/wp-json\/wp\/v2\/media\/23901"}],"wp:attachment":[{"href":"https:\/\/www.nogometnizaotroke.com\/hr\/wp-json\/wp\/v2\/media?parent=23899"}],"wp:term":[{"taxonomy":"product_brand","embeddable":true,"href":"https:\/\/www.nogometnizaotroke.com\/hr\/wp-json\/wp\/v2\/product_brand?post=23899"},{"taxonomy":"product_cat","embeddable":true,"href":"https:\/\/www.nogometnizaotroke.com\/hr\/wp-json\/wp\/v2\/product_cat?post=23899"},{"taxonomy":"product_tag","embeddable":true,"href":"https:\/\/www.nogometnizaotroke.com\/hr\/wp-json\/wp\/v2\/product_tag?post=23899"}],"curies":[{"name":"wp","href":"https:\/\/api.w.org\/{rel}","templated":true}]}}