{"id":23533,"date":"2025-02-25T08:45:48","date_gmt":"2025-02-25T08:45:48","guid":{"rendered":"https:\/\/www.nogometnizaotroke.com\/?post_type=product&#038;p=23533"},"modified":"2025-02-28T09:39:26","modified_gmt":"2025-02-28T09:39:26","slug":"zenske-nogometnih-dresov-manchester-city-domaci-2024-25-erling-haaland-9","status":"publish","type":"product","link":"https:\/\/www.nogometnizaotroke.com\/hr\/product\/zenske-nogometnih-dresov-manchester-city-domaci-2024-25-erling-haaland-9\/","title":{"rendered":"\u017denske Nogometnih dresov Manchester City Doma\u010di 2024-25 Erling Haaland 9"},"content":{"rendered":"<p>Ta majica \u017denske Manchester City FC 2024\/25 dresi v modri barvi je narejena iz gladkega, trpe\u017enega poli blaga za dolgotrajno udobje. Zasnovan s tehnologijo dryCELL za odvajanje znoja, se zgleduje po profesionalnem kompletu z rebrastim ovratnikom in kratkimi rokavi ter kontrastnimi \u010drnimi obrobami. Z imenom Kevina De Bruyna in \u0161t. 10, odtisnjenim na zadnji strani, je podpisan z blagovno znamko PUMA na prsih in legendarno zna\u010dko ekipe MCFC. Pralno v pralnem stroju.<\/p>\n<p>Nasveti za nogavice: Majica ne vsebuje nogavic privzeto. \u010ce \u017eelite nogavice, izberite mo\u017enosti nogavic, da jih pla\u010date.<\/p>\n<p>Nasveti za tiskom: \u010ce sta ime in \u0161tevilka na sliki natanko to, kar \u017eelite, vam tega ni treba ve\u010d vna\u0161ati. \u010ce ni, potem vnesite \u017eeleno ime in \u0161tevilko.<\/p>\n<p>Nasveti za pranje: Priporo\u010dljivo je, da nogometni dresi operete ro\u010dno. \u010ce \u017eelite uporabiti pralni stroj, ne pozabite obrniti majice in jo nato oprati. In napolnite stroj s hladno vodo in uporabite ne\u017een cikel pranja, da boste bolj za\u0161\u010ditili barve.<\/p>","protected":false},"excerpt":{"rendered":"<p>Ta majica \u017denske Manchester City FC 2024\/25 dresi v modri barvi je narejena iz gladkega, trpe\u017enega poli blaga za dolgotrajno udobje. Zasnovan s tehnologijo dryCELL za odvajanje znoja, se zgleduje po profesionalnem kompletu z rebrastim ovratnikom in kratkimi rokavi ter kontrastnimi \u010drnimi obrobami. Z imenom Kevina De Bruyna in \u0161t. 10, odtisnjenim na zadnji strani, [&hellip;]<\/p>","protected":false},"featured_media":23535,"comment_status":"open","ping_status":"closed","template":"","meta":[],"product_brand":[],"product_cat":[74,44],"product_tag":[1071,1641,1072,1070,1628],"class_list":{"0":"post-23533","1":"product","2":"type-product","3":"status-publish","4":"has-post-thumbnail","6":"product_cat-zenski","7":"product_cat-nogometni-dresi-manchester-city","8":"product_tag-dresi-barcelona-za-zenske","9":"product_tag-erling-haaland-dres","10":"product_tag-zenske-dresi-barcelona-z-lastnim-imenom","11":"product_tag-zenske-nogometni-dresi-barcelona","12":"product_tag-zenske-nogometnih-dresov","14":"first","15":"instock","16":"shipping-taxable","17":"purchasable","18":"product-type-variable"},"_links":{"self":[{"href":"https:\/\/www.nogometnizaotroke.com\/hr\/wp-json\/wp\/v2\/product\/23533","targetHints":{"allow":["GET"]}}],"collection":[{"href":"https:\/\/www.nogometnizaotroke.com\/hr\/wp-json\/wp\/v2\/product"}],"about":[{"href":"https:\/\/www.nogometnizaotroke.com\/hr\/wp-json\/wp\/v2\/types\/product"}],"replies":[{"embeddable":true,"href":"https:\/\/www.nogometnizaotroke.com\/hr\/wp-json\/wp\/v2\/comments?post=23533"}],"wp:featuredmedia":[{"embeddable":true,"href":"https:\/\/www.nogometnizaotroke.com\/hr\/wp-json\/wp\/v2\/media\/23535"}],"wp:attachment":[{"href":"https:\/\/www.nogometnizaotroke.com\/hr\/wp-json\/wp\/v2\/media?parent=23533"}],"wp:term":[{"taxonomy":"product_brand","embeddable":true,"href":"https:\/\/www.nogometnizaotroke.com\/hr\/wp-json\/wp\/v2\/product_brand?post=23533"},{"taxonomy":"product_cat","embeddable":true,"href":"https:\/\/www.nogometnizaotroke.com\/hr\/wp-json\/wp\/v2\/product_cat?post=23533"},{"taxonomy":"product_tag","embeddable":true,"href":"https:\/\/www.nogometnizaotroke.com\/hr\/wp-json\/wp\/v2\/product_tag?post=23533"}],"curies":[{"name":"wp","href":"https:\/\/api.w.org\/{rel}","templated":true}]}}