{"id":23443,"date":"2025-02-09T03:50:07","date_gmt":"2025-02-09T03:50:07","guid":{"rendered":"https:\/\/www.nogometnizaotroke.com\/?post_type=product&#038;p=23443"},"modified":"2025-03-24T03:19:43","modified_gmt":"2025-03-24T03:19:43","slug":"zenske-nogometnih-dresov-real-madrid-gostujoci-2024-25-rumena","status":"publish","type":"product","link":"https:\/\/www.nogometnizaotroke.com\/hr\/product\/zenske-nogometnih-dresov-real-madrid-gostujoci-2024-25-rumena\/","title":{"rendered":"\u017denske Nogometnih dresov Real Madrid Gostujo\u010di 2024-25 rumena"},"content":{"rendered":"<p>Real Madrid Gostujo\u010di 2024-25 je navdihnjena z zvezdami na nebu med dnevi gostovanj; vedno povezuje klub s Antigon Barnabyjem. Oran\u017ena majica ima abstraktno astralno grafiko po celotnem kompletu, z odtenki svetle\u010de modre, \u010drno-modre kovinske in no\u010dne mornarske barve, ki so predstavljeni po vsem \u2013 predvsem na ovratniku. Komplet, ki povezuje Madrid iste z domom.<\/p>\n<p>Nasveti za nogavice: Majica ne vsebuje nogavic privzeto. \u010ce \u017eelite nogavice, izberite mo\u017enosti nogavic, da jih pla\u010date.<\/p>\n<p>Nasveti za tiskom: \u010ce sta ime in \u0161tevilka na sliki natanko to, kar \u017eelite, vam tega ni treba ve\u010d vna\u0161ati. \u010ce ni, potem vnesite \u017eeleno ime in \u0161tevilko.<\/p>\n<p>Nasveti za pranje: Priporo\u010dljivo je, da nogometni dresi operete ro\u010dno. \u010ce \u017eelite uporabiti pralni stroj, ne pozabite obrniti majice in jo nato oprati. In napolnite stroj s hladno vodo in uporabite ne\u017een cikel pranja, da boste bolj za\u0161\u010ditili barve.<\/p>","protected":false},"excerpt":{"rendered":"<p>Real Madrid Gostujo\u010di 2024-25 je navdihnjena z zvezdami na nebu med dnevi gostovanj; vedno povezuje klub s Antigon Barnabyjem. Oran\u017ena majica ima abstraktno astralno grafiko po celotnem kompletu, z odtenki svetle\u010de modre, \u010drno-modre kovinske in no\u010dne mornarske barve, ki so predstavljeni po vsem \u2013 predvsem na ovratniku. Komplet, ki povezuje Madrid iste z domom. Nasveti [&hellip;]<\/p>","protected":false},"featured_media":23445,"comment_status":"open","ping_status":"closed","template":"","meta":[],"product_brand":[],"product_cat":[74,33],"product_tag":[1625,1626,1624,1628],"class_list":{"0":"post-23443","1":"product","2":"type-product","3":"status-publish","4":"has-post-thumbnail","6":"product_cat-zenski","7":"product_cat-nogometni-dresi-real-madrid","8":"product_tag-dresi-real-madrid-za-zenske","9":"product_tag-zenske-dresi-real-madrid-z-lastnim-imenom","10":"product_tag-zenske-nogometni-dresi-real-madrid","11":"product_tag-zenske-nogometnih-dresov","13":"first","14":"instock","15":"shipping-taxable","16":"purchasable","17":"product-type-variable"},"_links":{"self":[{"href":"https:\/\/www.nogometnizaotroke.com\/hr\/wp-json\/wp\/v2\/product\/23443","targetHints":{"allow":["GET"]}}],"collection":[{"href":"https:\/\/www.nogometnizaotroke.com\/hr\/wp-json\/wp\/v2\/product"}],"about":[{"href":"https:\/\/www.nogometnizaotroke.com\/hr\/wp-json\/wp\/v2\/types\/product"}],"replies":[{"embeddable":true,"href":"https:\/\/www.nogometnizaotroke.com\/hr\/wp-json\/wp\/v2\/comments?post=23443"}],"wp:featuredmedia":[{"embeddable":true,"href":"https:\/\/www.nogometnizaotroke.com\/hr\/wp-json\/wp\/v2\/media\/23445"}],"wp:attachment":[{"href":"https:\/\/www.nogometnizaotroke.com\/hr\/wp-json\/wp\/v2\/media?parent=23443"}],"wp:term":[{"taxonomy":"product_brand","embeddable":true,"href":"https:\/\/www.nogometnizaotroke.com\/hr\/wp-json\/wp\/v2\/product_brand?post=23443"},{"taxonomy":"product_cat","embeddable":true,"href":"https:\/\/www.nogometnizaotroke.com\/hr\/wp-json\/wp\/v2\/product_cat?post=23443"},{"taxonomy":"product_tag","embeddable":true,"href":"https:\/\/www.nogometnizaotroke.com\/hr\/wp-json\/wp\/v2\/product_tag?post=23443"}],"curies":[{"name":"wp","href":"https:\/\/api.w.org\/{rel}","templated":true}]}}