{"id":23376,"date":"2025-01-24T10:15:30","date_gmt":"2025-01-24T10:15:30","guid":{"rendered":"https:\/\/www.nogometnizaotroke.com\/?post_type=product&#038;p=23376"},"modified":"2025-02-01T08:17:16","modified_gmt":"2025-02-01T08:17:16","slug":"moske-nogometnih-dresov-komplet-portugalska-domaci-2025-26-rdeca","status":"publish","type":"product","link":"https:\/\/www.nogometnizaotroke.com\/hr\/product\/moske-nogometnih-dresov-komplet-portugalska-domaci-2025-26-rdeca\/","title":{"rendered":"Mo\u0161ke Nogometnih dresov Komplet Portugalska Doma\u010di 2025-26 rde\u010da"},"content":{"rendered":"<p>Predstavljamo poceni Portugalska mo\u0161ki doma\u010di dres 2025, zasnovan tako, da odra\u017ea bogato nogometno dedi\u0161\u010dino dr\u017eave s sodobnim pridihom. Ta dres uporablja \u017eivahno &#8220;\u0161portno rde\u010do&#8221; kot osnovno barvo, ki jo dopolnjujejo umazano beli okraski &#8220;Sugar Almond&#8221;, nova interpretacija tradicionalnih portugalskih barv. Predvsem dizajn izpu\u0161\u010da zelene elemente, kar je odmik od prej\u0161njih dresov. Prefinjena vsestranska grafika, navdihnjena s kri\u017eem portugalskega grba, doda globino, medtem ko temnozeleni in umazano beli \u010drtasti detajli na ovratniku in man\u0161etah poudarijo eleganten videz.<\/p>\n<p>Ta Portugalska dres, izdelan iz visokokakovostnih materialov, je udoben in vzdr\u017eljiv za podporo na tekmi in za prosti \u010das. Tkanina ima tehnologijo za odvajanje vlage, ki ohranja ventilator hladen in suh. Za izdelavo tega dresa so uporabljeni reciklirani materiali.<\/p>","protected":false},"excerpt":{"rendered":"<p>Predstavljamo poceni Portugalska mo\u0161ki doma\u010di dres 2025, zasnovan tako, da odra\u017ea bogato nogometno dedi\u0161\u010dino dr\u017eave s sodobnim pridihom. Ta dres uporablja \u017eivahno &#8220;\u0161portno rde\u010do&#8221; kot osnovno barvo, ki jo dopolnjujejo umazano beli okraski &#8220;Sugar Almond&#8221;, nova interpretacija tradicionalnih portugalskih barv. Predvsem dizajn izpu\u0161\u010da zelene elemente, kar je odmik od prej\u0161njih dresov. Prefinjena vsestranska grafika, navdihnjena [&hellip;]<\/p>","protected":false},"featured_media":23378,"comment_status":"open","ping_status":"closed","template":"","meta":[],"product_brand":[],"product_cat":[84],"product_tag":[150,153,1617,768,148,1616,147],"class_list":{"0":"post-23376","1":"product","2":"type-product","3":"status-publish","4":"has-post-thumbnail","6":"product_cat-dresi-portugalska-reprezentance","7":"product_tag-moski-nogometni-dresi","8":"product_tag-nogometni-dresi","9":"product_tag-nogometni-dresi-portugalska-z-lastnim-imenom","10":"product_tag-poceni-moski-nogometni-dresi","11":"product_tag-poceni-nogometni-dresi","12":"product_tag-poceni-nogometni-dresi-portugalska","13":"product_tag-slovenski-nogometni-dresi","15":"first","16":"instock","17":"shipping-taxable","18":"purchasable","19":"product-type-variable"},"_links":{"self":[{"href":"https:\/\/www.nogometnizaotroke.com\/hr\/wp-json\/wp\/v2\/product\/23376","targetHints":{"allow":["GET"]}}],"collection":[{"href":"https:\/\/www.nogometnizaotroke.com\/hr\/wp-json\/wp\/v2\/product"}],"about":[{"href":"https:\/\/www.nogometnizaotroke.com\/hr\/wp-json\/wp\/v2\/types\/product"}],"replies":[{"embeddable":true,"href":"https:\/\/www.nogometnizaotroke.com\/hr\/wp-json\/wp\/v2\/comments?post=23376"}],"wp:featuredmedia":[{"embeddable":true,"href":"https:\/\/www.nogometnizaotroke.com\/hr\/wp-json\/wp\/v2\/media\/23378"}],"wp:attachment":[{"href":"https:\/\/www.nogometnizaotroke.com\/hr\/wp-json\/wp\/v2\/media?parent=23376"}],"wp:term":[{"taxonomy":"product_brand","embeddable":true,"href":"https:\/\/www.nogometnizaotroke.com\/hr\/wp-json\/wp\/v2\/product_brand?post=23376"},{"taxonomy":"product_cat","embeddable":true,"href":"https:\/\/www.nogometnizaotroke.com\/hr\/wp-json\/wp\/v2\/product_cat?post=23376"},{"taxonomy":"product_tag","embeddable":true,"href":"https:\/\/www.nogometnizaotroke.com\/hr\/wp-json\/wp\/v2\/product_tag?post=23376"}],"curies":[{"name":"wp","href":"https:\/\/api.w.org\/{rel}","templated":true}]}}