{"id":23353,"date":"2025-01-18T03:17:33","date_gmt":"2025-01-18T03:17:33","guid":{"rendered":"https:\/\/www.nogometnizaotroke.com\/?post_type=product&#038;p=23353"},"modified":"2025-02-01T08:17:42","modified_gmt":"2025-02-01T08:17:42","slug":"otroske-nogometnih-dresov-komplet-aston-villa-domaci-2024-25-john-mcginn-7","status":"publish","type":"product","link":"https:\/\/www.nogometnizaotroke.com\/hr\/product\/otroske-nogometnih-dresov-komplet-aston-villa-domaci-2024-25-john-mcginn-7\/","title":{"rendered":"Otro\u0161ke Nogometnih dresov Komplet Aston Villa Doma\u010di 2024-25 John McGinn 7"},"content":{"rendered":"<p>Prva doma\u010di oprema Nogometnih dresov kluba Aston Villa praznuje 150. obletnico kluba z brez\u010dasnim dizajnom in logotipom \u2018AV 150\u2019. Ozke \u010drte na ovratniku tega mladinskega nogometnega dresa so subtilna podoba dizajna klubskega dresa iz leta 1874. Tkana zna\u010dka pa zaznamuje povsem novo poglavje. AEROREADY s funkcijami za uravnavanje vlage omogo\u010da mladim obo\u017eevalkam, da se med no\u0161enjem teh barv po\u010dutijo udobno. Ta izdelek je izdelan iz 100 % recikliranih materialov. S ponovno uporabo materialov, ki so bili \u017ee izdelani, pomagamo zmanj\u0161ati koli\u010dino odpadkov in odvisnosti od omejenih virov ter zmanj\u0161ati oglji\u010dni odtis izdelkov, ki jih izdelujemo.<\/p>\n<p>Nasveti za nogavice: Majica ne vsebuje nogavic privzeto. \u010ce \u017eelite nogavice, izberite mo\u017enosti nogavic, da jih pla\u010date.<\/p>\n<p>Nasveti za tiskom: \u010ce sta ime in \u0161tevilka na sliki natanko to, kar \u017eelite, vam tega ni treba ve\u010d vna\u0161ati. \u010ce ni, potem vnesite \u017eeleno ime in \u0161tevilko.<\/p>\n<p>Nasveti za pranje: Priporo\u010dljivo je, da nogometni dresi operete ro\u010dno. \u010ce \u017eelite uporabiti pralni stroj, ne pozabite obrniti majice in jo nato oprati. In napolnite stroj s hladno vodo in uporabite ne\u017een cikel pranja, da boste bolj za\u0161\u010ditili barve.<\/p>","protected":false},"excerpt":{"rendered":"<p>Prva doma\u010di oprema Nogometnih dresov kluba Aston Villa praznuje 150. obletnico kluba z brez\u010dasnim dizajnom in logotipom \u2018AV 150\u2019. Ozke \u010drte na ovratniku tega mladinskega nogometnega dresa so subtilna podoba dizajna klubskega dresa iz leta 1874. Tkana zna\u010dka pa zaznamuje povsem novo poglavje. AEROREADY s funkcijami za uravnavanje vlage omogo\u010da mladim obo\u017eevalkam, da se med [&hellip;]<\/p>","protected":false},"featured_media":23355,"comment_status":"open","ping_status":"closed","template":"","meta":[],"product_brand":[],"product_cat":[73,66],"product_tag":[1073,1612,693,692,148,1075,147],"class_list":{"0":"post-23353","1":"product","2":"type-product","3":"status-publish","4":"has-post-thumbnail","6":"product_cat-otroski","7":"product_cat-nogometni-dresi-aston-villa","8":"product_tag-dresi-aston-villa-za-otroke","9":"product_tag-john-mcginn-dresi","10":"product_tag-nogometni-dresi-aston-villa-z-lastnim-imenom","11":"product_tag-otroski-nogometni-dresi-aston-villa","12":"product_tag-poceni-nogometni-dresi","13":"product_tag-poceni-nogometni-dresi-aston-villa","14":"product_tag-slovenski-nogometni-dresi","16":"first","17":"instock","18":"shipping-taxable","19":"purchasable","20":"product-type-variable"},"_links":{"self":[{"href":"https:\/\/www.nogometnizaotroke.com\/hr\/wp-json\/wp\/v2\/product\/23353","targetHints":{"allow":["GET"]}}],"collection":[{"href":"https:\/\/www.nogometnizaotroke.com\/hr\/wp-json\/wp\/v2\/product"}],"about":[{"href":"https:\/\/www.nogometnizaotroke.com\/hr\/wp-json\/wp\/v2\/types\/product"}],"replies":[{"embeddable":true,"href":"https:\/\/www.nogometnizaotroke.com\/hr\/wp-json\/wp\/v2\/comments?post=23353"}],"wp:featuredmedia":[{"embeddable":true,"href":"https:\/\/www.nogometnizaotroke.com\/hr\/wp-json\/wp\/v2\/media\/23355"}],"wp:attachment":[{"href":"https:\/\/www.nogometnizaotroke.com\/hr\/wp-json\/wp\/v2\/media?parent=23353"}],"wp:term":[{"taxonomy":"product_brand","embeddable":true,"href":"https:\/\/www.nogometnizaotroke.com\/hr\/wp-json\/wp\/v2\/product_brand?post=23353"},{"taxonomy":"product_cat","embeddable":true,"href":"https:\/\/www.nogometnizaotroke.com\/hr\/wp-json\/wp\/v2\/product_cat?post=23353"},{"taxonomy":"product_tag","embeddable":true,"href":"https:\/\/www.nogometnizaotroke.com\/hr\/wp-json\/wp\/v2\/product_tag?post=23353"}],"curies":[{"name":"wp","href":"https:\/\/api.w.org\/{rel}","templated":true}]}}