{"id":22833,"date":"2024-12-28T05:03:24","date_gmt":"2024-12-28T05:03:24","guid":{"rendered":"https:\/\/www.nogometnionline.com\/?post_type=product&#038;p=22833"},"modified":"2024-12-28T05:11:58","modified_gmt":"2024-12-28T05:11:58","slug":"poceni-moski-nogometni-dresi-kompleti-argentina-domaci-50th-anniversary-2024-25","status":"publish","type":"product","link":"https:\/\/www.nogometnizaotroke.com\/hr\/product\/poceni-moski-nogometni-dresi-kompleti-argentina-domaci-50th-anniversary-2024-25\/","title":{"rendered":"Poceni Mo\u0161ki Nogometni dresi kompleti Argentina Doma\u010di 50th Anniversary 2024-25"},"content":{"rendered":"<p>Ta nogometni dres je del posebnega kompleta, ki obele\u017euje 50. obletnico prve zdru\u017eitve argentinskih sil. Vra\u010da se v pretekla leta z ironi\u010dnim trilistni kom in grbom ekipe, ki je navdahnjen s sredino 70. let prej\u0161njega stoletja, ki izstopata v zlati barvi nad znamenitimi \u010drtami. AEROREADY za uravnavanje vlage vas bo osredoto\u010dil na dogajanje, medtem ko posebna oznaka zajame ob\u010dutek navijanja za Argentino.<\/p>\n<p>Nasveti za nogavice: Majica ne vsebuje nogavic privzeto. \u010ce \u017eelite nogavice, izberite mo\u017enosti nogavic, da jih pla\u010date.<\/p>\n<p>Nasveti za tiskom: \u010ce sta ime in \u0161tevilka na sliki natanko to, kar \u017eelite, vam tega ni treba ve\u010d vna\u0161ati. \u010ce ni, potem vnesite \u017eeleno ime in \u0161tevilko.<\/p>\n<p>Nasveti za pranje: Priporo\u010dljivo je, da nogometni dresi operete ro\u010dno. \u010ce \u017eelite uporabiti pralni stroj, ne pozabite obrniti majice in jo nato oprati. In napolnite stroj s hladno vodo in uporabite ne\u017een cikel pranja, da boste bolj za\u0161\u010ditili barve.<\/p>","protected":false},"excerpt":{"rendered":"<p>Ta nogometni dres je del posebnega kompleta, ki obele\u017euje 50. obletnico prve zdru\u017eitve argentinskih sil. Vra\u010da se v pretekla leta z ironi\u010dnim trilistni kom in grbom ekipe, ki je navdahnjen s sredino 70. let prej\u0161njega stoletja, ki izstopata v zlati barvi nad znamenitimi \u010drtami. AEROREADY za uravnavanje vlage vas bo osredoto\u010dil na dogajanje, medtem ko [&hellip;]<\/p>","protected":false},"featured_media":22835,"comment_status":"open","ping_status":"closed","template":"","meta":[],"product_brand":[],"product_cat":[140,81],"product_tag":[840,1592,150,153,545,148,147],"class_list":{"0":"post-22833","1":"product","2":"type-product","3":"status-publish","4":"has-post-thumbnail","6":"product_cat-moski","7":"product_cat-dresi-argentina-reprezentance","8":"product_tag-argentina-2024-25-dresi","9":"product_tag-argentina-50th-anniversary","10":"product_tag-moski-nogometni-dresi","11":"product_tag-nogometni-dresi","12":"product_tag-nogometni-dresi-slovenija","13":"product_tag-poceni-nogometni-dresi","14":"product_tag-slovenski-nogometni-dresi","16":"first","17":"instock","18":"featured","19":"shipping-taxable","20":"purchasable","21":"product-type-variable"},"_links":{"self":[{"href":"https:\/\/www.nogometnizaotroke.com\/hr\/wp-json\/wp\/v2\/product\/22833","targetHints":{"allow":["GET"]}}],"collection":[{"href":"https:\/\/www.nogometnizaotroke.com\/hr\/wp-json\/wp\/v2\/product"}],"about":[{"href":"https:\/\/www.nogometnizaotroke.com\/hr\/wp-json\/wp\/v2\/types\/product"}],"replies":[{"embeddable":true,"href":"https:\/\/www.nogometnizaotroke.com\/hr\/wp-json\/wp\/v2\/comments?post=22833"}],"wp:featuredmedia":[{"embeddable":true,"href":"https:\/\/www.nogometnizaotroke.com\/hr\/wp-json\/wp\/v2\/media\/22835"}],"wp:attachment":[{"href":"https:\/\/www.nogometnizaotroke.com\/hr\/wp-json\/wp\/v2\/media?parent=22833"}],"wp:term":[{"taxonomy":"product_brand","embeddable":true,"href":"https:\/\/www.nogometnizaotroke.com\/hr\/wp-json\/wp\/v2\/product_brand?post=22833"},{"taxonomy":"product_cat","embeddable":true,"href":"https:\/\/www.nogometnizaotroke.com\/hr\/wp-json\/wp\/v2\/product_cat?post=22833"},{"taxonomy":"product_tag","embeddable":true,"href":"https:\/\/www.nogometnizaotroke.com\/hr\/wp-json\/wp\/v2\/product_tag?post=22833"}],"curies":[{"name":"wp","href":"https:\/\/api.w.org\/{rel}","templated":true}]}}