{"id":22768,"date":"2024-12-26T13:36:53","date_gmt":"2024-12-26T13:36:53","guid":{"rendered":"https:\/\/www.nogometnionline.com\/?post_type=product&#038;p=22768"},"modified":"2024-12-26T13:36:55","modified_gmt":"2024-12-26T13:36:55","slug":"otroski-chelsea-sweatshirt-za-trening-dresi-kompleti-kratek-rokav-2024-25-crna-roza","status":"publish","type":"product","link":"https:\/\/www.nogometnizaotroke.com\/hr\/product\/otroski-chelsea-sweatshirt-za-trening-dresi-kompleti-kratek-rokav-2024-25-crna-roza\/","title":{"rendered":"Otro\u0161ki Chelsea Sweatshirt Za Trening dresi kompleti Kratek Rokav 2024-25 \u010crna roza"},"content":{"rendered":"<p>Otro\u0161ki Chelsea Sweatshirt Za Trening dresi kompleti Kratek Rokav 2024-25 \u010crna roza<\/p>","protected":false},"excerpt":{"rendered":"<p>Otro\u0161ki Chelsea Sweatshirt Za Trening dresi kompleti Kratek Rokav 2024-25 \u010crna roza<\/p>","protected":false},"featured_media":22770,"comment_status":"open","ping_status":"closed","template":"","meta":[],"product_brand":[],"product_cat":[1457,73],"product_tag":[1589],"class_list":{"0":"post-22768","1":"product","2":"type-product","3":"status-publish","4":"has-post-thumbnail","6":"product_cat-trening","7":"product_cat-otroski","8":"product_tag-chelsea-trening-dresi","10":"first","11":"instock","12":"shipping-taxable","13":"purchasable","14":"product-type-variable"},"_links":{"self":[{"href":"https:\/\/www.nogometnizaotroke.com\/hr\/wp-json\/wp\/v2\/product\/22768","targetHints":{"allow":["GET"]}}],"collection":[{"href":"https:\/\/www.nogometnizaotroke.com\/hr\/wp-json\/wp\/v2\/product"}],"about":[{"href":"https:\/\/www.nogometnizaotroke.com\/hr\/wp-json\/wp\/v2\/types\/product"}],"replies":[{"embeddable":true,"href":"https:\/\/www.nogometnizaotroke.com\/hr\/wp-json\/wp\/v2\/comments?post=22768"}],"wp:featuredmedia":[{"embeddable":true,"href":"https:\/\/www.nogometnizaotroke.com\/hr\/wp-json\/wp\/v2\/media\/22770"}],"wp:attachment":[{"href":"https:\/\/www.nogometnizaotroke.com\/hr\/wp-json\/wp\/v2\/media?parent=22768"}],"wp:term":[{"taxonomy":"product_brand","embeddable":true,"href":"https:\/\/www.nogometnizaotroke.com\/hr\/wp-json\/wp\/v2\/product_brand?post=22768"},{"taxonomy":"product_cat","embeddable":true,"href":"https:\/\/www.nogometnizaotroke.com\/hr\/wp-json\/wp\/v2\/product_cat?post=22768"},{"taxonomy":"product_tag","embeddable":true,"href":"https:\/\/www.nogometnizaotroke.com\/hr\/wp-json\/wp\/v2\/product_tag?post=22768"}],"curies":[{"name":"wp","href":"https:\/\/api.w.org\/{rel}","templated":true}]}}