{"id":22338,"date":"2024-12-19T03:02:58","date_gmt":"2024-12-19T03:02:58","guid":{"rendered":"https:\/\/www.nogometnionline.com\/?post_type=product&#038;p=22338"},"modified":"2024-12-25T12:19:16","modified_gmt":"2024-12-25T12:19:16","slug":"zenski-nogometni-dresi-inter-miami-cf-gostujoci-2024-25-crna-kratek-rokav-lionel-messi-10","status":"publish","type":"product","link":"https:\/\/www.nogometnizaotroke.com\/hr\/product\/zenski-nogometni-dresi-inter-miami-cf-gostujoci-2024-25-crna-kratek-rokav-lionel-messi-10\/","title":{"rendered":"\u017denski Nogometni dresi Inter Miami CF Gostujo\u010di 2024-25 \u010drna Kratek Rokav Lionel Messi 10"},"content":{"rendered":"<p>Ta gostujo\u010di dres Inter Miami CF 2024 2025, ki ga je navdihnila ble\u0161\u010de\u010da mestna obala, o\u010dara z roza detajli in valovito grafiko. Ustvarjen za udobje nogometnih navija\u010dev, zdru\u017euje gladko tkanino in AEROREADY, ki odvaja vlago. Oznaka na vratu prikazuje aspiracijski moto ekipe \u201cSvoboda sanjam\u201d. Ta izdelek je narejen iz 100 % recikliranih materialov.<\/p>\n<p>Nasveti za nogavice: Majica ne vsebuje nogavic privzeto. \u010ce \u017eelite nogavice, izberite mo\u017enosti nogavic, da jih pla\u010date.<\/p>\n<p>Nasveti za tiskom: \u010ce sta ime in \u0161tevilka na sliki natanko to, kar \u017eelite, vam tega ni treba ve\u010d vna\u0161ati. \u010ce ni, potem vnesite \u017eeleno ime in \u0161tevilko.<\/p>\n<p>Nasveti za pranje: Priporo\u010dljivo je, da nogometni dresi operete ro\u010dno. \u010ce \u017eelite uporabiti pralni stroj, ne pozabite obrniti majice in jo nato oprati. In napolnite stroj s hladno vodo in uporabite ne\u017een cikel pranja, da boste bolj za\u0161\u010ditili barve.<\/p>","protected":false},"excerpt":{"rendered":"<p>Ta gostujo\u010di dres Inter Miami CF 2024 2025, ki ga je navdihnila ble\u0161\u010de\u010da mestna obala, o\u010dara z roza detajli in valovito grafiko. Ustvarjen za udobje nogometnih navija\u010dev, zdru\u017euje gladko tkanino in AEROREADY, ki odvaja vlago. Oznaka na vratu prikazuje aspiracijski moto ekipe \u201cSvoboda sanjam\u201d. Ta izdelek je narejen iz 100 % recikliranih materialov. Nasveti za [&hellip;]<\/p>","protected":false},"featured_media":22340,"comment_status":"open","ping_status":"closed","template":"","meta":[],"product_brand":[],"product_cat":[353,74],"product_tag":[1580,346,1087,153,1085,148,1084,348,1086,147,1581,1579],"class_list":{"0":"post-22338","1":"product","2":"type-product","3":"status-publish","4":"has-post-thumbnail","6":"product_cat-nogometni-dresi-inter-miami","7":"product_cat-zenski","8":"product_tag-dresi-inter-miami-za-zenske","9":"product_tag-inter-miami-dres","10":"product_tag-lionel-messi-dresi","11":"product_tag-nogometni-dresi","12":"product_tag-nogometni-dresi-inter-miami-z-lastnim-imenom","13":"product_tag-poceni-nogometni-dresi","14":"product_tag-poceni-nogometni-dresi-inter-miami","15":"product_tag-poceni-nogometni-dresi-inter-miami-z-lastnim-imenom-online","16":"product_tag-poceni-nogometni-dresi-lionel-messi","17":"product_tag-slovenski-nogometni-dresi","18":"product_tag-zenske-dresi-inter-miami-z-lastnim-imenom","19":"product_tag-zenske-nogometni-dresi-inter-miami","21":"first","22":"instock","23":"shipping-taxable","24":"purchasable","25":"product-type-variable"},"_links":{"self":[{"href":"https:\/\/www.nogometnizaotroke.com\/hr\/wp-json\/wp\/v2\/product\/22338","targetHints":{"allow":["GET"]}}],"collection":[{"href":"https:\/\/www.nogometnizaotroke.com\/hr\/wp-json\/wp\/v2\/product"}],"about":[{"href":"https:\/\/www.nogometnizaotroke.com\/hr\/wp-json\/wp\/v2\/types\/product"}],"replies":[{"embeddable":true,"href":"https:\/\/www.nogometnizaotroke.com\/hr\/wp-json\/wp\/v2\/comments?post=22338"}],"wp:featuredmedia":[{"embeddable":true,"href":"https:\/\/www.nogometnizaotroke.com\/hr\/wp-json\/wp\/v2\/media\/22340"}],"wp:attachment":[{"href":"https:\/\/www.nogometnizaotroke.com\/hr\/wp-json\/wp\/v2\/media?parent=22338"}],"wp:term":[{"taxonomy":"product_brand","embeddable":true,"href":"https:\/\/www.nogometnizaotroke.com\/hr\/wp-json\/wp\/v2\/product_brand?post=22338"},{"taxonomy":"product_cat","embeddable":true,"href":"https:\/\/www.nogometnizaotroke.com\/hr\/wp-json\/wp\/v2\/product_cat?post=22338"},{"taxonomy":"product_tag","embeddable":true,"href":"https:\/\/www.nogometnizaotroke.com\/hr\/wp-json\/wp\/v2\/product_tag?post=22338"}],"curies":[{"name":"wp","href":"https:\/\/api.w.org\/{rel}","templated":true}]}}