{"id":21695,"date":"2024-12-10T03:19:44","date_gmt":"2024-12-10T03:19:44","guid":{"rendered":"https:\/\/www.nogometnionline.com\/?post_type=product&#038;p=21695"},"modified":"2024-12-10T03:19:46","modified_gmt":"2024-12-10T03:19:46","slug":"otroski-nogometni-dresi-kompleti-za-otroke-bvb-borussia-dortmund-gostujoci-2024-25-nico-schlotterbeck-4","status":"publish","type":"product","link":"https:\/\/www.nogometnizaotroke.com\/hr\/product\/otroski-nogometni-dresi-kompleti-za-otroke-bvb-borussia-dortmund-gostujoci-2024-25-nico-schlotterbeck-4\/","title":{"rendered":"Otro\u0161ki Nogometni dresi kompleti za otroke BVB Borussia Dortmund Gostujo\u010di 2024-25 Nico Schlotterbeck 4"},"content":{"rendered":"<p>Nogometni dres Borussia Dortmund 2024-25 v gosteh ima obi\u010dajne \u010drne in rumene barve kluba. Zaradi dveh stvari je gostujo\u010di dres BVB 2024-25 edinstven \u2013 trak na sprednji strani in subtilni elementi oblikovanja.Prvi\u010d, gostujo\u010di dres BVB 2024-2025 ima debelo rumeno \u010drto na prsih, ki vklju\u010duje logotip sponzorja 1&amp;1.Gostujo\u010di dres BVB 24-25 ima napis \u201cBorussia povezuje\u201d v znakovnem jeziku in Braillovi pisavi. Na \u010drni sprednji strani je zelo subtilen vzorec s sloganom kluba \u201cBorussia united\u201d.<\/p>\n<p>Nasveti za nogavice: Majica ne vsebuje nogavic privzeto. \u010ce \u017eelite nogavice, izberite mo\u017enosti nogavic, da jih pla\u010date.<\/p>\n<p>Nasveti za tiskom: \u010ce sta ime in \u0161tevilka na sliki natanko to, kar \u017eelite, vam tega ni treba ve\u010d vna\u0161ati. \u010ce ni, potem vnesite \u017eeleno ime in \u0161tevilko.<\/p>\n<p>Nasveti za pranje: Priporo\u010dljivo je, da nogometni dresi operete ro\u010dno. \u010ce \u017eelite uporabiti pralni stroj, ne pozabite obrniti majice in jo nato oprati. In napolnite stroj s hladno vodo in uporabite ne\u017een cikel pranja, da boste bolj za\u0161\u010ditili barve.<\/p>","protected":false},"excerpt":{"rendered":"<p>Nogometni dres Borussia Dortmund 2024-25 v gosteh ima obi\u010dajne \u010drne in rumene barve kluba. Zaradi dveh stvari je gostujo\u010di dres BVB 2024-25 edinstven \u2013 trak na sprednji strani in subtilni elementi oblikovanja.Prvi\u010d, gostujo\u010di dres BVB 2024-2025 ima debelo rumeno \u010drto na prsih, ki vklju\u010duje logotip sponzorja 1&amp;1.Gostujo\u010di dres BVB 24-25 ima napis \u201cBorussia povezuje\u201d v [&hellip;]<\/p>","protected":false},"featured_media":21697,"comment_status":"open","ping_status":"closed","template":"","meta":[],"product_brand":[],"product_cat":[73,45],"product_tag":[1541,1553,153,1542,159,1540,148,195,147],"class_list":{"0":"post-21695","1":"product","2":"type-product","3":"status-publish","4":"has-post-thumbnail","6":"product_cat-otroski","7":"product_cat-nogometni-dresi-dortmund","8":"product_tag-dresi-borussia-dortmund-za-otroke","9":"product_tag-nico-schlotterbeck-dresi","10":"product_tag-nogometni-dresi","11":"product_tag-otroski-dresi-borussia-dortmund-z-lastnim-imenom","12":"product_tag-otroski-nogometni-dresi","13":"product_tag-otroski-nogometni-dresi-borussia-dortmund","14":"product_tag-poceni-nogometni-dresi","15":"product_tag-poceni-otroski-nogometni-dresi-dortmund-z-lastnim-imenom","16":"product_tag-slovenski-nogometni-dresi","18":"first","19":"instock","20":"shipping-taxable","21":"purchasable","22":"product-type-variable"},"_links":{"self":[{"href":"https:\/\/www.nogometnizaotroke.com\/hr\/wp-json\/wp\/v2\/product\/21695","targetHints":{"allow":["GET"]}}],"collection":[{"href":"https:\/\/www.nogometnizaotroke.com\/hr\/wp-json\/wp\/v2\/product"}],"about":[{"href":"https:\/\/www.nogometnizaotroke.com\/hr\/wp-json\/wp\/v2\/types\/product"}],"replies":[{"embeddable":true,"href":"https:\/\/www.nogometnizaotroke.com\/hr\/wp-json\/wp\/v2\/comments?post=21695"}],"wp:featuredmedia":[{"embeddable":true,"href":"https:\/\/www.nogometnizaotroke.com\/hr\/wp-json\/wp\/v2\/media\/21697"}],"wp:attachment":[{"href":"https:\/\/www.nogometnizaotroke.com\/hr\/wp-json\/wp\/v2\/media?parent=21695"}],"wp:term":[{"taxonomy":"product_brand","embeddable":true,"href":"https:\/\/www.nogometnizaotroke.com\/hr\/wp-json\/wp\/v2\/product_brand?post=21695"},{"taxonomy":"product_cat","embeddable":true,"href":"https:\/\/www.nogometnizaotroke.com\/hr\/wp-json\/wp\/v2\/product_cat?post=21695"},{"taxonomy":"product_tag","embeddable":true,"href":"https:\/\/www.nogometnizaotroke.com\/hr\/wp-json\/wp\/v2\/product_tag?post=21695"}],"curies":[{"name":"wp","href":"https:\/\/api.w.org\/{rel}","templated":true}]}}