{"id":21510,"date":"2024-12-08T03:22:13","date_gmt":"2024-12-08T03:22:13","guid":{"rendered":"https:\/\/www.nogometnionline.com\/?post_type=product&#038;p=21510"},"modified":"2024-12-08T03:22:15","modified_gmt":"2024-12-08T03:22:15","slug":"otroski-nogometni-dresi-kompleti-za-otroke-tottenham-hotspur-tretji-2024-2025-pedro-porro-23","status":"publish","type":"product","link":"https:\/\/www.nogometnizaotroke.com\/hr\/product\/otroski-nogometni-dresi-kompleti-za-otroke-tottenham-hotspur-tretji-2024-2025-pedro-porro-23\/","title":{"rendered":"Otro\u0161ki Nogometni dresi kompleti za otroke Tottenham Hotspur Tretji 2024-2025 Pedro Porro 23"},"content":{"rendered":"<p>Tottenham Hotspur Tretji 2024-2025 ima zna\u010dilen dizajn, ki se poklanja koreninam kluba iz severnega Londona.Popolnoma zelen ansambel predstavlja edinstven vzorec, ki ga je navdihnila bogata zgodovina obmo\u010dja Tottenhama, zlasti legendarna drevesa \u2018Seven Sisters\u2019, ki so \u017ee dolgo lokalna znamenitost.<\/p>\n<p>Nasveti za nogavice: Majica ne vsebuje nogavic privzeto. \u010ce \u017eelite nogavice, izberite mo\u017enosti nogavic, da jih pla\u010date.<\/p>\n<p>Nasveti za tiskom: \u010ce sta ime in \u0161tevilka na sliki natanko to, kar \u017eelite, vam tega ni treba ve\u010d vna\u0161ati. \u010ce ni, potem vnesite \u017eeleno ime in \u0161tevilko.<\/p>\n<p>Nasveti za pranje: Priporo\u010dljivo je, da nogometni dresi operete ro\u010dno. \u010ce \u017eelite uporabiti pralni stroj, ne pozabite obrniti majice in jo nato oprati. In napolnite stroj s hladno vodo in uporabite ne\u017een cikel pranja, da boste bolj za\u0161\u010ditili barve.<\/p>","protected":false},"excerpt":{"rendered":"<p>Tottenham Hotspur Tretji 2024-2025 ima zna\u010dilen dizajn, ki se poklanja koreninam kluba iz severnega Londona.Popolnoma zelen ansambel predstavlja edinstven vzorec, ki ga je navdihnila bogata zgodovina obmo\u010dja Tottenhama, zlasti legendarna drevesa \u2018Seven Sisters\u2019, ki so \u017ee dolgo lokalna znamenitost. Nasveti za nogavice: Majica ne vsebuje nogavic privzeto. \u010ce \u017eelite nogavice, izberite mo\u017enosti nogavic, da jih [&hellip;]<\/p>","protected":false},"featured_media":21512,"comment_status":"open","ping_status":"closed","template":"","meta":[],"product_brand":[],"product_cat":[73,42],"product_tag":[220,591,159,1423,148,590,147],"class_list":{"0":"post-21510","1":"product","2":"type-product","3":"status-publish","4":"has-post-thumbnail","6":"product_cat-otroski","7":"product_cat-nogometni-dresi-tottenham-hotspur","8":"product_tag-nogometni-dresi-za-otroke","9":"product_tag-otroski-dresi-tottenham-hotspur-z-lastnim-imenom","10":"product_tag-otroski-nogometni-dresi","11":"product_tag-pedro-porro-dresi","12":"product_tag-poceni-nogometni-dresi","13":"product_tag-poceni-nogometni-dresi-tottenham-hotspurz-lastnim-imenom-online","14":"product_tag-slovenski-nogometni-dresi","16":"first","17":"instock","18":"shipping-taxable","19":"purchasable","20":"product-type-variable"},"_links":{"self":[{"href":"https:\/\/www.nogometnizaotroke.com\/hr\/wp-json\/wp\/v2\/product\/21510","targetHints":{"allow":["GET"]}}],"collection":[{"href":"https:\/\/www.nogometnizaotroke.com\/hr\/wp-json\/wp\/v2\/product"}],"about":[{"href":"https:\/\/www.nogometnizaotroke.com\/hr\/wp-json\/wp\/v2\/types\/product"}],"replies":[{"embeddable":true,"href":"https:\/\/www.nogometnizaotroke.com\/hr\/wp-json\/wp\/v2\/comments?post=21510"}],"wp:featuredmedia":[{"embeddable":true,"href":"https:\/\/www.nogometnizaotroke.com\/hr\/wp-json\/wp\/v2\/media\/21512"}],"wp:attachment":[{"href":"https:\/\/www.nogometnizaotroke.com\/hr\/wp-json\/wp\/v2\/media?parent=21510"}],"wp:term":[{"taxonomy":"product_brand","embeddable":true,"href":"https:\/\/www.nogometnizaotroke.com\/hr\/wp-json\/wp\/v2\/product_brand?post=21510"},{"taxonomy":"product_cat","embeddable":true,"href":"https:\/\/www.nogometnizaotroke.com\/hr\/wp-json\/wp\/v2\/product_cat?post=21510"},{"taxonomy":"product_tag","embeddable":true,"href":"https:\/\/www.nogometnizaotroke.com\/hr\/wp-json\/wp\/v2\/product_tag?post=21510"}],"curies":[{"name":"wp","href":"https:\/\/api.w.org\/{rel}","templated":true}]}}