{"id":21214,"date":"2024-12-03T08:08:17","date_gmt":"2024-12-03T08:08:17","guid":{"rendered":"https:\/\/www.nogometnionline.com\/?post_type=product&#038;p=21214"},"modified":"2024-12-03T08:08:19","modified_gmt":"2024-12-03T08:08:19","slug":"otroski-nogometni-dresi-kompleti-za-otroke-newcastle-united-domaci-2024-25-bruno-guimaraes-39","status":"publish","type":"product","link":"https:\/\/www.nogometnizaotroke.com\/hr\/product\/otroski-nogometni-dresi-kompleti-za-otroke-newcastle-united-domaci-2024-25-bruno-guimaraes-39\/","title":{"rendered":"Otro\u0161ki Nogometni dresi Kompleti za otroke Newcastle United Doma\u010di 2024-25 Bruno Guimaraes 39"},"content":{"rendered":"<p>Doma\u010di dres Newcastle 2024-25 ima klasi\u010den \u010drtast dizajn v \u010drni in beli barvi. Logotip je \u010drne barve, prav tako rokavi. Medtem je zadnji del majice ve\u010dinoma bel, da naredi prostor za \u010drne \u0161tevilke.<\/p>\n<p>Nasveti za nogavice: Majica ne vsebuje nogavic privzeto. \u010ce \u017eelite nogavice, izberite mo\u017enosti nogavic, da jih pla\u010date.<\/p>\n<p>Nasveti za tiskom: \u010ce sta ime in \u0161tevilka na sliki natanko to, kar \u017eelite, vam tega ni treba ve\u010d vna\u0161ati. \u010ce ni, potem vnesite \u017eeleno ime in \u0161tevilko.<\/p>\n<p>Nasveti za pranje: Priporo\u010dljivo je, da nogometni dresi operete ro\u010dno. \u010ce \u017eelite uporabiti pralni stroj, ne pozabite obrniti majice in jo nato oprati. In napolnite stroj s hladno vodo in uporabite ne\u017een cikel pranja, da boste bolj za\u0161\u010ditili barve.<\/p>","protected":false},"excerpt":{"rendered":"<p>Doma\u010di dres Newcastle 2024-25 ima klasi\u010den \u010drtast dizajn v \u010drni in beli barvi. Logotip je \u010drne barve, prav tako rokavi. Medtem je zadnji del majice ve\u010dinoma bel, da naredi prostor za \u010drne \u0161tevilke. Nasveti za nogavice: Majica ne vsebuje nogavic privzeto. \u010ce \u017eelite nogavice, izberite mo\u017enosti nogavic, da jih pla\u010date. Nasveti za tiskom: \u010ce sta [&hellip;]<\/p>","protected":false},"featured_media":21216,"comment_status":"open","ping_status":"closed","template":"","meta":[],"product_brand":[],"product_cat":[73,68],"product_tag":[1300,1005,153,220,1006,159,1004,148,147],"class_list":{"0":"post-21214","1":"product","2":"type-product","3":"status-publish","4":"has-post-thumbnail","6":"product_cat-otroski","7":"product_cat-nogometni-dresi-newcastle-united","8":"product_tag-bruno-guimaraes-dresi","9":"product_tag-dresi-newcastle-united-za-otroke","10":"product_tag-nogometni-dresi","11":"product_tag-nogometni-dresi-za-otroke","12":"product_tag-otroski-dresi-newcastle-united-z-lastnim-imenom","13":"product_tag-otroski-nogometni-dresi","14":"product_tag-otroski-nogometni-dresi-newcastle-united","15":"product_tag-poceni-nogometni-dresi","16":"product_tag-slovenski-nogometni-dresi","18":"first","19":"instock","20":"shipping-taxable","21":"purchasable","22":"product-type-variable"},"_links":{"self":[{"href":"https:\/\/www.nogometnizaotroke.com\/hr\/wp-json\/wp\/v2\/product\/21214","targetHints":{"allow":["GET"]}}],"collection":[{"href":"https:\/\/www.nogometnizaotroke.com\/hr\/wp-json\/wp\/v2\/product"}],"about":[{"href":"https:\/\/www.nogometnizaotroke.com\/hr\/wp-json\/wp\/v2\/types\/product"}],"replies":[{"embeddable":true,"href":"https:\/\/www.nogometnizaotroke.com\/hr\/wp-json\/wp\/v2\/comments?post=21214"}],"wp:featuredmedia":[{"embeddable":true,"href":"https:\/\/www.nogometnizaotroke.com\/hr\/wp-json\/wp\/v2\/media\/21216"}],"wp:attachment":[{"href":"https:\/\/www.nogometnizaotroke.com\/hr\/wp-json\/wp\/v2\/media?parent=21214"}],"wp:term":[{"taxonomy":"product_brand","embeddable":true,"href":"https:\/\/www.nogometnizaotroke.com\/hr\/wp-json\/wp\/v2\/product_brand?post=21214"},{"taxonomy":"product_cat","embeddable":true,"href":"https:\/\/www.nogometnizaotroke.com\/hr\/wp-json\/wp\/v2\/product_cat?post=21214"},{"taxonomy":"product_tag","embeddable":true,"href":"https:\/\/www.nogometnizaotroke.com\/hr\/wp-json\/wp\/v2\/product_tag?post=21214"}],"curies":[{"name":"wp","href":"https:\/\/api.w.org\/{rel}","templated":true}]}}