{"id":21158,"date":"2024-12-02T07:52:20","date_gmt":"2024-12-02T07:52:20","guid":{"rendered":"https:\/\/www.nogometnionline.com\/?post_type=product&#038;p=21158"},"modified":"2024-12-02T07:52:22","modified_gmt":"2024-12-02T07:52:22","slug":"otroski-nogometni-dresi-kompleti-za-otroke-newcastle-united-gostujoci-2024-25-bruno-guimaraes-39","status":"publish","type":"product","link":"https:\/\/www.nogometnizaotroke.com\/hr\/product\/otroski-nogometni-dresi-kompleti-za-otroke-newcastle-united-gostujoci-2024-25-bruno-guimaraes-39\/","title":{"rendered":"Otro\u0161ki Nogometni dresi Kompleti za otroke Newcastle United Gostujo\u010di 2024-25 Bruno Guimaraes 39"},"content":{"rendered":"<p>Gostujo\u010di dres Newcastle United 2024-2025 vra\u010da videz dresi za goste 1995-96. Ima kostanjeve in modre vodoravne \u010drte v kombinaciji z belimi logotipi.Uradno so barve gostujo\u010di dresi Newcastle 24-25 \u201cTeam College Burgundy\/Night Sky\/White\u201d. Team College Burgundy se uporablja tudi za komplet za trening Newcastle United 24-25, kar daje dober vtis barve.<\/p>\n<p>Nasveti za nogavice: Majica ne vsebuje nogavic privzeto. \u010ce \u017eelite nogavice, izberite mo\u017enosti nogavic, da jih pla\u010date.<\/p>\n<p>Nasveti za tiskom: \u010ce sta ime in \u0161tevilka na sliki natanko to, kar \u017eelite, vam tega ni treba ve\u010d vna\u0161ati. \u010ce ni, potem vnesite \u017eeleno ime in \u0161tevilko.<\/p>\n<p>Nasveti za pranje: Priporo\u010dljivo je, da nogometni dresi operete ro\u010dno. \u010ce \u017eelite uporabiti pralni stroj, ne pozabite obrniti majice in jo nato oprati. In napolnite stroj s hladno vodo in uporabite ne\u017een cikel pranja, da boste bolj za\u0161\u010ditili barve.<\/p>","protected":false},"excerpt":{"rendered":"<p>Gostujo\u010di dres Newcastle United 2024-2025 vra\u010da videz dresi za goste 1995-96. Ima kostanjeve in modre vodoravne \u010drte v kombinaciji z belimi logotipi.Uradno so barve gostujo\u010di dresi Newcastle 24-25 \u201cTeam College Burgundy\/Night Sky\/White\u201d. Team College Burgundy se uporablja tudi za komplet za trening Newcastle United 24-25, kar daje dober vtis barve. Nasveti za nogavice: Majica ne [&hellip;]<\/p>","protected":false},"featured_media":21160,"comment_status":"open","ping_status":"closed","template":"","meta":[],"product_brand":[],"product_cat":[73,68],"product_tag":[1300,1005,153,220,1006,159,1004,148,147],"class_list":{"0":"post-21158","1":"product","2":"type-product","3":"status-publish","4":"has-post-thumbnail","6":"product_cat-otroski","7":"product_cat-nogometni-dresi-newcastle-united","8":"product_tag-bruno-guimaraes-dresi","9":"product_tag-dresi-newcastle-united-za-otroke","10":"product_tag-nogometni-dresi","11":"product_tag-nogometni-dresi-za-otroke","12":"product_tag-otroski-dresi-newcastle-united-z-lastnim-imenom","13":"product_tag-otroski-nogometni-dresi","14":"product_tag-otroski-nogometni-dresi-newcastle-united","15":"product_tag-poceni-nogometni-dresi","16":"product_tag-slovenski-nogometni-dresi","18":"first","19":"instock","20":"shipping-taxable","21":"purchasable","22":"product-type-variable"},"_links":{"self":[{"href":"https:\/\/www.nogometnizaotroke.com\/hr\/wp-json\/wp\/v2\/product\/21158","targetHints":{"allow":["GET"]}}],"collection":[{"href":"https:\/\/www.nogometnizaotroke.com\/hr\/wp-json\/wp\/v2\/product"}],"about":[{"href":"https:\/\/www.nogometnizaotroke.com\/hr\/wp-json\/wp\/v2\/types\/product"}],"replies":[{"embeddable":true,"href":"https:\/\/www.nogometnizaotroke.com\/hr\/wp-json\/wp\/v2\/comments?post=21158"}],"wp:featuredmedia":[{"embeddable":true,"href":"https:\/\/www.nogometnizaotroke.com\/hr\/wp-json\/wp\/v2\/media\/21160"}],"wp:attachment":[{"href":"https:\/\/www.nogometnizaotroke.com\/hr\/wp-json\/wp\/v2\/media?parent=21158"}],"wp:term":[{"taxonomy":"product_brand","embeddable":true,"href":"https:\/\/www.nogometnizaotroke.com\/hr\/wp-json\/wp\/v2\/product_brand?post=21158"},{"taxonomy":"product_cat","embeddable":true,"href":"https:\/\/www.nogometnizaotroke.com\/hr\/wp-json\/wp\/v2\/product_cat?post=21158"},{"taxonomy":"product_tag","embeddable":true,"href":"https:\/\/www.nogometnizaotroke.com\/hr\/wp-json\/wp\/v2\/product_tag?post=21158"}],"curies":[{"name":"wp","href":"https:\/\/api.w.org\/{rel}","templated":true}]}}