{"id":20963,"date":"2024-11-28T03:10:40","date_gmt":"2024-11-28T03:10:40","guid":{"rendered":"https:\/\/www.nogometnionline.com\/?post_type=product&#038;p=20963"},"modified":"2024-11-28T03:10:42","modified_gmt":"2024-11-28T03:10:42","slug":"moski-nogometni-dresi-kompleti-euro-2024-italija-gostujoci-bela-gianluigi-donnarumma-1","status":"publish","type":"product","link":"https:\/\/www.nogometnizaotroke.com\/hr\/product\/moski-nogometni-dresi-kompleti-euro-2024-italija-gostujoci-bela-gianluigi-donnarumma-1\/","title":{"rendered":"Mo\u0161ki Nogometni dresi kompleti Euro 2024 Italija Gostujo\u010di bela Gianluigi Donnarumma 1"},"content":{"rendered":"<p>Italija dresi Euro 2024 Gostujo\u010di zdru\u017euje belo osnovo z modrimi logotipi. Gostujo\u010di dres Italije 2024 izstopa po plo\u0161\u010dah na obeh straneh.Navdahnjen z dresom svetovnega pokala Teamgeist 2006 ima majica za goste Italija 2024 tribarvno plo\u0161\u010do, ki tvori italijansko zastavo \u2013 zelena, bela in rde\u010da.<\/p>\n<p>Nasveti za nogavice: Majica ne vsebuje nogavic privzeto. \u010ce \u017eelite nogavice, izberite mo\u017enosti nogavic, da jih pla\u010date.<\/p>\n<p>Nasveti za tiskom: \u010ce sta ime in \u0161tevilka na sliki natanko to, kar \u017eelite, vam tega ni treba ve\u010d vna\u0161ati. \u010ce ni, potem vnesite \u017eeleno ime in \u0161tevilko.<\/p>\n<p>Nasveti za pranje: Priporo\u010dljivo je, da nogometni dresi operete ro\u010dno. \u010ce \u017eelite uporabiti pralni stroj, ne pozabite obrniti majice in jo nato oprati. In napolnite stroj s hladno vodo in uporabite ne\u017een cikel pranja, da boste bolj za\u0161\u010ditili barve.<\/p>","protected":false},"excerpt":{"rendered":"<p>Italija dresi Euro 2024 Gostujo\u010di zdru\u017euje belo osnovo z modrimi logotipi. Gostujo\u010di dres Italije 2024 izstopa po plo\u0161\u010dah na obeh straneh.Navdahnjen z dresom svetovnega pokala Teamgeist 2006 ima majica za goste Italija 2024 tribarvno plo\u0161\u010do, ki tvori italijansko zastavo \u2013 zelena, bela in rde\u010da. Nasveti za nogavice: Majica ne vsebuje nogavic privzeto. \u010ce \u017eelite nogavice, [&hellip;]<\/p>","protected":false},"featured_media":20965,"comment_status":"open","ping_status":"closed","template":"","meta":[],"product_brand":[],"product_cat":[778,140,87],"product_tag":[1521,802,150,153,148,147],"class_list":{"0":"post-20963","1":"product","2":"type-product","3":"status-publish","4":"has-post-thumbnail","6":"product_cat-euro-2024","7":"product_cat-moski","8":"product_cat-dresi-italija-reprezentance","9":"product_tag-gianluigi-donnarumma-dresi","10":"product_tag-italija-euro-2024-dresi","11":"product_tag-moski-nogometni-dresi","12":"product_tag-nogometni-dresi","13":"product_tag-poceni-nogometni-dresi","14":"product_tag-slovenski-nogometni-dresi","16":"first","17":"instock","18":"shipping-taxable","19":"purchasable","20":"product-type-variable"},"_links":{"self":[{"href":"https:\/\/www.nogometnizaotroke.com\/hr\/wp-json\/wp\/v2\/product\/20963","targetHints":{"allow":["GET"]}}],"collection":[{"href":"https:\/\/www.nogometnizaotroke.com\/hr\/wp-json\/wp\/v2\/product"}],"about":[{"href":"https:\/\/www.nogometnizaotroke.com\/hr\/wp-json\/wp\/v2\/types\/product"}],"replies":[{"embeddable":true,"href":"https:\/\/www.nogometnizaotroke.com\/hr\/wp-json\/wp\/v2\/comments?post=20963"}],"wp:featuredmedia":[{"embeddable":true,"href":"https:\/\/www.nogometnizaotroke.com\/hr\/wp-json\/wp\/v2\/media\/20965"}],"wp:attachment":[{"href":"https:\/\/www.nogometnizaotroke.com\/hr\/wp-json\/wp\/v2\/media?parent=20963"}],"wp:term":[{"taxonomy":"product_brand","embeddable":true,"href":"https:\/\/www.nogometnizaotroke.com\/hr\/wp-json\/wp\/v2\/product_brand?post=20963"},{"taxonomy":"product_cat","embeddable":true,"href":"https:\/\/www.nogometnizaotroke.com\/hr\/wp-json\/wp\/v2\/product_cat?post=20963"},{"taxonomy":"product_tag","embeddable":true,"href":"https:\/\/www.nogometnizaotroke.com\/hr\/wp-json\/wp\/v2\/product_tag?post=20963"}],"curies":[{"name":"wp","href":"https:\/\/api.w.org\/{rel}","templated":true}]}}