{"id":20952,"date":"2024-11-28T02:54:39","date_gmt":"2024-11-28T02:54:39","guid":{"rendered":"https:\/\/www.nogometnionline.com\/?post_type=product&#038;p=20952"},"modified":"2024-11-28T02:54:41","modified_gmt":"2024-11-28T02:54:41","slug":"poceni-nogometni-dresi-kompleti-francija-domaci-ep-2024-theo-hernandez-22","status":"publish","type":"product","link":"https:\/\/www.nogometnizaotroke.com\/hr\/product\/poceni-nogometni-dresi-kompleti-francija-domaci-ep-2024-theo-hernandez-22\/","title":{"rendered":"Poceni Nogometni dresi kompleti Francija Doma\u010di EP 2024 Theo Hernandez 22"},"content":{"rendered":"<p>Francija Reprezentance Doma\u010di EM 2024 dresi ima klasi\u010den, a eleganten dizajn. V glavnem je \u201csvetlo modra\u201d, ki se odmika od mornarske barvne sheme leta 2022. V kombinaciji s tem modrim odtenkom sta \u201cuniverzitetna rde\u010da\u201d in bela.<br \/>\nKar je najbolj presenetljivo pri dresu Francije 2024, je grb. Swoosh se je za\u010del novo klasi\u010dno barvno shemo slavnega logotipa FFF. Tudi greben ima velikansko velikost. Ovratnica ima trobojnica in edinstveno zamaknjeno v-konstrukcijo.<\/p>\n<p>Nasveti za nogavice: Majica ne vsebuje nogavic privzeto. \u010ce \u017eelite nogavice, izberite mo\u017enosti nogavic, da jih pla\u010date.<\/p>\n<p>Nasveti za tiskom: \u010ce sta ime in \u0161tevilka na sliki natanko to, kar \u017eelite, vam tega ni treba ve\u010d vna\u0161ati. \u010ce ni, potem vnesite \u017eeleno ime in \u0161tevilko.<\/p>\n<p>Nasveti za pranje: Priporo\u010dljivo je, da nogometni dresi operete ro\u010dno. \u010ce \u017eelite uporabiti pralni stroj, ne pozabite obrniti majice in jo nato oprati. In napolnite stroj s hladno vodo in uporabite ne\u017een cikel pranja, da boste bolj za\u0161\u010ditili barve.<\/p>","protected":false},"excerpt":{"rendered":"<p>Francija Reprezentance Doma\u010di EM 2024 dresi ima klasi\u010den, a eleganten dizajn. V glavnem je \u201csvetlo modra\u201d, ki se odmika od mornarske barvne sheme leta 2022. V kombinaciji s tem modrim odtenkom sta \u201cuniverzitetna rde\u010da\u201d in bela. Kar je najbolj presenetljivo pri dresu Francije 2024, je grb. Swoosh se je za\u010del novo klasi\u010dno barvno shemo slavnega [&hellip;]<\/p>","protected":false},"featured_media":20954,"comment_status":"open","ping_status":"closed","template":"","meta":[],"product_brand":[],"product_cat":[778,140,76],"product_tag":[786,150,153,148,147,1209],"class_list":{"0":"post-20952","1":"product","2":"type-product","3":"status-publish","4":"has-post-thumbnail","6":"product_cat-euro-2024","7":"product_cat-moski","8":"product_cat-dresi-francija-reprezentance","9":"product_tag-francija-euro-2024-dresi","10":"product_tag-moski-nogometni-dresi","11":"product_tag-nogometni-dresi","12":"product_tag-poceni-nogometni-dresi","13":"product_tag-slovenski-nogometni-dresi","14":"product_tag-theo-hernandez-dresi","16":"first","17":"instock","18":"shipping-taxable","19":"purchasable","20":"product-type-variable"},"_links":{"self":[{"href":"https:\/\/www.nogometnizaotroke.com\/hr\/wp-json\/wp\/v2\/product\/20952","targetHints":{"allow":["GET"]}}],"collection":[{"href":"https:\/\/www.nogometnizaotroke.com\/hr\/wp-json\/wp\/v2\/product"}],"about":[{"href":"https:\/\/www.nogometnizaotroke.com\/hr\/wp-json\/wp\/v2\/types\/product"}],"replies":[{"embeddable":true,"href":"https:\/\/www.nogometnizaotroke.com\/hr\/wp-json\/wp\/v2\/comments?post=20952"}],"wp:featuredmedia":[{"embeddable":true,"href":"https:\/\/www.nogometnizaotroke.com\/hr\/wp-json\/wp\/v2\/media\/20954"}],"wp:attachment":[{"href":"https:\/\/www.nogometnizaotroke.com\/hr\/wp-json\/wp\/v2\/media?parent=20952"}],"wp:term":[{"taxonomy":"product_brand","embeddable":true,"href":"https:\/\/www.nogometnizaotroke.com\/hr\/wp-json\/wp\/v2\/product_brand?post=20952"},{"taxonomy":"product_cat","embeddable":true,"href":"https:\/\/www.nogometnizaotroke.com\/hr\/wp-json\/wp\/v2\/product_cat?post=20952"},{"taxonomy":"product_tag","embeddable":true,"href":"https:\/\/www.nogometnizaotroke.com\/hr\/wp-json\/wp\/v2\/product_tag?post=20952"}],"curies":[{"name":"wp","href":"https:\/\/api.w.org\/{rel}","templated":true}]}}