{"id":20882,"date":"2024-11-27T02:54:34","date_gmt":"2024-11-27T02:54:34","guid":{"rendered":"https:\/\/www.nogometnionline.com\/?post_type=product&#038;p=20882"},"modified":"2024-11-27T02:56:26","modified_gmt":"2024-11-27T02:56:26","slug":"poceni-nogometni-dresi-kompleti-francija-gostujoci-euro-2024-olivier-giroud-9","status":"publish","type":"product","link":"https:\/\/www.nogometnizaotroke.com\/hr\/product\/poceni-nogometni-dresi-kompleti-francija-gostujoci-euro-2024-olivier-giroud-9\/","title":{"rendered":"Poceni Nogometni dresi kompleti Francija Gostujo\u010di Euro 2024 Olivier Giroud 9"},"content":{"rendered":"<p>Gostujo\u010di dres Francija Euro 2024 zdru\u017euje belo osnovo s kraljevsko modro barvo. Oblika prelivajo\u010dih se \u010drt je najbolj izjemna \u2013 gre od modre (desna stran) do rde\u010de (leva stran).Gostujo\u010di komplet za evropsko prvenstvo v Francija 2024 ima moder ovratnik in modre man\u0161ete na rokavih.Kar izstopa na sprednji strani, je ogromen, popolnoma obarvan francoski grb, ki je debatiral za Euro 2024 in se bo morda uporabljal tudi po turnirju.<\/p>\n<p>Nasveti za nogavice: Majica ne vsebuje nogavic privzeto. \u010ce \u017eelite nogavice, izberite mo\u017enosti nogavic, da jih pla\u010date.<\/p>\n<p>Nasveti za tiskom: \u010ce sta ime in \u0161tevilka na sliki natanko to, kar \u017eelite, vam tega ni treba ve\u010d vna\u0161ati. \u010ce ni, potem vnesite \u017eeleno ime in \u0161tevilko.<\/p>\n<p>Nasveti za pranje: Priporo\u010dljivo je, da nogometni dresi operete ro\u010dno. \u010ce \u017eelite uporabiti pralni stroj, ne pozabite obrniti majice in jo nato oprati. In napolnite stroj s hladno vodo in uporabite ne\u017een cikel pranja, da boste bolj za\u0161\u010ditili barve.<\/p>","protected":false},"excerpt":{"rendered":"<p>Gostujo\u010di dres Francija Euro 2024 zdru\u017euje belo osnovo s kraljevsko modro barvo. Oblika prelivajo\u010dih se \u010drt je najbolj izjemna \u2013 gre od modre (desna stran) do rde\u010de (leva stran).Gostujo\u010di komplet za evropsko prvenstvo v Francija 2024 ima moder ovratnik in modre man\u0161ete na rokavih.Kar izstopa na sprednji strani, je ogromen, popolnoma obarvan francoski grb, ki [&hellip;]<\/p>","protected":false},"featured_media":20884,"comment_status":"open","ping_status":"closed","template":"","meta":[],"product_brand":[],"product_cat":[778,140,76],"product_tag":[786,150,153,1518,148,147],"class_list":{"0":"post-20882","1":"product","2":"type-product","3":"status-publish","4":"has-post-thumbnail","6":"product_cat-euro-2024","7":"product_cat-moski","8":"product_cat-dresi-francija-reprezentance","9":"product_tag-francija-euro-2024-dresi","10":"product_tag-moski-nogometni-dresi","11":"product_tag-nogometni-dresi","12":"product_tag-olivier-giroud-dresi","13":"product_tag-poceni-nogometni-dresi","14":"product_tag-slovenski-nogometni-dresi","16":"first","17":"instock","18":"shipping-taxable","19":"purchasable","20":"product-type-variable"},"_links":{"self":[{"href":"https:\/\/www.nogometnizaotroke.com\/hr\/wp-json\/wp\/v2\/product\/20882","targetHints":{"allow":["GET"]}}],"collection":[{"href":"https:\/\/www.nogometnizaotroke.com\/hr\/wp-json\/wp\/v2\/product"}],"about":[{"href":"https:\/\/www.nogometnizaotroke.com\/hr\/wp-json\/wp\/v2\/types\/product"}],"replies":[{"embeddable":true,"href":"https:\/\/www.nogometnizaotroke.com\/hr\/wp-json\/wp\/v2\/comments?post=20882"}],"wp:featuredmedia":[{"embeddable":true,"href":"https:\/\/www.nogometnizaotroke.com\/hr\/wp-json\/wp\/v2\/media\/20884"}],"wp:attachment":[{"href":"https:\/\/www.nogometnizaotroke.com\/hr\/wp-json\/wp\/v2\/media?parent=20882"}],"wp:term":[{"taxonomy":"product_brand","embeddable":true,"href":"https:\/\/www.nogometnizaotroke.com\/hr\/wp-json\/wp\/v2\/product_brand?post=20882"},{"taxonomy":"product_cat","embeddable":true,"href":"https:\/\/www.nogometnizaotroke.com\/hr\/wp-json\/wp\/v2\/product_cat?post=20882"},{"taxonomy":"product_tag","embeddable":true,"href":"https:\/\/www.nogometnizaotroke.com\/hr\/wp-json\/wp\/v2\/product_tag?post=20882"}],"curies":[{"name":"wp","href":"https:\/\/api.w.org\/{rel}","templated":true}]}}