{"id":20605,"date":"2024-11-21T11:56:21","date_gmt":"2024-11-21T11:56:21","guid":{"rendered":"https:\/\/www.nogometnionline.com\/?post_type=product&#038;p=20605"},"modified":"2025-04-16T08:21:42","modified_gmt":"2025-04-16T08:21:42","slug":"otroski-nogometni-dresi-kompleti-za-otroke-atletico-madrid-tretji-2024-25-julian-alvarez-19","status":"publish","type":"product","link":"https:\/\/www.nogometnizaotroke.com\/hr\/product\/otroski-nogometni-dresi-kompleti-za-otroke-atletico-madrid-tretji-2024-25-julian-alvarez-19\/","title":{"rendered":"Otro\u0161ki Nogometni Dresi Kompleti za otroke Atletico Madrid Tretji 2024-25 Julian Alvarez 19"},"content":{"rendered":"<p>Tretji dres Atletico Madrid 2024\u201325 je prete\u017eno moder v kombinaciji z osupljivimi ro\u017enatimi poudarki. Uradne barve so \u201cBlue Void\/Pink Glow\u201d.Tako kot ostali tretji kompleti za sezono 24-25 ima tudi tretji komplet Atl\u00e9tico 2024-25 navpi\u010dni Swoosh, sestavljen iz velikega in majhnega.<\/p>\n<p>Nasveti za nogavice: Majica ne vsebuje nogavic privzeto. \u010ce \u017eelite nogavice, izberite mo\u017enosti nogavic, da jih pla\u010date.<\/p>\n<p>Nasveti za tiskom: \u010ce sta ime in \u0161tevilka na sliki natanko to, kar \u017eelite, vam tega ni treba ve\u010d vna\u0161ati. \u010ce ni, potem vnesite \u017eeleno ime in \u0161tevilko.<\/p>\n<p>Nasveti za pranje: Priporo\u010dljivo je, da nogometni dresi operete ro\u010dno. \u010ce \u017eelite uporabiti pralni stroj, ne pozabite obrniti majice in jo nato oprati. In napolnite stroj s hladno vodo in uporabite ne\u017een cikel pranja, da boste bolj za\u0161\u010ditili barve.<\/p>","protected":false},"excerpt":{"rendered":"<p>Tretji dres Atletico Madrid 2024\u201325 je prete\u017eno moder v kombinaciji z osupljivimi ro\u017enatimi poudarki. Uradne barve so \u201cBlue Void\/Pink Glow\u201d.Tako kot ostali tretji kompleti za sezono 24-25 ima tudi tretji komplet Atl\u00e9tico 2024-25 navpi\u010dni Swoosh, sestavljen iz velikega in majhnega. Nasveti za nogavice: Majica ne vsebuje nogavic privzeto. \u010ce \u017eelite nogavice, izberite mo\u017enosti nogavic, da [&hellip;]<\/p>","protected":false},"featured_media":20607,"comment_status":"open","ping_status":"closed","template":"","meta":[],"product_brand":[],"product_cat":[73,41],"product_tag":[999,1387,153,220,1000,159,998,148,147],"class_list":{"0":"post-20605","1":"product","2":"type-product","3":"status-publish","4":"has-post-thumbnail","6":"product_cat-otroski","7":"product_cat-nogometni-dresi-atletico-madrid","8":"product_tag-dresi-atletico-madrid-za-otroke","9":"product_tag-julian-alvarez-dresi","10":"product_tag-nogometni-dresi","11":"product_tag-nogometni-dresi-za-otroke","12":"product_tag-otroski-dresi-atletico-madrid-z-lastnim-imenom","13":"product_tag-otroski-nogometni-dresi","14":"product_tag-otroski-nogometni-dresi-atletico-madrid","15":"product_tag-poceni-nogometni-dresi","16":"product_tag-slovenski-nogometni-dresi","18":"first","19":"instock","20":"shipping-taxable","21":"purchasable","22":"product-type-variable"},"_links":{"self":[{"href":"https:\/\/www.nogometnizaotroke.com\/hr\/wp-json\/wp\/v2\/product\/20605","targetHints":{"allow":["GET"]}}],"collection":[{"href":"https:\/\/www.nogometnizaotroke.com\/hr\/wp-json\/wp\/v2\/product"}],"about":[{"href":"https:\/\/www.nogometnizaotroke.com\/hr\/wp-json\/wp\/v2\/types\/product"}],"replies":[{"embeddable":true,"href":"https:\/\/www.nogometnizaotroke.com\/hr\/wp-json\/wp\/v2\/comments?post=20605"}],"wp:featuredmedia":[{"embeddable":true,"href":"https:\/\/www.nogometnizaotroke.com\/hr\/wp-json\/wp\/v2\/media\/20607"}],"wp:attachment":[{"href":"https:\/\/www.nogometnizaotroke.com\/hr\/wp-json\/wp\/v2\/media?parent=20605"}],"wp:term":[{"taxonomy":"product_brand","embeddable":true,"href":"https:\/\/www.nogometnizaotroke.com\/hr\/wp-json\/wp\/v2\/product_brand?post=20605"},{"taxonomy":"product_cat","embeddable":true,"href":"https:\/\/www.nogometnizaotroke.com\/hr\/wp-json\/wp\/v2\/product_cat?post=20605"},{"taxonomy":"product_tag","embeddable":true,"href":"https:\/\/www.nogometnizaotroke.com\/hr\/wp-json\/wp\/v2\/product_tag?post=20605"}],"curies":[{"name":"wp","href":"https:\/\/api.w.org\/{rel}","templated":true}]}}