{"id":20489,"date":"2024-11-20T02:36:00","date_gmt":"2024-11-20T02:36:00","guid":{"rendered":"https:\/\/www.nogometnionline.com\/?post_type=product&#038;p=20489"},"modified":"2024-11-20T02:36:02","modified_gmt":"2024-11-20T02:36:02","slug":"otroski-nogometni-dresi-kompleti-za-otroke-atletico-madrid-gostujoci-2024-25-antoine-griezmann-7","status":"publish","type":"product","link":"https:\/\/www.nogometnizaotroke.com\/hr\/product\/otroski-nogometni-dresi-kompleti-za-otroke-atletico-madrid-gostujoci-2024-25-antoine-griezmann-7\/","title":{"rendered":"Otro\u0161ki Nogometni Dresi Kompleti za otroke Atletico Madrid Gostujo\u010di 2024-25 Antoine Griezmann 7"},"content":{"rendered":"<p>Navdih za oblikovalske izhodi\u0161\u010da gostujo\u010di dres Atl\u00e9tico Madrid 2024\/25 je ikoni\u010dni Neptunov vodnjak, cenjeno zbirali\u0161\u010de navija\u010dev Atletica, ki proslavljajo zmagoslavje svoje ekipe. Ta izbira teme je povezana z bogato zgodovino kluba, \u0161e posebej obuja spomine na pomembno sezono 1995\/96, ko je Atl\u00e9tico dosegel impresiven doma\u010di dvojni zmagovalec.Notranjost ovratnika ima osupljiv rde\u010d trizob, zna\u010dilno Neptunovo oro\u017eje, natisnjen kot skriti emblem.<\/p>\n<p>Nasveti za nogavice: Majica ne vsebuje nogavic privzeto. \u010ce \u017eelite nogavice, izberite mo\u017enosti nogavic, da jih pla\u010date.<\/p>\n<p>Nasveti za tiskom: \u010ce sta ime in \u0161tevilka na sliki natanko to, kar \u017eelite, vam tega ni treba ve\u010d vna\u0161ati. \u010ce ni, potem vnesite \u017eeleno ime in \u0161tevilko.<\/p>\n<p>Nasveti za pranje: Priporo\u010dljivo je, da nogometni dresi operete ro\u010dno. \u010ce \u017eelite uporabiti pralni stroj, ne pozabite obrniti majice in jo nato oprati. In napolnite stroj s hladno vodo in uporabite ne\u017een cikel pranja, da boste bolj za\u0161\u010ditili barve.<\/p>","protected":false},"excerpt":{"rendered":"<p>Navdih za oblikovalske izhodi\u0161\u010da gostujo\u010di dres Atl\u00e9tico Madrid 2024\/25 je ikoni\u010dni Neptunov vodnjak, cenjeno zbirali\u0161\u010de navija\u010dev Atletica, ki proslavljajo zmagoslavje svoje ekipe. Ta izbira teme je povezana z bogato zgodovino kluba, \u0161e posebej obuja spomine na pomembno sezono 1995\/96, ko je Atl\u00e9tico dosegel impresiven doma\u010di dvojni zmagovalec.Notranjost ovratnika ima osupljiv rde\u010d trizob, zna\u010dilno Neptunovo oro\u017eje, [&hellip;]<\/p>","protected":false},"featured_media":20491,"comment_status":"open","ping_status":"closed","template":"","meta":[],"product_brand":[],"product_cat":[73,41],"product_tag":[1503,999,153,220,1000,159,998,148,147],"class_list":{"0":"post-20489","1":"product","2":"type-product","3":"status-publish","4":"has-post-thumbnail","6":"product_cat-otroski","7":"product_cat-nogometni-dresi-atletico-madrid","8":"product_tag-antoine-griezmann-dresi","9":"product_tag-dresi-atletico-madrid-za-otroke","10":"product_tag-nogometni-dresi","11":"product_tag-nogometni-dresi-za-otroke","12":"product_tag-otroski-dresi-atletico-madrid-z-lastnim-imenom","13":"product_tag-otroski-nogometni-dresi","14":"product_tag-otroski-nogometni-dresi-atletico-madrid","15":"product_tag-poceni-nogometni-dresi","16":"product_tag-slovenski-nogometni-dresi","18":"first","19":"instock","20":"shipping-taxable","21":"purchasable","22":"product-type-variable"},"_links":{"self":[{"href":"https:\/\/www.nogometnizaotroke.com\/hr\/wp-json\/wp\/v2\/product\/20489","targetHints":{"allow":["GET"]}}],"collection":[{"href":"https:\/\/www.nogometnizaotroke.com\/hr\/wp-json\/wp\/v2\/product"}],"about":[{"href":"https:\/\/www.nogometnizaotroke.com\/hr\/wp-json\/wp\/v2\/types\/product"}],"replies":[{"embeddable":true,"href":"https:\/\/www.nogometnizaotroke.com\/hr\/wp-json\/wp\/v2\/comments?post=20489"}],"wp:featuredmedia":[{"embeddable":true,"href":"https:\/\/www.nogometnizaotroke.com\/hr\/wp-json\/wp\/v2\/media\/20491"}],"wp:attachment":[{"href":"https:\/\/www.nogometnizaotroke.com\/hr\/wp-json\/wp\/v2\/media?parent=20489"}],"wp:term":[{"taxonomy":"product_brand","embeddable":true,"href":"https:\/\/www.nogometnizaotroke.com\/hr\/wp-json\/wp\/v2\/product_brand?post=20489"},{"taxonomy":"product_cat","embeddable":true,"href":"https:\/\/www.nogometnizaotroke.com\/hr\/wp-json\/wp\/v2\/product_cat?post=20489"},{"taxonomy":"product_tag","embeddable":true,"href":"https:\/\/www.nogometnizaotroke.com\/hr\/wp-json\/wp\/v2\/product_tag?post=20489"}],"curies":[{"name":"wp","href":"https:\/\/api.w.org\/{rel}","templated":true}]}}