{"id":20264,"date":"2024-11-18T03:04:22","date_gmt":"2024-11-18T03:04:22","guid":{"rendered":"https:\/\/www.nogometnionline.com\/?post_type=product&#038;p=20264"},"modified":"2025-03-11T02:25:53","modified_gmt":"2025-03-11T02:25:53","slug":"otroski-nogometni-dresi-za-otroke-paris-saint-germain-psg-domaci-2024-25-milan-skriniar-37","status":"publish","type":"product","link":"https:\/\/www.nogometnizaotroke.com\/hr\/product\/otroski-nogometni-dresi-za-otroke-paris-saint-germain-psg-domaci-2024-25-milan-skriniar-37\/","title":{"rendered":"Poceni Otro\u0161ki Nogometni Dresi kompleti AC Milan Vratar Doma\u010di 2024-25 \u010crna Mike Maignan 16"},"content":{"rendered":"<p>Majica doma\u010dega nogometa PSG 2024-25 se vra\u010da k klubskemu klasi\u010dnemu Hechterju. Zadnji dres Paris Saint-Germaina s klasi\u010dnim Hechterjem je bil doma\u010di dres 2020-21.Majica Hechter je legendarni simbol zgodovine in identitete Paris Saint-Germaina. Oblikoval ga je modna ikona Daniel Hechter, navdihnili pa so ga avto Mustang in barve Ajaxa.<\/p>\n<p>Nasveti za nogavice: Majica ne vsebuje nogavic privzeto. \u010ce \u017eelite nogavice, izberite mo\u017enosti nogavic, da jih pla\u010date.<\/p>\n<p>Nasveti za tiskom: \u010ce sta ime in \u0161tevilka na sliki natanko to, kar \u017eelite, vam tega ni treba ve\u010d vna\u0161ati. \u010ce ni, potem vnesite \u017eeleno ime in \u0161tevilko.<\/p>\n<p>Nasveti za pranje: Priporo\u010dljivo je, da nogometni dresi operete ro\u010dno. \u010ce \u017eelite uporabiti pralni stroj, ne pozabite obrniti majice in jo nato oprati. In napolnite stroj s hladno vodo in uporabite ne\u017een cikel pranja, da boste bolj za\u0161\u010ditili barve.<\/p>","protected":false},"excerpt":{"rendered":"<p>Majica doma\u010dega nogometa PSG 2024-25 se vra\u010da k klubskemu klasi\u010dnemu Hechterju. Zadnji dres Paris Saint-Germaina s klasi\u010dnim Hechterjem je bil doma\u010di dres 2020-21.Majica Hechter je legendarni simbol zgodovine in identitete Paris Saint-Germaina. Oblikoval ga je modna ikona Daniel Hechter, navdihnili pa so ga avto Mustang in barve Ajaxa. Nasveti za nogavice: Majica ne vsebuje nogavic [&hellip;]<\/p>","protected":false},"featured_media":23796,"comment_status":"open","ping_status":"closed","template":"","meta":[],"product_brand":[],"product_cat":[73,37],"product_tag":[1676,1674,1677,1678,1679,159,188,1680],"class_list":{"0":"post-20264","1":"product","2":"type-product","3":"status-publish","4":"has-post-thumbnail","6":"product_cat-otroski","7":"product_cat-nogometni-dresi-psg","8":"product_tag-mike-maignan-dresi","9":"product_tag-nogometni-dres-slovenija","10":"product_tag-nogometni-dresi-za-otroke-ac-milan","11":"product_tag-nogometni-otroski-dresi","12":"product_tag-otroski-dres-za-nogomet","13":"product_tag-otroski-nogometni-dresi","14":"product_tag-poceni-nogometni-dresi-ac-milan-z-lastnim-imenom-online","15":"product_tag-poceni-nogometni-dresi-kompleti","17":"first","18":"instock","19":"shipping-taxable","20":"purchasable","21":"product-type-variable"},"_links":{"self":[{"href":"https:\/\/www.nogometnizaotroke.com\/hr\/wp-json\/wp\/v2\/product\/20264","targetHints":{"allow":["GET"]}}],"collection":[{"href":"https:\/\/www.nogometnizaotroke.com\/hr\/wp-json\/wp\/v2\/product"}],"about":[{"href":"https:\/\/www.nogometnizaotroke.com\/hr\/wp-json\/wp\/v2\/types\/product"}],"replies":[{"embeddable":true,"href":"https:\/\/www.nogometnizaotroke.com\/hr\/wp-json\/wp\/v2\/comments?post=20264"}],"wp:featuredmedia":[{"embeddable":true,"href":"https:\/\/www.nogometnizaotroke.com\/hr\/wp-json\/wp\/v2\/media\/23796"}],"wp:attachment":[{"href":"https:\/\/www.nogometnizaotroke.com\/hr\/wp-json\/wp\/v2\/media?parent=20264"}],"wp:term":[{"taxonomy":"product_brand","embeddable":true,"href":"https:\/\/www.nogometnizaotroke.com\/hr\/wp-json\/wp\/v2\/product_brand?post=20264"},{"taxonomy":"product_cat","embeddable":true,"href":"https:\/\/www.nogometnizaotroke.com\/hr\/wp-json\/wp\/v2\/product_cat?post=20264"},{"taxonomy":"product_tag","embeddable":true,"href":"https:\/\/www.nogometnizaotroke.com\/hr\/wp-json\/wp\/v2\/product_tag?post=20264"}],"curies":[{"name":"wp","href":"https:\/\/api.w.org\/{rel}","templated":true}]}}