{"id":20141,"date":"2024-11-15T03:46:01","date_gmt":"2024-11-15T03:46:01","guid":{"rendered":"https:\/\/www.nogometnionline.com\/?post_type=product&#038;p=20141"},"modified":"2024-12-07T10:11:44","modified_gmt":"2024-12-07T10:11:44","slug":"otroski-nogometni-dresi-kompleti-za-otroke-al-nassr-tretji-2024-25-bela-z-lastnim-tiskom","status":"publish","type":"product","link":"https:\/\/www.nogometnizaotroke.com\/hr\/product\/otroski-nogometni-dresi-kompleti-za-otroke-al-nassr-tretji-2024-25-bela-z-lastnim-tiskom\/","title":{"rendered":"Otro\u0161ki Nogometni dresi kompleti za otroke Al-Nassr Tretji 2024-25 bela z lastnim tiskom"},"content":{"rendered":"<p>Tretji nogometni dres Al-Nassr 2024\u20132025 je v glavnem bel, tako kot prej\u0161njo sezono. Namesto ble\u0161\u010de\u010dega videza prej\u0161nje sezone tretji dres Al-Nassr 2024-25 zdru\u017euje zlate logotipe in aplikacije.<\/p>\n<p>Nasveti za nogavice: Majica ne vsebuje nogavic privzeto. \u010ce \u017eelite nogavice, izberite mo\u017enosti nogavic, da jih pla\u010date.<\/p>\n<p>Nasveti za tiskom: \u010ce sta ime in \u0161tevilka na sliki natanko to, kar \u017eelite, vam tega ni treba ve\u010d vna\u0161ati. \u010ce ni, potem vnesite \u017eeleno ime in \u0161tevilko.<\/p>\n<p>Nasveti za pranje: Priporo\u010dljivo je, da nogometni dresi operete ro\u010dno. \u010ce \u017eelite uporabiti pralni stroj, ne pozabite obrniti majice in jo nato oprati. In napolnite stroj s hladno vodo in uporabite ne\u017een cikel pranja, da boste bolj za\u0161\u010ditili barve.<\/p>","protected":false},"excerpt":{"rendered":"<p>Tretji nogometni dres Al-Nassr 2024\u20132025 je v glavnem bel, tako kot prej\u0161njo sezono. Namesto ble\u0161\u010de\u010dega videza prej\u0161nje sezone tretji dres Al-Nassr 2024-25 zdru\u017euje zlate logotipe in aplikacije. Nasveti za nogavice: Majica ne vsebuje nogavic privzeto. \u010ce \u017eelite nogavice, izberite mo\u017enosti nogavic, da jih pla\u010date. Nasveti za tiskom: \u010ce sta ime in \u0161tevilka na sliki natanko [&hellip;]<\/p>","protected":false},"featured_media":20143,"comment_status":"open","ping_status":"closed","template":"","meta":[],"product_brand":[],"product_cat":[598,73],"product_tag":[217,1259,667,159,148,1258,599,147],"class_list":{"0":"post-20141","1":"product","2":"type-product","3":"status-publish","4":"has-post-thumbnail","6":"product_cat-nogometni-dresi-al-nassr","7":"product_cat-otroski","8":"product_tag-najcenejsi-nogometni-dresi","9":"product_tag-nogometni-dresi-al-nassr-z-lastnim-imenom","10":"product_tag-nogometni-dresi-za-otroski-z-lastnim-tiskom","11":"product_tag-otroski-nogometni-dresi","12":"product_tag-poceni-nogometni-dresi","13":"product_tag-poceni-nogometni-dresi-al-nassr","14":"product_tag-poceni-nogometni-dresi-al-nassr-z-lastnim-imenom-online","15":"product_tag-slovenski-nogometni-dresi","17":"first","18":"instock","19":"shipping-taxable","20":"purchasable","21":"product-type-variable"},"_links":{"self":[{"href":"https:\/\/www.nogometnizaotroke.com\/hr\/wp-json\/wp\/v2\/product\/20141","targetHints":{"allow":["GET"]}}],"collection":[{"href":"https:\/\/www.nogometnizaotroke.com\/hr\/wp-json\/wp\/v2\/product"}],"about":[{"href":"https:\/\/www.nogometnizaotroke.com\/hr\/wp-json\/wp\/v2\/types\/product"}],"replies":[{"embeddable":true,"href":"https:\/\/www.nogometnizaotroke.com\/hr\/wp-json\/wp\/v2\/comments?post=20141"}],"wp:featuredmedia":[{"embeddable":true,"href":"https:\/\/www.nogometnizaotroke.com\/hr\/wp-json\/wp\/v2\/media\/20143"}],"wp:attachment":[{"href":"https:\/\/www.nogometnizaotroke.com\/hr\/wp-json\/wp\/v2\/media?parent=20141"}],"wp:term":[{"taxonomy":"product_brand","embeddable":true,"href":"https:\/\/www.nogometnizaotroke.com\/hr\/wp-json\/wp\/v2\/product_brand?post=20141"},{"taxonomy":"product_cat","embeddable":true,"href":"https:\/\/www.nogometnizaotroke.com\/hr\/wp-json\/wp\/v2\/product_cat?post=20141"},{"taxonomy":"product_tag","embeddable":true,"href":"https:\/\/www.nogometnizaotroke.com\/hr\/wp-json\/wp\/v2\/product_tag?post=20141"}],"curies":[{"name":"wp","href":"https:\/\/api.w.org\/{rel}","templated":true}]}}