{"id":19812,"date":"2024-11-09T04:01:30","date_gmt":"2024-11-09T04:01:30","guid":{"rendered":"https:\/\/www.nogometnionline.com\/?post_type=product&#038;p=19812"},"modified":"2024-11-09T04:37:21","modified_gmt":"2024-11-09T04:37:21","slug":"otroski-nogometni-dresi-kompleti-za-otroke-juventus-tretji-2024-25-andrea-cambiaso-27","status":"publish","type":"product","link":"https:\/\/www.nogometnizaotroke.com\/hr\/product\/otroski-nogometni-dresi-kompleti-za-otroke-juventus-tretji-2024-25-andrea-cambiaso-27\/","title":{"rendered":"Otro\u0161ki Nogometni dresi kompleti za otroke Juventus Tretji 2024-25 Andrea Cambiaso 27"},"content":{"rendered":"<p>Novi Otro\u0161ki tretji dres Juventus FC 24-25 je prete\u017eno antraciten z zlatimi logotipi.Najbolj zanimiva lastnost tretji dresi Juventus FC 24-25 je videz logotipa Trefoil in grba Juventus zebra. To prina\u0161a klasiko in nostalgijo v tretji dres Juventus 24-25.<\/p>\n<p>Nasveti za nogavice: Majica ne vsebuje nogavic privzeto. \u010ce \u017eelite nogavice, izberite mo\u017enosti nogavic, da jih pla\u010date.<\/p>\n<p>Nasveti za tiskom: \u010ce sta ime in \u0161tevilka na sliki natanko to, kar \u017eelite, vam tega ni treba ve\u010d vna\u0161ati. \u010ce ni, potem vnesite \u017eeleno ime in \u0161tevilko.<\/p>\n<p>Nasveti za pranje: Priporo\u010dljivo je, da nogometni dresi operete ro\u010dno. \u010ce \u017eelite uporabiti pralni stroj, ne pozabite obrniti majice in jo nato oprati. In napolnite stroj s hladno vodo in uporabite ne\u017een cikel pranja, da boste bolj za\u0161\u010ditili barve.<\/p>","protected":false},"excerpt":{"rendered":"<p>Novi Otro\u0161ki tretji dres Juventus FC 24-25 je prete\u017eno antraciten z zlatimi logotipi.Najbolj zanimiva lastnost tretji dresi Juventus FC 24-25 je videz logotipa Trefoil in grba Juventus zebra. To prina\u0161a klasiko in nostalgijo v tretji dres Juventus 24-25. Nasveti za nogavice: Majica ne vsebuje nogavic privzeto. \u010ce \u017eelite nogavice, izberite mo\u017enosti nogavic, da jih pla\u010date. [&hellip;]<\/p>","protected":false},"featured_media":19814,"comment_status":"open","ping_status":"closed","template":"","meta":[],"product_brand":[],"product_cat":[73,36],"product_tag":[1472,1092,220,1093,159,1091,148,198,373,147],"class_list":{"0":"post-19812","1":"product","2":"type-product","3":"status-publish","4":"has-post-thumbnail","6":"product_cat-otroski","7":"product_cat-nogometni-dresi-juventus","8":"product_tag-andrea-cambiaso-dresi","9":"product_tag-dresi-juventus-za-otroke","10":"product_tag-nogometni-dresi-za-otroke","11":"product_tag-otroski-dresi-juventus-z-lastnim-imenom","12":"product_tag-otroski-nogometni-dresi","13":"product_tag-otroski-nogometni-dresi-juventus","14":"product_tag-poceni-nogometni-dresi","15":"product_tag-poceni-nogometni-dresi-juventus-z-lastnim-imenom-online","16":"product_tag-poceni-otroski-nogometni-dresi-juventus-z-lastnim-imenom","17":"product_tag-slovenski-nogometni-dresi","19":"first","20":"instock","21":"shipping-taxable","22":"purchasable","23":"product-type-variable"},"_links":{"self":[{"href":"https:\/\/www.nogometnizaotroke.com\/hr\/wp-json\/wp\/v2\/product\/19812","targetHints":{"allow":["GET"]}}],"collection":[{"href":"https:\/\/www.nogometnizaotroke.com\/hr\/wp-json\/wp\/v2\/product"}],"about":[{"href":"https:\/\/www.nogometnizaotroke.com\/hr\/wp-json\/wp\/v2\/types\/product"}],"replies":[{"embeddable":true,"href":"https:\/\/www.nogometnizaotroke.com\/hr\/wp-json\/wp\/v2\/comments?post=19812"}],"wp:featuredmedia":[{"embeddable":true,"href":"https:\/\/www.nogometnizaotroke.com\/hr\/wp-json\/wp\/v2\/media\/19814"}],"wp:attachment":[{"href":"https:\/\/www.nogometnizaotroke.com\/hr\/wp-json\/wp\/v2\/media?parent=19812"}],"wp:term":[{"taxonomy":"product_brand","embeddable":true,"href":"https:\/\/www.nogometnizaotroke.com\/hr\/wp-json\/wp\/v2\/product_brand?post=19812"},{"taxonomy":"product_cat","embeddable":true,"href":"https:\/\/www.nogometnizaotroke.com\/hr\/wp-json\/wp\/v2\/product_cat?post=19812"},{"taxonomy":"product_tag","embeddable":true,"href":"https:\/\/www.nogometnizaotroke.com\/hr\/wp-json\/wp\/v2\/product_tag?post=19812"}],"curies":[{"name":"wp","href":"https:\/\/api.w.org\/{rel}","templated":true}]}}