{"id":19024,"date":"2024-10-28T08:55:01","date_gmt":"2024-10-28T08:55:01","guid":{"rendered":"https:\/\/www.nogometnionline.com\/?post_type=product&#038;p=19024"},"modified":"2024-10-28T08:57:36","modified_gmt":"2024-10-28T08:57:36","slug":"otroski-nogometni-dresi-kompleti-za-otroke-liverpool-tretji-2024-2025-federico-chiesa-14","status":"publish","type":"product","link":"https:\/\/www.nogometnizaotroke.com\/hr\/product\/otroski-nogometni-dresi-kompleti-za-otroke-liverpool-tretji-2024-2025-federico-chiesa-14\/","title":{"rendered":"Otro\u0161ki Nogometni dresi kompleti za otroke Liverpool Tretji 2024-2025 Federico Chiesa 14"},"content":{"rendered":"<p>Najbolj presenetljiva zna\u010dilnost Liverpool FC 2024\/25 Tretji dresi je izrazit navpi\u010dni dvojni Swoosh, ki se razteza \u010dez dres, kratke hla\u010de in nogavice. Ta edinstven oblikovalski element, ki ga je navdihnilo krilo gr\u0161ke boginje, simbolizira hitrost, gibanje, mo\u010d in motivacijo. Tako mo\u0161ka kot \u017eenska ekipa bosta opremljeni s tem inovativnim detajlom, ki poudarja zavezanost kluba enakosti spolov v nogometu.<br \/>\nOblikovanje nove majice LFC, ki je \u010drpa navdih iz \u017eivahne punk scene v Liverpoolu, je opisano kot \u201cuporni\u0161ko.\u201d Ima drzen vzorec, ki zdru\u017euje ikoni\u010dne barve kluba z elementi, ki \u010dastijo mestne neustra\u0161ne punk umetnice, ki so uvedle nov zvok, kjer Reka Mersey se sre\u010da z Irskim morjem. Vklju\u010ditev pti\u010djega perja Liver v vzorec dodatno povezuje dizajn z identiteto kluba.Prete\u017eno bela tretja garnitura Liverpool 24\/25 je poudarjena s \u010distimi platinastimi detajli, medtem ko prebliski klubske tradicionalne rde\u010de in krom rumene barve dopolnjujejo videz. \u010crne kratke hla\u010de in bele nogavice dopolnjujejo dres ter ustvarjajo skladen in vpadljiv ansambel. Osredoto\u010dil se je tudi na izbolj\u0161anje udobja in prileganja kompleta, kar zagotavlja optimalno zmogljivost za igralce.<\/p>\n<p>Nasveti za nogavice: Majica ne vsebuje nogavic privzeto. \u010ce \u017eelite nogavice, izberite mo\u017enosti nogavic, da jih pla\u010date.<\/p>\n<p>Nasveti za tiskom: \u010ce sta ime in \u0161tevilka na sliki natanko to, kar \u017eelite, vam tega ni treba ve\u010d vna\u0161ati. \u010ce ni, potem vnesite \u017eeleno ime in \u0161tevilko.<\/p>\n<p>Nasveti za pranje: Priporo\u010dljivo je, da nogometni dresi operete ro\u010dno. \u010ce \u017eelite uporabiti pralni stroj, ne pozabite obrniti majice in jo nato oprati. In napolnite stroj s hladno vodo in uporabite ne\u017een cikel pranja, da boste bolj za\u0161\u010ditili barve.<\/p>","protected":false},"excerpt":{"rendered":"<p>Najbolj presenetljiva zna\u010dilnost Liverpool FC 2024\/25 Tretji dresi je izrazit navpi\u010dni dvojni Swoosh, ki se razteza \u010dez dres, kratke hla\u010de in nogavice. Ta edinstven oblikovalski element, ki ga je navdihnilo krilo gr\u0161ke boginje, simbolizira hitrost, gibanje, mo\u010d in motivacijo. Tako mo\u0161ka kot \u017eenska ekipa bosta opremljeni s tem inovativnim detajlom, ki poudarja zavezanost kluba enakosti [&hellip;]<\/p>","protected":false},"featured_media":19026,"comment_status":"open","ping_status":"closed","template":"","meta":[],"product_brand":[],"product_cat":[73,39],"product_tag":[876,837,1347,875,284,159,148,295,147],"class_list":{"0":"post-19024","1":"product","2":"type-product","3":"status-publish","4":"has-post-thumbnail","6":"product_cat-otroski","7":"product_cat-nogometni-dresi-liverpool","8":"product_tag-dresi-liverpool-za-otroski","9":"product_tag-dresi-za-nogomet","10":"product_tag-federico-chiesa-dresi","11":"product_tag-liverpool-dresi-2024","12":"product_tag-otroski-dresi-liverpool-z-lastnim-imenom","13":"product_tag-otroski-nogometni-dresi","14":"product_tag-poceni-nogometni-dresi","15":"product_tag-poceni-nogometni-dresi-liverpool-z-lastnim-imenom-online","16":"product_tag-slovenski-nogometni-dresi","18":"first","19":"instock","20":"shipping-taxable","21":"purchasable","22":"product-type-variable"},"_links":{"self":[{"href":"https:\/\/www.nogometnizaotroke.com\/hr\/wp-json\/wp\/v2\/product\/19024","targetHints":{"allow":["GET"]}}],"collection":[{"href":"https:\/\/www.nogometnizaotroke.com\/hr\/wp-json\/wp\/v2\/product"}],"about":[{"href":"https:\/\/www.nogometnizaotroke.com\/hr\/wp-json\/wp\/v2\/types\/product"}],"replies":[{"embeddable":true,"href":"https:\/\/www.nogometnizaotroke.com\/hr\/wp-json\/wp\/v2\/comments?post=19024"}],"wp:featuredmedia":[{"embeddable":true,"href":"https:\/\/www.nogometnizaotroke.com\/hr\/wp-json\/wp\/v2\/media\/19026"}],"wp:attachment":[{"href":"https:\/\/www.nogometnizaotroke.com\/hr\/wp-json\/wp\/v2\/media?parent=19024"}],"wp:term":[{"taxonomy":"product_brand","embeddable":true,"href":"https:\/\/www.nogometnizaotroke.com\/hr\/wp-json\/wp\/v2\/product_brand?post=19024"},{"taxonomy":"product_cat","embeddable":true,"href":"https:\/\/www.nogometnizaotroke.com\/hr\/wp-json\/wp\/v2\/product_cat?post=19024"},{"taxonomy":"product_tag","embeddable":true,"href":"https:\/\/www.nogometnizaotroke.com\/hr\/wp-json\/wp\/v2\/product_tag?post=19024"}],"curies":[{"name":"wp","href":"https:\/\/api.w.org\/{rel}","templated":true}]}}