{"id":19015,"date":"2024-10-27T06:27:54","date_gmt":"2024-10-27T06:27:54","guid":{"rendered":"https:\/\/www.nogometnionline.com\/?post_type=product&#038;p=19015"},"modified":"2024-10-27T06:27:58","modified_gmt":"2024-10-27T06:27:58","slug":"otroski-nogometni-dresi-kompleti-za-otroke-ac-milan-gostujoci-2024-25-strahinja-pavlovic-31","status":"publish","type":"product","link":"https:\/\/www.nogometnizaotroke.com\/hr\/product\/otroski-nogometni-dresi-kompleti-za-otroke-ac-milan-gostujoci-2024-25-strahinja-pavlovic-31\/","title":{"rendered":"Otro\u0161ki Nogometni Dresi Kompleti za otroke AC Milan Gostujo\u010di 2024-25 Strahinja Pavlovic 31"},"content":{"rendered":"<p>Bela majica za goste je oblikovana v klasi\u010dni barvi za AC Milan s popolnoma novim videzom za sezono 24\/25. Beli dres ima subtilno grafiko z navpi\u010dnimi \u010drtami. Rde\u010da in \u010drna obroba sedi okoli ovratnika in man\u0161et rokavov, \u010drni logotipi pa dopolnjujejo dizajn. Na voljo sta silikonsko natisnjena zna\u010dka AC Milan in dva toplotno nanesena sponzorska logotipa.<\/p>\n<p>To je gostujo\u010da majica s kratkimi rokavi in \u200b\u200brebrastim polo ovratnikom, popolna za dneve tekem AC Milan in vsak dan. Ta dres, ki je na voljo v velikostih za odrasle S-2XL, je standardno oblikovan za optimalno udobje na igri\u0161\u010du in izven njega. Ta majica je izdelana iz lahkega poliestra in je zra\u010dna ter vklju\u010duje prepoznavno tehnologijo za odvajanje znoja Duracell, ki vas ohranja hladne in suhe.<\/p>\n<p>Nasveti za nogavice: Majica ne vsebuje nogavic privzeto. \u010ce \u017eelite nogavice, izberite mo\u017enosti nogavic, da jih pla\u010date.<\/p>\n<p>Nasveti za tiskom: \u010ce sta ime in \u0161tevilka na sliki natanko to, kar \u017eelite, vam tega ni treba ve\u010d vna\u0161ati. \u010ce ni, potem vnesite \u017eeleno ime in \u0161tevilko.<\/p>\n<p>Nasveti za pranje: Priporo\u010dljivo je, da nogometni dresi operete ro\u010dno. \u010ce \u017eelite uporabiti pralni stroj, ne pozabite obrniti majice in jo nato oprati. In napolnite stroj s hladno vodo in uporabite ne\u017een cikel pranja, da boste bolj za\u0161\u010ditili barve.<\/p>","protected":false},"excerpt":{"rendered":"<p>Bela majica za goste je oblikovana v klasi\u010dni barvi za AC Milan s popolnoma novim videzom za sezono 24\/25. Beli dres ima subtilno grafiko z navpi\u010dnimi \u010drtami. Rde\u010da in \u010drna obroba sedi okoli ovratnika in man\u0161et rokavov, \u010drni logotipi pa dopolnjujejo dizajn. Na voljo sta silikonsko natisnjena zna\u010dka AC Milan in dva toplotno nanesena sponzorska [&hellip;]<\/p>","protected":false},"featured_media":19017,"comment_status":"open","ping_status":"closed","template":"","meta":[],"product_brand":[],"product_cat":[73,46],"product_tag":[1002,1205,220,1003,159,1001,148,1204,147,1438],"class_list":{"0":"post-19015","1":"product","2":"type-product","3":"status-publish","4":"has-post-thumbnail","6":"product_cat-otroski","7":"product_cat-nogometni-dresi-ac-milan","8":"product_tag-dresi-ac-milan-za-otroke","9":"product_tag-nogometni-dresi-ac-milan-z-lastnim-imenom","10":"product_tag-nogometni-dresi-za-otroke","11":"product_tag-otroski-dresi-ac-milan-z-lastnim-imenom","12":"product_tag-otroski-nogometni-dresi","13":"product_tag-otroski-nogometni-dresi-ac-milan","14":"product_tag-poceni-nogometni-dresi","15":"product_tag-poceni-nogometni-dresi-ac-milan","16":"product_tag-slovenski-nogometni-dresi","17":"product_tag-strahinja-pavlovic-dresi","19":"first","20":"instock","21":"shipping-taxable","22":"purchasable","23":"product-type-variable"},"_links":{"self":[{"href":"https:\/\/www.nogometnizaotroke.com\/hr\/wp-json\/wp\/v2\/product\/19015","targetHints":{"allow":["GET"]}}],"collection":[{"href":"https:\/\/www.nogometnizaotroke.com\/hr\/wp-json\/wp\/v2\/product"}],"about":[{"href":"https:\/\/www.nogometnizaotroke.com\/hr\/wp-json\/wp\/v2\/types\/product"}],"replies":[{"embeddable":true,"href":"https:\/\/www.nogometnizaotroke.com\/hr\/wp-json\/wp\/v2\/comments?post=19015"}],"wp:featuredmedia":[{"embeddable":true,"href":"https:\/\/www.nogometnizaotroke.com\/hr\/wp-json\/wp\/v2\/media\/19017"}],"wp:attachment":[{"href":"https:\/\/www.nogometnizaotroke.com\/hr\/wp-json\/wp\/v2\/media?parent=19015"}],"wp:term":[{"taxonomy":"product_brand","embeddable":true,"href":"https:\/\/www.nogometnizaotroke.com\/hr\/wp-json\/wp\/v2\/product_brand?post=19015"},{"taxonomy":"product_cat","embeddable":true,"href":"https:\/\/www.nogometnizaotroke.com\/hr\/wp-json\/wp\/v2\/product_cat?post=19015"},{"taxonomy":"product_tag","embeddable":true,"href":"https:\/\/www.nogometnizaotroke.com\/hr\/wp-json\/wp\/v2\/product_tag?post=19015"}],"curies":[{"name":"wp","href":"https:\/\/api.w.org\/{rel}","templated":true}]}}