{"id":18802,"date":"2024-10-22T11:53:57","date_gmt":"2024-10-22T11:53:57","guid":{"rendered":"https:\/\/www.nogometnionline.com\/?post_type=product&#038;p=18802"},"modified":"2024-10-22T11:54:02","modified_gmt":"2024-10-22T11:54:02","slug":"otroske-nogometnih-dresov-barcelona-domaci-2024-25-andreas-christensen-15","status":"publish","type":"product","link":"https:\/\/www.nogometnizaotroke.com\/hr\/product\/otroske-nogometnih-dresov-barcelona-domaci-2024-25-andreas-christensen-15\/","title":{"rendered":"Otro\u0161ke Nogometnih dresov Barcelona Doma\u010di 2024-25 Andreas Christensen 15"},"content":{"rendered":"<p>Doma\u010di dres FC Barcelona 2024-25 ima zelo obetavno barvno kombinacijo in dizajn. Doma\u010di dres Barcelone 2024-25 zdru\u017euje kraljevsko modro, mornarsko modro in rde\u010do z zlatimi logotipi.Kar zadeva obliko, ima komplet za dom Barcelona 24-25 videz pol in pol v modri in bordo barvi. Logotipa Swoosh in Spotify sta zlata, medtem ko je grb v standardnih barvah. Man\u0161ete ovratnika in rokavov so mornarsko modre.Barvna kombinacija in dizajn obujata spomine na dres Barcelone ob 100. stoletnici.<\/p>\n<p>Nasveti za nogavice: Majica ne vsebuje nogavic privzeto. \u010ce \u017eelite nogavice, izberite mo\u017enosti nogavic, da jih pla\u010date.<\/p>\n<p>Nasveti za tiskom: \u010ce sta ime in \u0161tevilka na sliki natanko to, kar \u017eelite, vam tega ni treba ve\u010d vna\u0161ati. \u010ce ni, potem vnesite \u017eeleno ime in \u0161tevilko.<\/p>\n<p>Nasveti za pranje: Priporo\u010dljivo je, da nogometni dresi operete ro\u010dno. \u010ce \u017eelite uporabiti pralni stroj, ne pozabite obrniti majice in jo nato oprati. In napolnite stroj s hladno vodo in uporabite ne\u017een cikel pranja, da boste bolj za\u0161\u010ditili barve.<\/p>","protected":false},"excerpt":{"rendered":"<p>Doma\u010di dres FC Barcelona 2024-25 ima zelo obetavno barvno kombinacijo in dizajn. Doma\u010di dres Barcelone 2024-25 zdru\u017euje kraljevsko modro, mornarsko modro in rde\u010do z zlatimi logotipi.Kar zadeva obliko, ima komplet za dom Barcelona 24-25 videz pol in pol v modri in bordo barvi. Logotipa Swoosh in Spotify sta zlata, medtem ko je grb v standardnih [&hellip;]<\/p>","protected":false},"featured_media":18804,"comment_status":"open","ping_status":"closed","template":"","meta":[],"product_brand":[],"product_cat":[73,34],"product_tag":[843,1056,992,153,191,993,159,991,148,161,147],"class_list":{"0":"post-18802","1":"product","2":"type-product","3":"status-publish","4":"has-post-thumbnail","6":"product_cat-otroski","7":"product_cat-nogometni-dresi-barcelona","8":"product_tag-2024-25-nogometni-dresi","9":"product_tag-andreas-christensen-dresi","10":"product_tag-dresi-barcelona-za-otroke","11":"product_tag-nogometni-dresi","12":"product_tag-nogometni-dresi-kompleti","13":"product_tag-otroski-dresi-barcelona-z-lastnim-imenom","14":"product_tag-otroski-nogometni-dresi","15":"product_tag-otroski-nogometni-dresi-barcelona","16":"product_tag-poceni-nogometni-dresi","17":"product_tag-poceni-nogometni-dresi-barcelona-z-lastnim-imenom-online","18":"product_tag-slovenski-nogometni-dresi","20":"first","21":"instock","22":"shipping-taxable","23":"purchasable","24":"product-type-variable"},"_links":{"self":[{"href":"https:\/\/www.nogometnizaotroke.com\/hr\/wp-json\/wp\/v2\/product\/18802","targetHints":{"allow":["GET"]}}],"collection":[{"href":"https:\/\/www.nogometnizaotroke.com\/hr\/wp-json\/wp\/v2\/product"}],"about":[{"href":"https:\/\/www.nogometnizaotroke.com\/hr\/wp-json\/wp\/v2\/types\/product"}],"replies":[{"embeddable":true,"href":"https:\/\/www.nogometnizaotroke.com\/hr\/wp-json\/wp\/v2\/comments?post=18802"}],"wp:featuredmedia":[{"embeddable":true,"href":"https:\/\/www.nogometnizaotroke.com\/hr\/wp-json\/wp\/v2\/media\/18804"}],"wp:attachment":[{"href":"https:\/\/www.nogometnizaotroke.com\/hr\/wp-json\/wp\/v2\/media?parent=18802"}],"wp:term":[{"taxonomy":"product_brand","embeddable":true,"href":"https:\/\/www.nogometnizaotroke.com\/hr\/wp-json\/wp\/v2\/product_brand?post=18802"},{"taxonomy":"product_cat","embeddable":true,"href":"https:\/\/www.nogometnizaotroke.com\/hr\/wp-json\/wp\/v2\/product_cat?post=18802"},{"taxonomy":"product_tag","embeddable":true,"href":"https:\/\/www.nogometnizaotroke.com\/hr\/wp-json\/wp\/v2\/product_tag?post=18802"}],"curies":[{"name":"wp","href":"https:\/\/api.w.org\/{rel}","templated":true}]}}