{"id":18722,"date":"2024-10-21T07:35:49","date_gmt":"2024-10-21T07:35:49","guid":{"rendered":"https:\/\/www.nogometnionline.com\/?post_type=product&#038;p=18722"},"modified":"2024-10-21T07:35:54","modified_gmt":"2024-10-21T07:35:54","slug":"otroski-nogometni-dresi-komplet-za-otroke-arsenal-gostujoci-2024-25-jakub-kiwior-15","status":"publish","type":"product","link":"https:\/\/www.nogometnizaotroke.com\/hr\/product\/otroski-nogometni-dresi-komplet-za-otroke-arsenal-gostujoci-2024-25-jakub-kiwior-15\/","title":{"rendered":"Otro\u0161ki Nogometni dresi komplet za otroke Arsenal Gostujo\u010di 2024-25 Jakub Kiwior 15"},"content":{"rendered":"<p>Gostujo\u010di dres Arsenal 2024-25 ima \u010drno osnovno barvo v kombinaciji z rde\u010do in zeleno kot poklon nekdanjima igralcema Arsenal Davidu Rocastlu in Ianu Wrightu.Te barve so \u017ee bile predstavljene na dresu iz omejene izdaje, ki je bil zasnovan za praznovanje prijateljstva med klubskima legendama Wrightyjem in Rockyjem Rocastlom (Ian Wright &amp; David Rocastle). Trenerjevo ime, Honor Oak, namiguje na obmo\u010dje Londona, kjer sta oba igralca odra\u0161\u010dala.Top gostujo\u010dega dresi Arsenal 2024\u20132025 je rde\u010d, logotip je zelen, logotip Emirates Fly Better pa bel. Gostujo\u010di dres Arsenal 2024-25 ima bel grafi\u010dni vzorec na zgornjem sprednjem in spodnjem delu.<\/p>\n<p>Nasveti za nogavice: Majica ne vsebuje nogavic privzeto. \u010ce \u017eelite nogavice, izberite mo\u017enosti nogavic, da jih pla\u010date.<\/p>\n<p>Nasveti za tiskom: \u010ce sta ime in \u0161tevilka na sliki natanko to, kar \u017eelite, vam tega ni treba ve\u010d vna\u0161ati. \u010ce ni, potem vnesite \u017eeleno ime in \u0161tevilko.<\/p>\n<p>Nasveti za pranje: Priporo\u010dljivo je, da nogometni dresi operete ro\u010dno. \u010ce \u017eelite uporabiti pralni stroj, ne pozabite obrniti majice in jo nato oprati. In napolnite stroj s hladno vodo in uporabite ne\u017een cikel pranja, da boste bolj za\u0161\u010ditili barve.<\/p>","protected":false},"excerpt":{"rendered":"<p>Gostujo\u010di dres Arsenal 2024-25 ima \u010drno osnovno barvo v kombinaciji z rde\u010do in zeleno kot poklon nekdanjima igralcema Arsenal Davidu Rocastlu in Ianu Wrightu.Te barve so \u017ee bile predstavljene na dresu iz omejene izdaje, ki je bil zasnovan za praznovanje prijateljstva med klubskima legendama Wrightyjem in Rockyjem Rocastlom (Ian Wright &amp; David Rocastle). Trenerjevo ime, [&hellip;]<\/p>","protected":false},"featured_media":18724,"comment_status":"open","ping_status":"closed","template":"","meta":[],"product_brand":[],"product_cat":[73,38],"product_tag":[996,1155,153,220,997,159,995,148,189,147],"class_list":{"0":"post-18722","1":"product","2":"type-product","3":"status-publish","4":"has-post-thumbnail","6":"product_cat-otroski","7":"product_cat-nogometni-dresi-arsenal","8":"product_tag-dresi-arsenal-za-otroke","9":"product_tag-jakub-kiwior-dresi","10":"product_tag-nogometni-dresi","11":"product_tag-nogometni-dresi-za-otroke","12":"product_tag-otroski-dresi-arsenal-z-lastnim-imenom","13":"product_tag-otroski-nogometni-dresi","14":"product_tag-otroski-nogometni-dresi-arsenal","15":"product_tag-poceni-nogometni-dresi","16":"product_tag-poceni-nogometni-dresi-arsenal-z-lastnim-imenom-online","17":"product_tag-slovenski-nogometni-dresi","19":"first","20":"instock","21":"shipping-taxable","22":"purchasable","23":"product-type-variable"},"_links":{"self":[{"href":"https:\/\/www.nogometnizaotroke.com\/hr\/wp-json\/wp\/v2\/product\/18722","targetHints":{"allow":["GET"]}}],"collection":[{"href":"https:\/\/www.nogometnizaotroke.com\/hr\/wp-json\/wp\/v2\/product"}],"about":[{"href":"https:\/\/www.nogometnizaotroke.com\/hr\/wp-json\/wp\/v2\/types\/product"}],"replies":[{"embeddable":true,"href":"https:\/\/www.nogometnizaotroke.com\/hr\/wp-json\/wp\/v2\/comments?post=18722"}],"wp:featuredmedia":[{"embeddable":true,"href":"https:\/\/www.nogometnizaotroke.com\/hr\/wp-json\/wp\/v2\/media\/18724"}],"wp:attachment":[{"href":"https:\/\/www.nogometnizaotroke.com\/hr\/wp-json\/wp\/v2\/media?parent=18722"}],"wp:term":[{"taxonomy":"product_brand","embeddable":true,"href":"https:\/\/www.nogometnizaotroke.com\/hr\/wp-json\/wp\/v2\/product_brand?post=18722"},{"taxonomy":"product_cat","embeddable":true,"href":"https:\/\/www.nogometnizaotroke.com\/hr\/wp-json\/wp\/v2\/product_cat?post=18722"},{"taxonomy":"product_tag","embeddable":true,"href":"https:\/\/www.nogometnizaotroke.com\/hr\/wp-json\/wp\/v2\/product_tag?post=18722"}],"curies":[{"name":"wp","href":"https:\/\/api.w.org\/{rel}","templated":true}]}}