{"id":18561,"date":"2024-10-17T09:23:44","date_gmt":"2024-10-17T09:23:44","guid":{"rendered":"https:\/\/www.nogometnionline.com\/?post_type=product&#038;p=18561"},"modified":"2024-10-17T09:23:49","modified_gmt":"2024-10-17T09:23:49","slug":"moski-nogometni-dresi-kompleti-tottenham-hotspur-domaci-2024-25-rodrigo-bentancur-30","status":"publish","type":"product","link":"https:\/\/www.nogometnizaotroke.com\/hr\/product\/moski-nogometni-dresi-kompleti-tottenham-hotspur-domaci-2024-25-rodrigo-bentancur-30\/","title":{"rendered":"Mo\u0161ki Nogometni dresi kompleti Tottenham Hotspur Doma\u010di 2024-25 Rodrigo Bentancur 30"},"content":{"rendered":"<p>Tottenham Hotspur Doma\u010di 2024-2025 je izjemen \u2013 zdru\u017euje belo osnovo z veliko ve\u010d mornarice kot obi\u010dajno. Rokavi, stranski deli in ovratnik so mornarsko modri. Uradno so barve doma\u010dega dresa Tottenham Hotspur 24-25 \u201cbela\/dvojno modra\/dvojno modra\u201d. Man\u0161ete rokavov doma\u010de opreme Tottenham 24-25 so opremljene z mornarsko belimi robovi.<\/p>\n<p>Nasveti za nogavice: Majica ne vsebuje nogavic privzeto. \u010ce \u017eelite nogavice, izberite mo\u017enosti nogavic, da jih pla\u010date.<\/p>\n<p>Nasveti za tiskom: \u010ce sta ime in \u0161tevilka na sliki natanko to, kar \u017eelite, vam tega ni treba ve\u010d vna\u0161ati. \u010ce ni, potem vnesite \u017eeleno ime in \u0161tevilko.<\/p>\n<p>Nasveti za pranje: Priporo\u010dljivo je, da nogometni dresi operete ro\u010dno. \u010ce \u017eelite uporabiti pralni stroj, ne pozabite obrniti majice in jo nato oprati. In napolnite stroj s hladno vodo in uporabite ne\u017een cikel pranja, da boste bolj za\u0161\u010ditili barve.<\/p>","protected":false},"excerpt":{"rendered":"<p>Tottenham Hotspur Doma\u010di 2024-2025 je izjemen \u2013 zdru\u017euje belo osnovo z veliko ve\u010d mornarice kot obi\u010dajno. Rokavi, stranski deli in ovratnik so mornarsko modri. Uradno so barve doma\u010dega dresa Tottenham Hotspur 24-25 \u201cbela\/dvojno modra\/dvojno modra\u201d. Man\u0161ete rokavov doma\u010de opreme Tottenham 24-25 so opremljene z mornarsko belimi robovi. Nasveti za nogavice: Majica ne vsebuje nogavic privzeto. [&hellip;]<\/p>","protected":false},"featured_media":18563,"comment_status":"open","ping_status":"closed","template":"","meta":[],"product_brand":[],"product_cat":[140,42],"product_tag":[545,547,546,768,148,952,1424],"class_list":{"0":"post-18561","1":"product","2":"type-product","3":"status-publish","4":"has-post-thumbnail","6":"product_cat-moski","7":"product_cat-nogometni-dresi-tottenham-hotspur","8":"product_tag-nogometni-dresi-slovenija","9":"product_tag-nogometni-dresi-tottenham-hotspur-prodaja","10":"product_tag-nogometni-dresi-tottenham-hotspur-z-lastnim-tiskom","11":"product_tag-poceni-moski-nogometni-dresi","12":"product_tag-poceni-nogometni-dresi","13":"product_tag-poceni-nogometni-dresi-tottenham-hotspur","14":"product_tag-rodrigo-bentancur-dresi","16":"first","17":"instock","18":"shipping-taxable","19":"purchasable","20":"product-type-variable"},"_links":{"self":[{"href":"https:\/\/www.nogometnizaotroke.com\/hr\/wp-json\/wp\/v2\/product\/18561","targetHints":{"allow":["GET"]}}],"collection":[{"href":"https:\/\/www.nogometnizaotroke.com\/hr\/wp-json\/wp\/v2\/product"}],"about":[{"href":"https:\/\/www.nogometnizaotroke.com\/hr\/wp-json\/wp\/v2\/types\/product"}],"replies":[{"embeddable":true,"href":"https:\/\/www.nogometnizaotroke.com\/hr\/wp-json\/wp\/v2\/comments?post=18561"}],"wp:featuredmedia":[{"embeddable":true,"href":"https:\/\/www.nogometnizaotroke.com\/hr\/wp-json\/wp\/v2\/media\/18563"}],"wp:attachment":[{"href":"https:\/\/www.nogometnizaotroke.com\/hr\/wp-json\/wp\/v2\/media?parent=18561"}],"wp:term":[{"taxonomy":"product_brand","embeddable":true,"href":"https:\/\/www.nogometnizaotroke.com\/hr\/wp-json\/wp\/v2\/product_brand?post=18561"},{"taxonomy":"product_cat","embeddable":true,"href":"https:\/\/www.nogometnizaotroke.com\/hr\/wp-json\/wp\/v2\/product_cat?post=18561"},{"taxonomy":"product_tag","embeddable":true,"href":"https:\/\/www.nogometnizaotroke.com\/hr\/wp-json\/wp\/v2\/product_tag?post=18561"}],"curies":[{"name":"wp","href":"https:\/\/api.w.org\/{rel}","templated":true}]}}