{"id":17883,"date":"2024-10-04T03:26:52","date_gmt":"2024-10-04T03:26:52","guid":{"rendered":"https:\/\/www.nogometnionline.com\/?post_type=product&#038;p=17883"},"modified":"2024-10-04T03:26:57","modified_gmt":"2024-10-04T03:26:57","slug":"otroski-nogometni-dresi-za-otroke-argentina-gostujoci-copa-america-2024-rodrigo-de-paul-7","status":"publish","type":"product","link":"https:\/\/www.nogometnizaotroke.com\/hr\/product\/otroski-nogometni-dresi-za-otroke-argentina-gostujoci-copa-america-2024-rodrigo-de-paul-7\/","title":{"rendered":"Otro\u0161ki Nogometni dresi za otroke Argentina Gostujo\u010di Copa America 2024 Rodrigo de Paul 7"},"content":{"rendered":"<p>Argentina dres 2024 za gostovanje na Copa America ima kraljevsko modro osnovo in barve argentinske zastave. Nebe\u0161ko modra izstopa, majica pa spominja na svetovno prvenstvo 2006 in stare argentinske drese, pri \u010demer je osnovna modra barva podobna tistim iz 90. let. Tako kot drugi leto\u0161nji kompleti je tudi plo\u0161\u010da, podobna solzivcu ob strani, videti kot vrh gostujo\u010dega dresa za prvake svetovnega pokala.<\/p>\n<p>Nasveti za nogavice: Majica ne vsebuje nogavic privzeto. \u010ce \u017eelite nogavice, izberite mo\u017enosti nogavic, da jih pla\u010date.<\/p>\n<p>Nasveti za tiskom: \u010ce sta ime in \u0161tevilka na sliki natanko to, kar \u017eelite, vam tega ni treba ve\u010d vna\u0161ati. \u010ce ni, potem vnesite \u017eeleno ime in \u0161tevilko.<\/p>\n<p>Nasveti za pranje: Priporo\u010dljivo je, da nogometni dresi operete ro\u010dno. \u010ce \u017eelite uporabiti pralni stroj, ne pozabite obrniti majice in jo nato oprati. In napolnite stroj s hladno vodo in uporabite ne\u017een cikel pranja, da boste bolj za\u0161\u010ditili barve.<\/p>","protected":false},"excerpt":{"rendered":"<p>Argentina dres 2024 za gostovanje na Copa America ima kraljevsko modro osnovo in barve argentinske zastave. Nebe\u0161ko modra izstopa, majica pa spominja na svetovno prvenstvo 2006 in stare argentinske drese, pri \u010demer je osnovna modra barva podobna tistim iz 90. let. Tako kot drugi leto\u0161nji kompleti je tudi plo\u0161\u010da, podobna solzivcu ob strani, videti kot [&hellip;]<\/p>","protected":false},"featured_media":17885,"comment_status":"open","ping_status":"closed","template":"","meta":[],"product_brand":[],"product_cat":[73,81],"product_tag":[816,153,220,159,148,1386,147],"class_list":{"0":"post-17883","1":"product","2":"type-product","3":"status-publish","4":"has-post-thumbnail","6":"product_cat-otroski","7":"product_cat-dresi-argentina-reprezentance","8":"product_tag-argentina-copa-america-2024-dresi","9":"product_tag-nogometni-dresi","10":"product_tag-nogometni-dresi-za-otroke","11":"product_tag-otroski-nogometni-dresi","12":"product_tag-poceni-nogometni-dresi","13":"product_tag-rodrigo-de-paul-dresi","14":"product_tag-slovenski-nogometni-dresi","16":"first","17":"instock","18":"shipping-taxable","19":"purchasable","20":"product-type-variable"},"_links":{"self":[{"href":"https:\/\/www.nogometnizaotroke.com\/hr\/wp-json\/wp\/v2\/product\/17883","targetHints":{"allow":["GET"]}}],"collection":[{"href":"https:\/\/www.nogometnizaotroke.com\/hr\/wp-json\/wp\/v2\/product"}],"about":[{"href":"https:\/\/www.nogometnizaotroke.com\/hr\/wp-json\/wp\/v2\/types\/product"}],"replies":[{"embeddable":true,"href":"https:\/\/www.nogometnizaotroke.com\/hr\/wp-json\/wp\/v2\/comments?post=17883"}],"wp:featuredmedia":[{"embeddable":true,"href":"https:\/\/www.nogometnizaotroke.com\/hr\/wp-json\/wp\/v2\/media\/17885"}],"wp:attachment":[{"href":"https:\/\/www.nogometnizaotroke.com\/hr\/wp-json\/wp\/v2\/media?parent=17883"}],"wp:term":[{"taxonomy":"product_brand","embeddable":true,"href":"https:\/\/www.nogometnizaotroke.com\/hr\/wp-json\/wp\/v2\/product_brand?post=17883"},{"taxonomy":"product_cat","embeddable":true,"href":"https:\/\/www.nogometnizaotroke.com\/hr\/wp-json\/wp\/v2\/product_cat?post=17883"},{"taxonomy":"product_tag","embeddable":true,"href":"https:\/\/www.nogometnizaotroke.com\/hr\/wp-json\/wp\/v2\/product_tag?post=17883"}],"curies":[{"name":"wp","href":"https:\/\/api.w.org\/{rel}","templated":true}]}}