{"id":17392,"date":"2024-09-19T01:53:13","date_gmt":"2024-09-19T01:53:13","guid":{"rendered":"https:\/\/www.nogometnionline.com\/?post_type=product&#038;p=17392"},"modified":"2024-09-19T01:53:19","modified_gmt":"2024-09-19T01:53:19","slug":"otroski-nogometni-dresi-kompleti-za-otroke-everton-gostujoci-2024-25-tisk-beto-14","status":"publish","type":"product","link":"https:\/\/www.nogometnizaotroke.com\/hr\/product\/otroski-nogometni-dresi-kompleti-za-otroke-everton-gostujoci-2024-25-tisk-beto-14\/","title":{"rendered":"Otro\u0161ki Nogometni dresi kompleti za otroke Everton Gostujo\u010di 2024-25 tisk Beto 14"},"content":{"rendered":"<p>Poceni Everton Gostujo\u010di 2024-25\u00a0 dresi je poklon tekmam, odigranim pod sojem reflektorjev Goodison. Prete\u017eno temno siva ima geometrijski vzorec po celotnem dresu v \u010drni barvi, podrobnosti pa prevzamejo \u017eivo rumeno barvo. Tradicionalni grb je nadome\u0161\u010den s stolpom princa Ruperta z okroglim ovratnikom, ki prevzame svetlo rumeno obrobo, da dopolni komplet.<\/p>\n<p>Nasveti za nogavice: Majica ne vsebuje nogavic privzeto. \u010ce \u017eelite nogavice, izberite mo\u017enosti nogavic, da jih pla\u010date.<\/p>\n<p>Nasveti za tiskom: \u010ce sta ime in \u0161tevilka na sliki natanko to, kar \u017eelite, vam tega ni treba ve\u010d vna\u0161ati. \u010ce ni, potem vnesite \u017eeleno ime in \u0161tevilko.<\/p>\n<p>Nasveti za pranje: Priporo\u010dljivo je, da nogometni dresi operete ro\u010dno. \u010ce \u017eelite uporabiti pralni stroj, ne pozabite obrniti majice in jo nato oprati. In napolnite stroj s hladno vodo in uporabite ne\u017een cikel pranja, da boste bolj za\u0161\u010ditili barve.<\/p>","protected":false},"excerpt":{"rendered":"<p>Poceni Everton Gostujo\u010di 2024-25\u00a0 dresi je poklon tekmam, odigranim pod sojem reflektorjev Goodison. Prete\u017eno temno siva ima geometrijski vzorec po celotnem dresu v \u010drni barvi, podrobnosti pa prevzamejo \u017eivo rumeno barvo. Tradicionalni grb je nadome\u0161\u010den s stolpom princa Ruperta z okroglim ovratnikom, ki prevzame svetlo rumeno obrobo, da dopolni komplet. Nasveti za nogavice: Majica ne [&hellip;]<\/p>","protected":false},"featured_media":17394,"comment_status":"open","ping_status":"closed","template":"","meta":[],"product_brand":[],"product_cat":[73,49],"product_tag":[1101,153,220,1102,159,1100,148,774,147],"class_list":{"0":"post-17392","1":"product","2":"type-product","3":"status-publish","4":"has-post-thumbnail","6":"product_cat-otroski","7":"product_cat-nogometni-dresi-everton","8":"product_tag-dresi-everton-za-otroke","9":"product_tag-nogometni-dresi","10":"product_tag-nogometni-dresi-za-otroke","11":"product_tag-otroski-dresi-everton-z-lastnim-imenom","12":"product_tag-otroski-nogometni-dresi","13":"product_tag-otroski-nogometni-dresi-everton","14":"product_tag-poceni-nogometni-dresi","15":"product_tag-poceni-otroski-nogometni-dresi-everton-z-lastnim-imenom","16":"product_tag-slovenski-nogometni-dresi","18":"first","19":"instock","20":"shipping-taxable","21":"purchasable","22":"product-type-variable"},"_links":{"self":[{"href":"https:\/\/www.nogometnizaotroke.com\/hr\/wp-json\/wp\/v2\/product\/17392","targetHints":{"allow":["GET"]}}],"collection":[{"href":"https:\/\/www.nogometnizaotroke.com\/hr\/wp-json\/wp\/v2\/product"}],"about":[{"href":"https:\/\/www.nogometnizaotroke.com\/hr\/wp-json\/wp\/v2\/types\/product"}],"replies":[{"embeddable":true,"href":"https:\/\/www.nogometnizaotroke.com\/hr\/wp-json\/wp\/v2\/comments?post=17392"}],"wp:featuredmedia":[{"embeddable":true,"href":"https:\/\/www.nogometnizaotroke.com\/hr\/wp-json\/wp\/v2\/media\/17394"}],"wp:attachment":[{"href":"https:\/\/www.nogometnizaotroke.com\/hr\/wp-json\/wp\/v2\/media?parent=17392"}],"wp:term":[{"taxonomy":"product_brand","embeddable":true,"href":"https:\/\/www.nogometnizaotroke.com\/hr\/wp-json\/wp\/v2\/product_brand?post=17392"},{"taxonomy":"product_cat","embeddable":true,"href":"https:\/\/www.nogometnizaotroke.com\/hr\/wp-json\/wp\/v2\/product_cat?post=17392"},{"taxonomy":"product_tag","embeddable":true,"href":"https:\/\/www.nogometnizaotroke.com\/hr\/wp-json\/wp\/v2\/product_tag?post=17392"}],"curies":[{"name":"wp","href":"https:\/\/api.w.org\/{rel}","templated":true}]}}