{"id":17384,"date":"2024-09-18T12:56:52","date_gmt":"2024-09-18T12:56:52","guid":{"rendered":"https:\/\/www.nogometnionline.com\/?post_type=product&#038;p=17384"},"modified":"2024-09-18T12:56:57","modified_gmt":"2024-09-18T12:56:57","slug":"zenski-nogometni-dresi-fc-bayern-munich-domaci-2024-25-rdeca-kratek-rokav","status":"publish","type":"product","link":"https:\/\/www.nogometnizaotroke.com\/hr\/product\/zenski-nogometni-dresi-fc-bayern-munich-domaci-2024-25-rdeca-kratek-rokav\/","title":{"rendered":"\u017denski Nogometni dresi FC Bayern Munich Doma\u010di 2024-25 rde\u010da Kratek Rokav"},"content":{"rendered":"<p>FC Bayern Munich Doma\u010di 2024-25 dresi so poklon identiteti, \u010dustvom in drami igre, ki jo imamo radi. Trije odtenki rde\u010de prekrivajo dres, z globljo rde\u010do na grbu in sponzorjih. V nadaljevanju treh tem komplet to sezono prevzame subtilen poklon klubskim na\u010dinom osvajanja trojnih zmagovalk \u2013 osvojil je Bundesligo, DFB-Pokal in UEFA Ligo prvakov \u2013 podvig, ki ga \u0161e ni osvojil noben drug klub.<\/p>\n<p>Nasveti za nogavice: Majica ne vsebuje nogavic privzeto. \u010ce \u017eelite nogavice, izberite mo\u017enosti nogavic, da jih pla\u010date.<\/p>\n<p>Nasveti za tiskom: \u010ce sta ime in \u0161tevilka na sliki natanko to, kar \u017eelite, vam tega ni treba ve\u010d vna\u0161ati. \u010ce ni, potem vnesite \u017eeleno ime in \u0161tevilko.<\/p>\n<p>Nasveti za pranje: Priporo\u010dljivo je, da nogometni dresi operete ro\u010dno. \u010ce \u017eelite uporabiti pralni stroj, ne pozabite obrniti majice in jo nato oprati. In napolnite stroj s hladno vodo in uporabite ne\u017een cikel pranja, da boste bolj za\u0161\u010ditili barve.<\/p>","protected":false},"excerpt":{"rendered":"<p>FC Bayern Munich Doma\u010di 2024-25 dresi so poklon identiteti, \u010dustvom in drami igre, ki jo imamo radi. Trije odtenki rde\u010de prekrivajo dres, z globljo rde\u010do na grbu in sponzorjih. V nadaljevanju treh tem komplet to sezono prevzame subtilen poklon klubskim na\u010dinom osvajanja trojnih zmagovalk \u2013 osvojil je Bundesligo, DFB-Pokal in UEFA Ligo prvakov \u2013 podvig, [&hellip;]<\/p>","protected":false},"featured_media":17386,"comment_status":"open","ping_status":"closed","template":"","meta":[],"product_brand":[],"product_cat":[74,40],"product_tag":[153,1197,148,1196,147,320],"class_list":{"0":"post-17384","1":"product","2":"type-product","3":"status-publish","4":"has-post-thumbnail","6":"product_cat-zenski","7":"product_cat-nogometni-dresi-bayern-munich","8":"product_tag-nogometni-dresi","9":"product_tag-nogometni-dresi-bayern-munich-z-lastnim-imenom","10":"product_tag-poceni-nogometni-dresi","11":"product_tag-poceni-nogometni-dresi-bayern-munich","12":"product_tag-slovenski-nogometni-dresi","13":"product_tag-zenski-nogometni-dresi","15":"first","16":"instock","17":"shipping-taxable","18":"purchasable","19":"product-type-variable"},"_links":{"self":[{"href":"https:\/\/www.nogometnizaotroke.com\/hr\/wp-json\/wp\/v2\/product\/17384","targetHints":{"allow":["GET"]}}],"collection":[{"href":"https:\/\/www.nogometnizaotroke.com\/hr\/wp-json\/wp\/v2\/product"}],"about":[{"href":"https:\/\/www.nogometnizaotroke.com\/hr\/wp-json\/wp\/v2\/types\/product"}],"replies":[{"embeddable":true,"href":"https:\/\/www.nogometnizaotroke.com\/hr\/wp-json\/wp\/v2\/comments?post=17384"}],"wp:featuredmedia":[{"embeddable":true,"href":"https:\/\/www.nogometnizaotroke.com\/hr\/wp-json\/wp\/v2\/media\/17386"}],"wp:attachment":[{"href":"https:\/\/www.nogometnizaotroke.com\/hr\/wp-json\/wp\/v2\/media?parent=17384"}],"wp:term":[{"taxonomy":"product_brand","embeddable":true,"href":"https:\/\/www.nogometnizaotroke.com\/hr\/wp-json\/wp\/v2\/product_brand?post=17384"},{"taxonomy":"product_cat","embeddable":true,"href":"https:\/\/www.nogometnizaotroke.com\/hr\/wp-json\/wp\/v2\/product_cat?post=17384"},{"taxonomy":"product_tag","embeddable":true,"href":"https:\/\/www.nogometnizaotroke.com\/hr\/wp-json\/wp\/v2\/product_tag?post=17384"}],"curies":[{"name":"wp","href":"https:\/\/api.w.org\/{rel}","templated":true}]}}