{"id":17351,"date":"2024-09-17T08:16:37","date_gmt":"2024-09-17T08:16:37","guid":{"rendered":"https:\/\/www.nogometnionline.com\/?post_type=product&#038;p=17351"},"modified":"2024-09-17T08:16:42","modified_gmt":"2024-09-17T08:16:42","slug":"moski-nogometni-dresi-argentina-domaci-copa-america-2024-l-s","status":"publish","type":"product","link":"https:\/\/www.nogometnizaotroke.com\/hr\/product\/moski-nogometni-dresi-argentina-domaci-copa-america-2024-l-s\/","title":{"rendered":"Mo\u0161ki Nogometni dresi Argentina Doma\u010di Copa America 2024 L\/S"},"content":{"rendered":"<p>Nogometni dresi Argentina 2024\/25 Doma\u010di zdru\u017euje ikoni\u010dno nebesno modro in belo ekipo z zlatom, kar predstavlja slavo, ki so jo kapetan Lionel Messi in njegova ekipa dosegli v finalu svetovnega prvenstva v nogometu 20222 proti Franciji.Igralska razli\u010dica majic Argentina 2024\/25 vklju\u010duje materiale s tehnologijo HEAT.RDY, ki so zasnovani za udobje in podpirajo u\u010dinkovitost igralcev na tekmah. Replike dresov uporabljajo tkanino AERO READY s tehnologijo vpijanja vlage. Oba kompleta sta izdelana iz 100 % recikliranih materialov.<\/p>\n<p>Nasveti za nogavice: Majica ne vsebuje nogavic privzeto. \u010ce \u017eelite nogavice, izberite mo\u017enosti nogavic, da jih pla\u010date.<\/p>\n<p>Nasveti za tiskom: \u010ce sta ime in \u0161tevilka na sliki natanko to, kar \u017eelite, vam tega ni treba ve\u010d vna\u0161ati. \u010ce ni, potem vnesite \u017eeleno ime in \u0161tevilko.<\/p>\n<p>Nasveti za pranje: Priporo\u010dljivo je, da nogometni dresi operete ro\u010dno. \u010ce \u017eelite uporabiti pralni stroj, ne pozabite obrniti majice in jo nato oprati. In napolnite stroj s hladno vodo in uporabite ne\u017een cikel pranja, da boste bolj za\u0161\u010ditili barve.<\/p>","protected":false},"excerpt":{"rendered":"<p>Nogometni dresi Argentina 2024\/25 Doma\u010di zdru\u017euje ikoni\u010dno nebesno modro in belo ekipo z zlatom, kar predstavlja slavo, ki so jo kapetan Lionel Messi in njegova ekipa dosegli v finalu svetovnega prvenstva v nogometu 20222 proti Franciji.Igralska razli\u010dica majic Argentina 2024\/25 vklju\u010duje materiale s tehnologijo HEAT.RDY, ki so zasnovani za udobje in podpirajo u\u010dinkovitost igralcev na [&hellip;]<\/p>","protected":false},"featured_media":17353,"comment_status":"open","ping_status":"closed","template":"","meta":[],"product_brand":[],"product_cat":[140,81],"product_tag":[816,150,153,148,147],"class_list":{"0":"post-17351","1":"product","2":"type-product","3":"status-publish","4":"has-post-thumbnail","6":"product_cat-moski","7":"product_cat-dresi-argentina-reprezentance","8":"product_tag-argentina-copa-america-2024-dresi","9":"product_tag-moski-nogometni-dresi","10":"product_tag-nogometni-dresi","11":"product_tag-poceni-nogometni-dresi","12":"product_tag-slovenski-nogometni-dresi","14":"first","15":"instock","16":"shipping-taxable","17":"purchasable","18":"product-type-variable"},"_links":{"self":[{"href":"https:\/\/www.nogometnizaotroke.com\/hr\/wp-json\/wp\/v2\/product\/17351","targetHints":{"allow":["GET"]}}],"collection":[{"href":"https:\/\/www.nogometnizaotroke.com\/hr\/wp-json\/wp\/v2\/product"}],"about":[{"href":"https:\/\/www.nogometnizaotroke.com\/hr\/wp-json\/wp\/v2\/types\/product"}],"replies":[{"embeddable":true,"href":"https:\/\/www.nogometnizaotroke.com\/hr\/wp-json\/wp\/v2\/comments?post=17351"}],"wp:featuredmedia":[{"embeddable":true,"href":"https:\/\/www.nogometnizaotroke.com\/hr\/wp-json\/wp\/v2\/media\/17353"}],"wp:attachment":[{"href":"https:\/\/www.nogometnizaotroke.com\/hr\/wp-json\/wp\/v2\/media?parent=17351"}],"wp:term":[{"taxonomy":"product_brand","embeddable":true,"href":"https:\/\/www.nogometnizaotroke.com\/hr\/wp-json\/wp\/v2\/product_brand?post=17351"},{"taxonomy":"product_cat","embeddable":true,"href":"https:\/\/www.nogometnizaotroke.com\/hr\/wp-json\/wp\/v2\/product_cat?post=17351"},{"taxonomy":"product_tag","embeddable":true,"href":"https:\/\/www.nogometnizaotroke.com\/hr\/wp-json\/wp\/v2\/product_tag?post=17351"}],"curies":[{"name":"wp","href":"https:\/\/api.w.org\/{rel}","templated":true}]}}