{"id":17283,"date":"2024-09-16T08:12:15","date_gmt":"2024-09-16T08:12:15","guid":{"rendered":"https:\/\/www.nogometnionline.com\/?post_type=product&#038;p=17283"},"modified":"2024-09-16T08:12:20","modified_gmt":"2024-09-16T08:12:20","slug":"poceni-moski-nogometni-dresi-kompleti-liverpool-domaci-2024-25-steven-gerrard-8","status":"publish","type":"product","link":"https:\/\/www.nogometnizaotroke.com\/hr\/product\/poceni-moski-nogometni-dresi-kompleti-liverpool-domaci-2024-25-steven-gerrard-8\/","title":{"rendered":"Poceni Mo\u0161ki Nogometni dresi kompleti Liverpool Doma\u010di 2024-25 Steven Gerrard 8"},"content":{"rendered":"<p>Majica za Liverpool Doma\u010di dresi 2024-25 je kombinacija rde\u010da, Bela in v krom rumeni barvi. Telo je rde\u010de, logotipi so rumeni, bela pa je uporabljena za sponzorske logotipe in podrobnosti.Kar omogo\u010da, da doma\u010di komplet Liverpool 24-25 izstopa, je dizajn na sprednji strani. Ima rumene \u010drte, ki tvorijo dizajn YNWA.<\/p>\n<p>Nasveti za nogavice: Majica ne vsebuje nogavic privzeto. \u010ce \u017eelite nogavice, izberite mo\u017enosti nogavic, da jih pla\u010date.<\/p>\n<p>Nasveti za tiskom: \u010ce sta ime in \u0161tevilka na sliki natanko to, kar \u017eelite, vam tega ni treba ve\u010d vna\u0161ati. \u010ce ni, potem vnesite \u017eeleno ime in \u0161tevilko.<\/p>\n<p>Nasveti za pranje: Priporo\u010dljivo je, da nogometni dresi operete ro\u010dno. \u010ce \u017eelite uporabiti pralni stroj, ne pozabite obrniti majice in jo nato oprati. In napolnite stroj s hladno vodo in uporabite ne\u017een cikel pranja, da boste bolj za\u0161\u010ditili barve.<\/p>","protected":false},"excerpt":{"rendered":"<p>Majica za Liverpool Doma\u010di dresi 2024-25 je kombinacija rde\u010da, Bela in v krom rumeni barvi. Telo je rde\u010de, logotipi so rumeni, bela pa je uporabljena za sponzorske logotipe in podrobnosti.Kar omogo\u010da, da doma\u010di komplet Liverpool 24-25 izstopa, je dizajn na sprednji strani. Ima rumene \u010drte, ki tvorijo dizajn YNWA. Nasveti za nogavice: Majica ne vsebuje [&hellip;]<\/p>","protected":false},"featured_media":17285,"comment_status":"open","ping_status":"closed","template":"","meta":[],"product_brand":[],"product_cat":[140,39],"product_tag":[589,296,150,148,295,147,1345],"class_list":{"0":"post-17283","1":"product","2":"type-product","3":"status-publish","4":"has-post-thumbnail","6":"product_cat-moski","7":"product_cat-nogometni-dresi-liverpool","8":"product_tag-dresi-liverpool-za-moski","9":"product_tag-moski-dresi-liverpool-z-lastnim-imenom","10":"product_tag-moski-nogometni-dresi","11":"product_tag-poceni-nogometni-dresi","12":"product_tag-poceni-nogometni-dresi-liverpool-z-lastnim-imenom-online","13":"product_tag-slovenski-nogometni-dresi","14":"product_tag-steven-gerrard-dresi","16":"first","17":"instock","18":"shipping-taxable","19":"purchasable","20":"product-type-variable"},"_links":{"self":[{"href":"https:\/\/www.nogometnizaotroke.com\/hr\/wp-json\/wp\/v2\/product\/17283","targetHints":{"allow":["GET"]}}],"collection":[{"href":"https:\/\/www.nogometnizaotroke.com\/hr\/wp-json\/wp\/v2\/product"}],"about":[{"href":"https:\/\/www.nogometnizaotroke.com\/hr\/wp-json\/wp\/v2\/types\/product"}],"replies":[{"embeddable":true,"href":"https:\/\/www.nogometnizaotroke.com\/hr\/wp-json\/wp\/v2\/comments?post=17283"}],"wp:featuredmedia":[{"embeddable":true,"href":"https:\/\/www.nogometnizaotroke.com\/hr\/wp-json\/wp\/v2\/media\/17285"}],"wp:attachment":[{"href":"https:\/\/www.nogometnizaotroke.com\/hr\/wp-json\/wp\/v2\/media?parent=17283"}],"wp:term":[{"taxonomy":"product_brand","embeddable":true,"href":"https:\/\/www.nogometnizaotroke.com\/hr\/wp-json\/wp\/v2\/product_brand?post=17283"},{"taxonomy":"product_cat","embeddable":true,"href":"https:\/\/www.nogometnizaotroke.com\/hr\/wp-json\/wp\/v2\/product_cat?post=17283"},{"taxonomy":"product_tag","embeddable":true,"href":"https:\/\/www.nogometnizaotroke.com\/hr\/wp-json\/wp\/v2\/product_tag?post=17283"}],"curies":[{"name":"wp","href":"https:\/\/api.w.org\/{rel}","templated":true}]}}