{"id":17168,"date":"2024-09-11T07:24:10","date_gmt":"2024-09-11T07:24:10","guid":{"rendered":"https:\/\/www.nogometnionline.com\/?post_type=product&#038;p=17168"},"modified":"2024-09-11T07:24:15","modified_gmt":"2024-09-11T07:24:15","slug":"poceni-nogometni-dresi-kompleti-atletico-madrid-tretji-2024-25-z-lastnim-imenom-online","status":"publish","type":"product","link":"https:\/\/www.nogometnizaotroke.com\/hr\/product\/poceni-nogometni-dresi-kompleti-atletico-madrid-tretji-2024-25-z-lastnim-imenom-online\/","title":{"rendered":"Poceni Nogometni dresi kompleti Atletico Madrid Tretji 2024-25 z lastnim imenom online"},"content":{"rendered":"<p>Tretji dres Atletica Madrida 2024\u201325 je prete\u017eno moder v kombinaciji z osupljivimi ro\u017enatimi poudarki. Uradne barve so &#8220;Blue Void\/Pink Glow&#8221;.Tako kot ostali tretji kompleti za sezono 24-25 ima tudi tretji komplet Atl\u00e9tico 2024-25 navpi\u010dni Swoosh, sestavljen iz velikega in majhnega.<\/p>\n<p>Nasveti za nogavice: Majica ne vsebuje nogavic privzeto. \u010ce \u017eelite nogavice, izberite mo\u017enosti nogavic, da jih pla\u010date.<\/p>\n<p>Nasveti za tiskom: \u010ce sta ime in \u0161tevilka na sliki natanko to, kar \u017eelite, vam tega ni treba ve\u010d vna\u0161ati. \u010ce ni, potem vnesite \u017eeleno ime in \u0161tevilko.<\/p>\n<p>Nasveti za pranje: Priporo\u010dljivo je, da nogometni dresi operete ro\u010dno. \u010ce \u017eelite uporabiti pralni stroj, ne pozabite obrniti majice in jo nato oprati. In napolnite stroj s hladno vodo in uporabite ne\u017een cikel pranja, da boste bolj za\u0161\u010ditili barve.<\/p>","protected":false},"excerpt":{"rendered":"<p>Tretji dres Atletica Madrida 2024\u201325 je prete\u017eno moder v kombinaciji z osupljivimi ro\u017enatimi poudarki. Uradne barve so &#8220;Blue Void\/Pink Glow&#8221;.Tako kot ostali tretji kompleti za sezono 24-25 ima tudi tretji komplet Atl\u00e9tico 2024-25 navpi\u010dni Swoosh, sestavljen iz velikega in majhnega. Nasveti za nogavice: Majica ne vsebuje nogavic privzeto. \u010ce \u017eelite nogavice, izberite mo\u017enosti nogavic, da [&hellip;]<\/p>","protected":false},"featured_media":17170,"comment_status":"open","ping_status":"closed","template":"","meta":[],"product_brand":[],"product_cat":[140,41],"product_tag":[150,514,1201,513,148,1200,193,147],"class_list":{"0":"post-17168","1":"product","2":"type-product","3":"status-publish","4":"has-post-thumbnail","6":"product_cat-moski","7":"product_cat-nogometni-dresi-atletico-madrid","8":"product_tag-moski-nogometni-dresi","9":"product_tag-nogometni-dresi-atletico-madrid-prodaja","10":"product_tag-nogometni-dresi-atletico-madrid-z-lastnim-imenom","11":"product_tag-nogometni-dresi-atletico-madrid-z-lastnim-tiskom","12":"product_tag-poceni-nogometni-dresi","13":"product_tag-poceni-nogometni-dresi-atletico-madrid","14":"product_tag-poceni-nogometni-dresi-atletico-madrid-z-lastnim-imenom-online","15":"product_tag-slovenski-nogometni-dresi","17":"first","18":"instock","19":"shipping-taxable","20":"purchasable","21":"product-type-variable"},"_links":{"self":[{"href":"https:\/\/www.nogometnizaotroke.com\/hr\/wp-json\/wp\/v2\/product\/17168","targetHints":{"allow":["GET"]}}],"collection":[{"href":"https:\/\/www.nogometnizaotroke.com\/hr\/wp-json\/wp\/v2\/product"}],"about":[{"href":"https:\/\/www.nogometnizaotroke.com\/hr\/wp-json\/wp\/v2\/types\/product"}],"replies":[{"embeddable":true,"href":"https:\/\/www.nogometnizaotroke.com\/hr\/wp-json\/wp\/v2\/comments?post=17168"}],"wp:featuredmedia":[{"embeddable":true,"href":"https:\/\/www.nogometnizaotroke.com\/hr\/wp-json\/wp\/v2\/media\/17170"}],"wp:attachment":[{"href":"https:\/\/www.nogometnizaotroke.com\/hr\/wp-json\/wp\/v2\/media?parent=17168"}],"wp:term":[{"taxonomy":"product_brand","embeddable":true,"href":"https:\/\/www.nogometnizaotroke.com\/hr\/wp-json\/wp\/v2\/product_brand?post=17168"},{"taxonomy":"product_cat","embeddable":true,"href":"https:\/\/www.nogometnizaotroke.com\/hr\/wp-json\/wp\/v2\/product_cat?post=17168"},{"taxonomy":"product_tag","embeddable":true,"href":"https:\/\/www.nogometnizaotroke.com\/hr\/wp-json\/wp\/v2\/product_tag?post=17168"}],"curies":[{"name":"wp","href":"https:\/\/api.w.org\/{rel}","templated":true}]}}