{"id":16938,"date":"2024-09-08T07:00:19","date_gmt":"2024-09-08T07:00:19","guid":{"rendered":"https:\/\/www.nogometnionline.com\/?post_type=product&#038;p=16938"},"modified":"2024-09-08T07:00:24","modified_gmt":"2024-09-08T07:00:24","slug":"moski-nogometni-dresi-za-ekipe-porto-domaci-2024-25","status":"publish","type":"product","link":"https:\/\/www.nogometnizaotroke.com\/hr\/product\/moski-nogometni-dresi-za-ekipe-porto-domaci-2024-25\/","title":{"rendered":"Mo\u0161ki Nogometni dresi za ekipe Porto Doma\u010di 2024-25"},"content":{"rendered":"<p>Doma\u010di dresi FC Porto 24\/25 je poklon bogati zgodovini kluba in strastnim navija\u010dem. Modre \u010drte imajo u\u010dinek zmajevega dima, ki predstavlja intenzivnost in strast navija\u010dev FC Porto, medtem ko oran\u017eni detajli na majici, kratkih hla\u010dah in nogavicah dodajo pridih \u017eivahnosti in modernosti.<\/p>\n<p>Nasveti za nogavice: Majica ne vsebuje nogavic privzeto. \u010ce \u017eelite nogavice, izberite mo\u017enosti nogavic, da jih pla\u010date.<\/p>\n<p>Nasveti za tiskom: \u010ce sta ime in \u0161tevilka na sliki natanko to, kar \u017eelite, vam tega ni treba ve\u010d vna\u0161ati. \u010ce ni, potem vnesite \u017eeleno ime in \u0161tevilko.<\/p>\n<p>Nasveti za pranje: Priporo\u010dljivo je, da nogometni dresi operete ro\u010dno. \u010ce \u017eelite uporabiti pralni stroj, ne pozabite obrniti majice in jo nato oprati. In napolnite stroj s hladno vodo in uporabite ne\u017een cikel pranja, da boste bolj za\u0161\u010ditili barve.<\/p>","protected":false},"excerpt":{"rendered":"<p>Doma\u010di dresi FC Porto 24\/25 je poklon bogati zgodovini kluba in strastnim navija\u010dem. Modre \u010drte imajo u\u010dinek zmajevega dima, ki predstavlja intenzivnost in strast navija\u010dev FC Porto, medtem ko oran\u017eni detajli na majici, kratkih hla\u010dah in nogavicah dodajo pridih \u017eivahnosti in modernosti. Nasveti za nogavice: Majica ne vsebuje nogavic privzeto. \u010ce \u017eelite nogavice, izberite mo\u017enosti [&hellip;]<\/p>","protected":false},"featured_media":16940,"comment_status":"open","ping_status":"closed","template":"","meta":[],"product_brand":[],"product_cat":[140,71],"product_tag":[152,150,153,592,148,593,147],"class_list":{"0":"post-16938","1":"product","2":"type-product","3":"status-publish","4":"has-post-thumbnail","6":"product_cat-moski","7":"product_cat-nogometni-dresi-porto","8":"product_tag-moski-nogometni-dres","9":"product_tag-moski-nogometni-dresi","10":"product_tag-nogometni-dresi","11":"product_tag-nogometni-dresi-porto-z-lastnim-imenom","12":"product_tag-poceni-nogometni-dresi","13":"product_tag-poceni-nogometni-dresi-porto","14":"product_tag-slovenski-nogometni-dresi","16":"first","17":"instock","18":"shipping-taxable","19":"purchasable","20":"product-type-variable"},"_links":{"self":[{"href":"https:\/\/www.nogometnizaotroke.com\/hr\/wp-json\/wp\/v2\/product\/16938","targetHints":{"allow":["GET"]}}],"collection":[{"href":"https:\/\/www.nogometnizaotroke.com\/hr\/wp-json\/wp\/v2\/product"}],"about":[{"href":"https:\/\/www.nogometnizaotroke.com\/hr\/wp-json\/wp\/v2\/types\/product"}],"replies":[{"embeddable":true,"href":"https:\/\/www.nogometnizaotroke.com\/hr\/wp-json\/wp\/v2\/comments?post=16938"}],"wp:featuredmedia":[{"embeddable":true,"href":"https:\/\/www.nogometnizaotroke.com\/hr\/wp-json\/wp\/v2\/media\/16940"}],"wp:attachment":[{"href":"https:\/\/www.nogometnizaotroke.com\/hr\/wp-json\/wp\/v2\/media?parent=16938"}],"wp:term":[{"taxonomy":"product_brand","embeddable":true,"href":"https:\/\/www.nogometnizaotroke.com\/hr\/wp-json\/wp\/v2\/product_brand?post=16938"},{"taxonomy":"product_cat","embeddable":true,"href":"https:\/\/www.nogometnizaotroke.com\/hr\/wp-json\/wp\/v2\/product_cat?post=16938"},{"taxonomy":"product_tag","embeddable":true,"href":"https:\/\/www.nogometnizaotroke.com\/hr\/wp-json\/wp\/v2\/product_tag?post=16938"}],"curies":[{"name":"wp","href":"https:\/\/api.w.org\/{rel}","templated":true}]}}