{"id":16739,"date":"2024-09-03T12:41:03","date_gmt":"2024-09-03T12:41:03","guid":{"rendered":"https:\/\/www.nogometnionline.com\/?post_type=product&#038;p=16739"},"modified":"2024-09-03T12:41:09","modified_gmt":"2024-09-03T12:41:09","slug":"nogometni-dresi-borussia-monchengladbach-gostujoci-2024-2025-manu-kone-17","status":"publish","type":"product","link":"https:\/\/www.nogometnizaotroke.com\/hr\/product\/nogometni-dresi-borussia-monchengladbach-gostujoci-2024-2025-manu-kone-17\/","title":{"rendered":"Nogometni dresi Borussia Monchengladbach Gostujo\u010di 2024-2025 Manu Kone 17"},"content":{"rendered":"<p>Dresi Borussia Monchengladbach Gostujo\u010di 2024-2025 je prete\u017eno zelen s \u010drno-belimi detajli. Na sprednji strani je viden enak vzorec kot na dresu.<\/p>\n<p>Nasveti za nogavice: Majica ne vsebuje nogavic privzeto. \u010ce \u017eelite nogavice, izberite mo\u017enosti nogavic, da jih pla\u010date.<\/p>\n<p>Nasveti za tiskom: \u010ce sta ime in \u0161tevilka na sliki natanko to, kar \u017eelite, vam tega ni treba ve\u010d vna\u0161ati. \u010ce ni, potem vnesite \u017eeleno ime in \u0161tevilko.<\/p>\n<p>Nasveti za pranje: Priporo\u010dljivo je, da nogometni dresi operete ro\u010dno. \u010ce \u017eelite uporabiti pralni stroj, ne pozabite obrniti majice in jo nato oprati. In napolnite stroj s hladno vodo in uporabite ne\u017een cikel pranja, da boste bolj za\u0161\u010ditili barve.<\/p>","protected":false},"excerpt":{"rendered":"<p>Dresi Borussia Monchengladbach Gostujo\u010di 2024-2025 je prete\u017eno zelen s \u010drno-belimi detajli. Na sprednji strani je viden enak vzorec kot na dresu. Nasveti za nogavice: Majica ne vsebuje nogavic privzeto. \u010ce \u017eelite nogavice, izberite mo\u017enosti nogavic, da jih pla\u010date. Nasveti za tiskom: \u010ce sta ime in \u0161tevilka na sliki natanko to, kar \u017eelite, vam tega ni [&hellip;]<\/p>","protected":false},"featured_media":16741,"comment_status":"open","ping_status":"closed","template":"","meta":[],"product_brand":[],"product_cat":[140,63],"product_tag":[1278,150,217,153,1275,148,1276,1277,147],"class_list":{"0":"post-16739","1":"product","2":"type-product","3":"status-publish","4":"has-post-thumbnail","6":"product_cat-moski","7":"product_cat-nogometni-dresi-borussia-monchengladbach","8":"product_tag-manu-kone-dresi","9":"product_tag-moski-nogometni-dresi","10":"product_tag-najcenejsi-nogometni-dresi","11":"product_tag-nogometni-dresi","12":"product_tag-nogometni-dresi-borussia-monchengladbach-z-lastnim-imenom","13":"product_tag-poceni-nogometni-dresi","14":"product_tag-poceni-nogometni-dresi-borussia-monchengladbach","15":"product_tag-poceni-nogometni-dresi-borussia-monchengladbach-z-lastnim-imenom-online","16":"product_tag-slovenski-nogometni-dresi","18":"first","19":"instock","20":"shipping-taxable","21":"purchasable","22":"product-type-variable"},"_links":{"self":[{"href":"https:\/\/www.nogometnizaotroke.com\/hr\/wp-json\/wp\/v2\/product\/16739","targetHints":{"allow":["GET"]}}],"collection":[{"href":"https:\/\/www.nogometnizaotroke.com\/hr\/wp-json\/wp\/v2\/product"}],"about":[{"href":"https:\/\/www.nogometnizaotroke.com\/hr\/wp-json\/wp\/v2\/types\/product"}],"replies":[{"embeddable":true,"href":"https:\/\/www.nogometnizaotroke.com\/hr\/wp-json\/wp\/v2\/comments?post=16739"}],"wp:featuredmedia":[{"embeddable":true,"href":"https:\/\/www.nogometnizaotroke.com\/hr\/wp-json\/wp\/v2\/media\/16741"}],"wp:attachment":[{"href":"https:\/\/www.nogometnizaotroke.com\/hr\/wp-json\/wp\/v2\/media?parent=16739"}],"wp:term":[{"taxonomy":"product_brand","embeddable":true,"href":"https:\/\/www.nogometnizaotroke.com\/hr\/wp-json\/wp\/v2\/product_brand?post=16739"},{"taxonomy":"product_cat","embeddable":true,"href":"https:\/\/www.nogometnizaotroke.com\/hr\/wp-json\/wp\/v2\/product_cat?post=16739"},{"taxonomy":"product_tag","embeddable":true,"href":"https:\/\/www.nogometnizaotroke.com\/hr\/wp-json\/wp\/v2\/product_tag?post=16739"}],"curies":[{"name":"wp","href":"https:\/\/api.w.org\/{rel}","templated":true}]}}