{"id":16570,"date":"2024-08-29T05:04:22","date_gmt":"2024-08-29T05:04:22","guid":{"rendered":"https:\/\/www.nogometnionline.com\/?post_type=product&#038;p=16570"},"modified":"2024-08-29T05:04:26","modified_gmt":"2024-08-29T05:04:26","slug":"otroski-nogometni-dresi-kompleti-za-otroke-poljska-gostujoci-ep-2024-z-lastnim-imenom","status":"publish","type":"product","link":"https:\/\/www.nogometnizaotroke.com\/hr\/product\/otroski-nogometni-dresi-kompleti-za-otroke-poljska-gostujoci-ep-2024-z-lastnim-imenom\/","title":{"rendered":"Otro\u0161ki Nogometni Dresi Kompleti za otroke Poljska Gostujo\u010di EP 2024 z lastnim imenom"},"content":{"rendered":"<p>Gostujo\u010di dres Poljske 2024 je veliko modernej\u0161i od doma\u010di dres.Nogometni dres Poljske Euro 2024 v gosteh je rde\u010d z nenavadno gradientno grafi\u010dno podobo v razli\u010dnih odtenkih oran\u017ene, kostanjeve in rde\u010de. Gradient je sestavljen iz kri\u017ea.<\/p>\n<p>Nasveti za nogavice: Majica ne vsebuje nogavic privzeto. \u010ce \u017eelite nogavice, izberite mo\u017enosti nogavic, da jih pla\u010date.<\/p>\n<p>Nasveti za tiskom: \u010ce sta ime in \u0161tevilka na sliki natanko to, kar \u017eelite, vam tega ni treba ve\u010d vna\u0161ati. \u010ce ni, potem vnesite \u017eeleno ime in \u0161tevilko.<\/p>\n<p>Nasveti za pranje: Priporo\u010dljivo je, da nogometni dresi operete ro\u010dno. \u010ce \u017eelite uporabiti pralni stroj, ne pozabite obrniti majice in jo nato oprati. In napolnite stroj s hladno vodo in uporabite ne\u017een cikel pranja, da boste bolj za\u0161\u010ditili barve.<\/p>","protected":false},"excerpt":{"rendered":"<p>Gostujo\u010di dres Poljske 2024 je veliko modernej\u0161i od doma\u010di dres.Nogometni dres Poljske Euro 2024 v gosteh je rde\u010d z nenavadno gradientno grafi\u010dno podobo v razli\u010dnih odtenkih oran\u017ene, kostanjeve in rde\u010de. Gradient je sestavljen iz kri\u017ea. Nasveti za nogavice: Majica ne vsebuje nogavic privzeto. \u010ce \u017eelite nogavice, izberite mo\u017enosti nogavic, da jih pla\u010date. Nasveti za tiskom: [&hellip;]<\/p>","protected":false},"featured_media":16572,"comment_status":"open","ping_status":"closed","template":"","meta":[],"product_brand":[],"product_cat":[73,98],"product_tag":[782,153,1237,159,768,148,1236,790,147],"class_list":{"0":"post-16570","1":"product","2":"type-product","3":"status-publish","4":"has-post-thumbnail","6":"product_cat-otroski","7":"product_cat-dresi-poljska-reprezentance","8":"product_tag-euro-2024-dresi","9":"product_tag-nogometni-dresi","10":"product_tag-otroske-poljska-ep-2024-dresi-za-nogomet","11":"product_tag-otroski-nogometni-dresi","12":"product_tag-poceni-moski-nogometni-dresi","13":"product_tag-poceni-nogometni-dresi","14":"product_tag-poljska-ep-2024-nogometni-dresi-za-otroske","15":"product_tag-poljska-euro-2024-dresi","16":"product_tag-slovenski-nogometni-dresi","18":"first","19":"instock","20":"shipping-taxable","21":"purchasable","22":"product-type-variable"},"_links":{"self":[{"href":"https:\/\/www.nogometnizaotroke.com\/hr\/wp-json\/wp\/v2\/product\/16570","targetHints":{"allow":["GET"]}}],"collection":[{"href":"https:\/\/www.nogometnizaotroke.com\/hr\/wp-json\/wp\/v2\/product"}],"about":[{"href":"https:\/\/www.nogometnizaotroke.com\/hr\/wp-json\/wp\/v2\/types\/product"}],"replies":[{"embeddable":true,"href":"https:\/\/www.nogometnizaotroke.com\/hr\/wp-json\/wp\/v2\/comments?post=16570"}],"wp:featuredmedia":[{"embeddable":true,"href":"https:\/\/www.nogometnizaotroke.com\/hr\/wp-json\/wp\/v2\/media\/16572"}],"wp:attachment":[{"href":"https:\/\/www.nogometnizaotroke.com\/hr\/wp-json\/wp\/v2\/media?parent=16570"}],"wp:term":[{"taxonomy":"product_brand","embeddable":true,"href":"https:\/\/www.nogometnizaotroke.com\/hr\/wp-json\/wp\/v2\/product_brand?post=16570"},{"taxonomy":"product_cat","embeddable":true,"href":"https:\/\/www.nogometnizaotroke.com\/hr\/wp-json\/wp\/v2\/product_cat?post=16570"},{"taxonomy":"product_tag","embeddable":true,"href":"https:\/\/www.nogometnizaotroke.com\/hr\/wp-json\/wp\/v2\/product_tag?post=16570"}],"curies":[{"name":"wp","href":"https:\/\/api.w.org\/{rel}","templated":true}]}}