{"id":16502,"date":"2024-08-28T03:48:39","date_gmt":"2024-08-28T03:48:39","guid":{"rendered":"https:\/\/www.nogometnionline.com\/?post_type=product&#038;p=16502"},"modified":"2024-08-28T03:48:43","modified_gmt":"2024-08-28T03:48:43","slug":"poceni-moski-nogometni-dresi-inter-milan-gostujoci-2024-25-bela-nicolo-barella-23","status":"publish","type":"product","link":"https:\/\/www.nogometnizaotroke.com\/hr\/product\/poceni-moski-nogometni-dresi-inter-milan-gostujoci-2024-25-bela-nicolo-barella-23\/","title":{"rendered":"Poceni Mo\u0161ki Nogometni dresi Inter Milan Gostujo\u010di 2024-25 bela Nicolo Barella 23"},"content":{"rendered":"<p>Novi dizajn Inter Milan 2024\/25 Gostujo\u010di dresi prevladuje sve\u017ea bela podlaga, ki simbolizira utele\u0161enje milanskega sloga in elegance. To neokrnjeno platno je premi\u0161ljeno poudarjeno s subtilnimi sivimi toni, barvo, ki je globoko zakoreninjena v DNK Interja, ki krasi ramena, prsi in rokave.V sredi\u0161\u010du nadomestnega dresi 2024\/25 je identiteta milanskega Vinterja ponosno prikazana z vrnitvijo motiva ribarnice. Klubska zna\u010dka z monogramom in dve zvezdi, ki predstavljata zdaj \u017ee dvajset Sudetov, sta na vidnem mestu nad srcem in stalen opomnik na slavno zgodovino ekipe. Dodatek klasi\u010dnega ovratnika dizajnu srajce vzbuja ob\u010dutek nostalgije in obuja spomine na ne\u0161teto nepozabnih trenutkov v nogometni zgodovini.<\/p>\n<p>Nasveti za nogavice: Majica ne vsebuje nogavic privzeto. \u010ce \u017eelite nogavice, izberite mo\u017enosti nogavic, da jih pla\u010date.<\/p>\n<p>Nasveti za tiskom: \u010ce sta ime in \u0161tevilka na sliki natanko to, kar \u017eelite, vam tega ni treba ve\u010d vna\u0161ati. \u010ce ni, potem vnesite \u017eeleno ime in \u0161tevilko.<\/p>\n<p>Nasveti za pranje: Priporo\u010dljivo je, da nogometni dresi operete ro\u010dno. \u010ce \u017eelite uporabiti pralni stroj, ne pozabite obrniti majice in jo nato oprati. In napolnite stroj s hladno vodo in uporabite ne\u017een cikel pranja, da boste bolj za\u0161\u010ditili barve.<\/p>","protected":false},"excerpt":{"rendered":"<p>Novi dizajn Inter Milan 2024\/25 Gostujo\u010di dresi prevladuje sve\u017ea bela podlaga, ki simbolizira utele\u0161enje milanskega sloga in elegance. To neokrnjeno platno je premi\u0161ljeno poudarjeno s subtilnimi sivimi toni, barvo, ki je globoko zakoreninjena v DNK Interja, ki krasi ramena, prsi in rokave.V sredi\u0161\u010du nadomestnega dresi 2024\/25 je identiteta milanskega Vinterja ponosno prikazana z vrnitvijo motiva [&hellip;]<\/p>","protected":false},"featured_media":16504,"comment_status":"open","ping_status":"closed","template":"","meta":[],"product_brand":[],"product_cat":[140,47],"product_tag":[150,1225,153,480,479,148,197,147],"class_list":{"0":"post-16502","1":"product","2":"type-product","3":"status-publish","4":"has-post-thumbnail","6":"product_cat-moski","7":"product_cat-nogometni-dresi-inter-milan","8":"product_tag-moski-nogometni-dresi","9":"product_tag-nicolo-barella-dresi","10":"product_tag-nogometni-dresi","11":"product_tag-nogometni-dresi-inter-milan-prodaja","12":"product_tag-nogometni-dresi-inter-milan-z-lastnim-tiskom","13":"product_tag-poceni-nogometni-dresi","14":"product_tag-poceni-nogometni-dresi-inter-milan-z-lastnim-imenom-online","15":"product_tag-slovenski-nogometni-dresi","17":"first","18":"instock","19":"shipping-taxable","20":"purchasable","21":"product-type-variable"},"_links":{"self":[{"href":"https:\/\/www.nogometnizaotroke.com\/hr\/wp-json\/wp\/v2\/product\/16502","targetHints":{"allow":["GET"]}}],"collection":[{"href":"https:\/\/www.nogometnizaotroke.com\/hr\/wp-json\/wp\/v2\/product"}],"about":[{"href":"https:\/\/www.nogometnizaotroke.com\/hr\/wp-json\/wp\/v2\/types\/product"}],"replies":[{"embeddable":true,"href":"https:\/\/www.nogometnizaotroke.com\/hr\/wp-json\/wp\/v2\/comments?post=16502"}],"wp:featuredmedia":[{"embeddable":true,"href":"https:\/\/www.nogometnizaotroke.com\/hr\/wp-json\/wp\/v2\/media\/16504"}],"wp:attachment":[{"href":"https:\/\/www.nogometnizaotroke.com\/hr\/wp-json\/wp\/v2\/media?parent=16502"}],"wp:term":[{"taxonomy":"product_brand","embeddable":true,"href":"https:\/\/www.nogometnizaotroke.com\/hr\/wp-json\/wp\/v2\/product_brand?post=16502"},{"taxonomy":"product_cat","embeddable":true,"href":"https:\/\/www.nogometnizaotroke.com\/hr\/wp-json\/wp\/v2\/product_cat?post=16502"},{"taxonomy":"product_tag","embeddable":true,"href":"https:\/\/www.nogometnizaotroke.com\/hr\/wp-json\/wp\/v2\/product_tag?post=16502"}],"curies":[{"name":"wp","href":"https:\/\/api.w.org\/{rel}","templated":true}]}}