{"id":16374,"date":"2024-08-25T10:22:41","date_gmt":"2024-08-25T10:22:41","guid":{"rendered":"https:\/\/www.nogometnionline.com\/?post_type=product&#038;p=16374"},"modified":"2024-08-25T10:22:46","modified_gmt":"2024-08-25T10:22:46","slug":"poceni-moski-nogometni-dresi-chelsea-gostujoci-2024-25-enzo-fernandez-8","status":"publish","type":"product","link":"https:\/\/www.nogometnizaotroke.com\/hr\/product\/poceni-moski-nogometni-dresi-chelsea-gostujoci-2024-25-enzo-fernandez-8\/","title":{"rendered":"Poceni Mo\u0161ki Nogometni dresi Chelsea Gostujo\u010di 2024-25 Enzo Fernandez 8"},"content":{"rendered":"<p>Tema \u2018Blue Blame\u2019 iz tega doma\u010dega dresa FC Chelsea 24\/25 se raz\u0161iri na gostujo\u010do majico in poudarja skupno ambicioznost kluba, gore\u010do strast in odlo\u010denost za uspeh. Osupljiva oran\u017ena poudarjena barva simbolizira ogenj, ki predstavlja kolektivni zagon vseh, ki so povezani s Chelseajem, tako na igri\u0161\u010du kot izven njega. Slogan \u00bbTogether, We Burn Blue\u00ab povzema ta etos, ki odra\u017ea enotnost in intenzivnost, ki ju \u017eeli klub vnesti v novo sezono.Nadomestna majica Chelsea 2024\/25 ima tkano tkanino v \u201cguava ice\u201d, svetlej\u0161em odtenku oran\u017ene barve, ki uvaja \u010disto, mladostno in trendovsko estetiko. Ta izbira barve ne prina\u0161a le sve\u017eega videza, ampak tudi dopolnjuje bolj tradicionalne barve, povezane s Chelsea. Dizajn \u017eeli pritegniti tako igralce kot navija\u010de, saj ponuja sodoben, a brez\u010dasen videz, ki je usklajen s trenutnimi modnimi trendi.<\/p>\n<p>Nasveti za nogavice: Majica ne vsebuje nogavic privzeto. \u010ce \u017eelite nogavice, izberite mo\u017enosti nogavic, da jih pla\u010date.<\/p>\n<p>Nasveti za tiskom: \u010ce sta ime in \u0161tevilka na sliki natanko to, kar \u017eelite, vam tega ni treba ve\u010d vna\u0161ati. \u010ce ni, potem vnesite \u017eeleno ime in \u0161tevilko.<\/p>\n<p>Nasveti za pranje: Priporo\u010dljivo je, da nogometni dresi operete ro\u010dno. \u010ce \u017eelite uporabiti pralni stroj, ne pozabite obrniti majice in jo nato oprati. In napolnite stroj s hladno vodo in uporabite ne\u017een cikel pranja, da boste bolj za\u0161\u010ditili barve.<\/p>","protected":false},"excerpt":{"rendered":"<p>Tema \u2018Blue Blame\u2019 iz tega doma\u010dega dresa FC Chelsea 24\/25 se raz\u0161iri na gostujo\u010do majico in poudarja skupno ambicioznost kluba, gore\u010do strast in odlo\u010denost za uspeh. Osupljiva oran\u017ena poudarjena barva simbolizira ogenj, ki predstavlja kolektivni zagon vseh, ki so povezani s Chelseajem, tako na igri\u0161\u010du kot izven njega. Slogan \u00bbTogether, We Burn Blue\u00ab povzema ta [&hellip;]<\/p>","protected":false},"featured_media":16376,"comment_status":"open","ping_status":"closed","template":"","meta":[],"product_brand":[],"product_cat":[140,43],"product_tag":[1038,150,153,1044,148,1043,147],"class_list":{"0":"post-16374","1":"product","2":"type-product","3":"status-publish","4":"has-post-thumbnail","6":"product_cat-moski","7":"product_cat-nogometni-dresi-chelsea","8":"product_tag-enzo-fernandez-dresi","9":"product_tag-moski-nogometni-dresi","10":"product_tag-nogometni-dresi","11":"product_tag-nogometni-dresi-chelsea-z-lastnim-imenom","12":"product_tag-poceni-nogometni-dresi","13":"product_tag-poceni-nogometni-dresi-chelsea","14":"product_tag-slovenski-nogometni-dresi","16":"first","17":"instock","18":"shipping-taxable","19":"purchasable","20":"product-type-variable"},"_links":{"self":[{"href":"https:\/\/www.nogometnizaotroke.com\/hr\/wp-json\/wp\/v2\/product\/16374","targetHints":{"allow":["GET"]}}],"collection":[{"href":"https:\/\/www.nogometnizaotroke.com\/hr\/wp-json\/wp\/v2\/product"}],"about":[{"href":"https:\/\/www.nogometnizaotroke.com\/hr\/wp-json\/wp\/v2\/types\/product"}],"replies":[{"embeddable":true,"href":"https:\/\/www.nogometnizaotroke.com\/hr\/wp-json\/wp\/v2\/comments?post=16374"}],"wp:featuredmedia":[{"embeddable":true,"href":"https:\/\/www.nogometnizaotroke.com\/hr\/wp-json\/wp\/v2\/media\/16376"}],"wp:attachment":[{"href":"https:\/\/www.nogometnizaotroke.com\/hr\/wp-json\/wp\/v2\/media?parent=16374"}],"wp:term":[{"taxonomy":"product_brand","embeddable":true,"href":"https:\/\/www.nogometnizaotroke.com\/hr\/wp-json\/wp\/v2\/product_brand?post=16374"},{"taxonomy":"product_cat","embeddable":true,"href":"https:\/\/www.nogometnizaotroke.com\/hr\/wp-json\/wp\/v2\/product_cat?post=16374"},{"taxonomy":"product_tag","embeddable":true,"href":"https:\/\/www.nogometnizaotroke.com\/hr\/wp-json\/wp\/v2\/product_tag?post=16374"}],"curies":[{"name":"wp","href":"https:\/\/api.w.org\/{rel}","templated":true}]}}