{"id":16203,"date":"2024-08-21T03:53:24","date_gmt":"2024-08-21T03:53:24","guid":{"rendered":"https:\/\/www.nogometnionline.com\/?post_type=product&#038;p=16203"},"modified":"2024-08-21T03:53:28","modified_gmt":"2024-08-21T03:53:28","slug":"otroski-nogometni-dresi-kompleti-za-otroke-liverpool-gostujoci-2024-25-mohamed-salah-11","status":"publish","type":"product","link":"https:\/\/www.nogometnizaotroke.com\/hr\/product\/otroski-nogometni-dresi-kompleti-za-otroke-liverpool-gostujoci-2024-25-mohamed-salah-11\/","title":{"rendered":"Otro\u0161ki Nogometni dresi kompleti za otroke Liverpool Gostujo\u010di 2024-25 Mohamed Salah 11"},"content":{"rendered":"<p>Dizajn gostujo\u010dega dresa Liverpool FC 2024\/25 mojstrsko zdru\u017euje tradicijo s sodobnostjo in vklju\u010duje temno zeleno osnovo s poudarkom na antracitih, spranih Tea odtenkih in odtenkih jader. Ti kontrastni elementi so vidno prikazani na man\u0161etah in notranji oblogi nogometne majice in kratkih hla\u010d ter ustvarjajo vizualno privla\u010den in koheziven videz.<\/p>\n<p>Gostujo\u010di dres Liverpool FC 2024\/25 ima edinstven slog imena in \u0161tevilke, ki ga navdihujejo zgodovinski uli\u010dni znaki Liverpoola. Ta ustvarjalni pridih dodaja osebno povezavo med ekipo, mestom in bazo njegovih strastnih obo\u017eevalcev. Poleg tega je grafika kompleta natisnjena s \u010drnili na vodni osnovi, kar dokazuje zavezanost kluba k trajnosti, kar je v skladu z okolju prijaznimi praksami pri proizvodnji \u0161portnih obla\u010dil.<\/p>\n<p>Nasveti za nogavice: Majica ne vsebuje nogavic privzeto. \u010ce \u017eelite nogavice, izberite mo\u017enosti nogavic, da jih pla\u010date.<\/p>\n<p>Nasveti za tiskom: \u010ce sta ime in \u0161tevilka na sliki natanko to, kar \u017eelite, vam tega ni treba ve\u010d vna\u0161ati. \u010ce ni, potem vnesite \u017eeleno ime in \u0161tevilko.<\/p>\n<p>Nasveti za pranje: Priporo\u010dljivo je, da nogometni dresi operete ro\u010dno. \u010ce \u017eelite uporabiti pralni stroj, ne pozabite obrniti majice in jo nato oprati. In napolnite stroj s hladno vodo in uporabite ne\u017een cikel pranja, da boste bolj za\u0161\u010ditili barve.<\/p>","protected":false},"excerpt":{"rendered":"<p>Dizajn gostujo\u010dega dresa Liverpool FC 2024\/25 mojstrsko zdru\u017euje tradicijo s sodobnostjo in vklju\u010duje temno zeleno osnovo s poudarkom na antracitih, spranih Tea odtenkih in odtenkih jader. Ti kontrastni elementi so vidno prikazani na man\u0161etah in notranji oblogi nogometne majice in kratkih hla\u010d ter ustvarjajo vizualno privla\u010den in koheziven videz. Gostujo\u010di dres Liverpool FC 2024\/25 ima [&hellip;]<\/p>","protected":false},"featured_media":16205,"comment_status":"open","ping_status":"closed","template":"","meta":[],"product_brand":[],"product_cat":[73,39],"product_tag":[876,837,875,943,284,159,148,295,147],"class_list":{"0":"post-16203","1":"product","2":"type-product","3":"status-publish","4":"has-post-thumbnail","6":"product_cat-otroski","7":"product_cat-nogometni-dresi-liverpool","8":"product_tag-dresi-liverpool-za-otroski","9":"product_tag-dresi-za-nogomet","10":"product_tag-liverpool-dresi-2024","11":"product_tag-mohamed-salah-dresi","12":"product_tag-otroski-dresi-liverpool-z-lastnim-imenom","13":"product_tag-otroski-nogometni-dresi","14":"product_tag-poceni-nogometni-dresi","15":"product_tag-poceni-nogometni-dresi-liverpool-z-lastnim-imenom-online","16":"product_tag-slovenski-nogometni-dresi","18":"first","19":"instock","20":"shipping-taxable","21":"purchasable","22":"product-type-variable"},"_links":{"self":[{"href":"https:\/\/www.nogometnizaotroke.com\/hr\/wp-json\/wp\/v2\/product\/16203","targetHints":{"allow":["GET"]}}],"collection":[{"href":"https:\/\/www.nogometnizaotroke.com\/hr\/wp-json\/wp\/v2\/product"}],"about":[{"href":"https:\/\/www.nogometnizaotroke.com\/hr\/wp-json\/wp\/v2\/types\/product"}],"replies":[{"embeddable":true,"href":"https:\/\/www.nogometnizaotroke.com\/hr\/wp-json\/wp\/v2\/comments?post=16203"}],"wp:featuredmedia":[{"embeddable":true,"href":"https:\/\/www.nogometnizaotroke.com\/hr\/wp-json\/wp\/v2\/media\/16205"}],"wp:attachment":[{"href":"https:\/\/www.nogometnizaotroke.com\/hr\/wp-json\/wp\/v2\/media?parent=16203"}],"wp:term":[{"taxonomy":"product_brand","embeddable":true,"href":"https:\/\/www.nogometnizaotroke.com\/hr\/wp-json\/wp\/v2\/product_brand?post=16203"},{"taxonomy":"product_cat","embeddable":true,"href":"https:\/\/www.nogometnizaotroke.com\/hr\/wp-json\/wp\/v2\/product_cat?post=16203"},{"taxonomy":"product_tag","embeddable":true,"href":"https:\/\/www.nogometnizaotroke.com\/hr\/wp-json\/wp\/v2\/product_tag?post=16203"}],"curies":[{"name":"wp","href":"https:\/\/api.w.org\/{rel}","templated":true}]}}